{"id":15875,"date":"2023-01-23T12:02:27","date_gmt":"2023-01-23T10:02:27","guid":{"rendered":"https:\/\/setra.mk\/?post_type=product&#038;p=15875"},"modified":"2025-03-24T13:42:29","modified_gmt":"2025-03-24T11:42:29","slug":"mercusys-mw150us-n150-wireless-nano-usb-adapter","status":"publish","type":"product","link":"https:\/\/setra.mk\/en\/product\/mercusys-mw150us-n150-wireless-nano-usb-adapter\/","title":{"rendered":"Mercusys MW150US N150 Wireless Nano USB Adapter"},"content":{"rendered":"<ul class=\"\">\n<li>Compact, convenient solution to make your device wireless<\/li>\n<li>Perfect for essential Internet applications such as web browsing, email, and chatting<\/li>\n<li>Supports Windows 11\/10\/8.1\/8\/7\/XP (32\/64bit)\n<dl class=\"spec clearfix\">\n<dt class=\"spec-title item-title\">Wireless<\/dt>\n<\/dl>\n<dl class=\"spec-content\">\n<dt data-catid=\"1610\">Wireless Standards<\/dt>\n<dd>IEEE 802.11n, IEEE 802.11g, IEEE 802.11b<\/dd>\n<dt data-catid=\"1611\">Frequency<\/dt>\n<dd>2.400 &#8211; 2.4835GHz<\/dd>\n<dt data-catid=\"1459\">WiFi Speeds<\/dt>\n<dd>11n: Up to 150Mbps (Dynamic)<\/p>\n<p>11g: Up to 54Mbps (Dynamic)<\/p>\n<p>11b: Up to 11Mbps (Dynamic)<\/dd>\n<dt data-catid=\"1625\">Reception Sensitivity<\/dt>\n<dd>\u2022 130M: -65dBm@10% PER\u00a0 \u00a0 \u2022 11M: -85dBm@8% PER<br \/>\n\u2022 108M: -68dBm@10% PER\u00a0 \u00a0 \u2022 6 M: -88dBm@10% PER<br \/>\n\u2022 54M: -68dBm@10% PER\u00a0 \u00a0 \u00a0 \u2022 1 M: -90dBm@8% PER<\/dd>\n<dt data-catid=\"5412\">Transmission Power<\/dt>\n<dd><20dBm<\/dd>\n<dt data-catid=\"5413\">Wireless Security<\/dt>\n<dd>WEP, WPA\/WPA2, WPA-PSK\/WPA2-PSK<\/dd>\n<\/dl>\n<dl class=\"spec clearfix\">\n<dt class=\"spec-title item-title\">Hardware<\/dt>\n<\/dl>\n<dl class=\"spec-content\">\n<dt data-catid=\"603\">Dimensions<\/dt>\n<dd>0.74 \u00d7 0.58 \u00d7 0.27 in. (18.9 \u00d7 14.8 \u00d7 6.85 mm)<\/dd>\n<dt data-catid=\"3853\">Interfaces<\/dt>\n<dd>USB 2.0<\/dd>\n<dt data-catid=\"605\">Antenna Type<\/dt>\n<dd>Internal<\/dd>\n<\/dl>\n<dl class=\"spec clearfix\">\n<dt class=\"spec-title item-title\">Others<\/dt>\n<\/dl>\n<dl class=\"spec-content\">\n<dt data-catid=\"5409\">Certifications<\/dt>\n<dd>CE, ROHS<\/dd>\n<dt data-catid=\"5410\">Package Contents<\/dt>\n<dd>N150 Wireless Nano USB Adapter<\/p>\n<p>MW150US<\/p>\n<p>Quick installation guide<\/p>\n<p>Resource CD<\/dd>\n<dt data-catid=\"5411\">Environment<\/dt>\n<dd>Operating temperature: 0\u2070C ~40\u2070C (32\u2070F ~104\u2070F)<\/p>\n<p>Storage temperature: -40\u2070C~70\u2070C (-40\u2070F~158\u2070F)<\/p>\n<p>Operating humidity: 10%~ 90% non-condensing<\/p>\n<p>Storage humidity: 5%~90% non-condensing<\/dd>\n<dt data-catid=\"5414\">System Requirements<\/dt>\n<dd>Windows 11\/10\/8.1\/8\/7\/XP<\/dd>\n<\/dl>\n<\/li>\n<\/ul>\n","protected":false},"excerpt":{"rendered":"<p>\u0413\u0430\u0440\u0430\u043d\u0446\u0438\u0458\u0430: 12 \u043c\u0435\u0441\u0435\u0446\u0438<\/p>\n","protected":false},"featured_media":15882,"template":"","meta":{"rs_blank_template":"","rs_page_bg_color":"","slide_template_v7":""},"product_brand":[],"product_cat":[265,268],"product_tag":[],"class_list":{"0":"post-15875","1":"product","2":"type-product","3":"status-publish","4":"has-post-thumbnail","6":"product_cat-networking","7":"product_cat-network-adapters","8":"Brend-mercusys","10":"first","11":"instock","12":"taxable","13":"shipping-taxable","14":"purchasable","15":"product-type-simple"},"yoast_head":"<!-- This site is optimized with the Yoast SEO plugin v27.4 - https:\/\/yoast.com\/product\/yoast-seo-wordpress\/ -->\n<title>Mercusys MW150US N150 Wireless Nano USB Adapter<\/title>\n<meta name=\"robots\" content=\"index, follow, max-snippet:-1, max-image-preview:large, max-video-preview:-1\" \/>\n<link rel=\"canonical\" href=\"https:\/\/setra.mk\/en\/product\/mercusys-mw150us-n150-wireless-nano-usb-adapter\/\" \/>\n<meta property=\"og:locale\" content=\"en_US\" \/>\n<meta property=\"og:locale:alternate\" content=\"mk_MK\" \/>\n<meta property=\"og:type\" content=\"article\" \/>\n<meta property=\"og:title\" content=\"Mercusys MW150US N150 Wireless Nano USB Adapter\" \/>\n<meta property=\"og:description\" content=\"\u0413\u0430\u0440\u0430\u043d\u0446\u0438\u0458\u0430: 12 \u043c\u0435\u0441\u0435\u0446\u0438\" \/>\n<meta property=\"og:url\" content=\"https:\/\/setra.mk\/en\/product\/mercusys-mw150us-n150-wireless-nano-usb-adapter\/\" \/>\n<meta property=\"og:site_name\" content=\"Setra\" \/>\n<meta property=\"article:publisher\" content=\"https:\/\/www.facebook.com\/itmarketsetra\/\" \/>\n<meta property=\"article:modified_time\" content=\"2025-03-24T11:42:29+00:00\" \/>\n<meta property=\"og:image\" content=\"https:\/\/setra.mk\/wp-content\/uploads\/2023\/01\/Mercusys-MW150US-1200x630-1.jpg\" \/>\n\t<meta property=\"og:image:width\" content=\"1200\" \/>\n\t<meta property=\"og:image:height\" content=\"630\" \/>\n\t<meta property=\"og:image:type\" content=\"image\/jpeg\" \/>\n<meta name=\"twitter:card\" content=\"summary_large_image\" \/>\n<meta name=\"twitter:label1\" content=\"Est. reading time\" \/>\n\t<meta name=\"twitter:data1\" content=\"1 minute\" \/>\n<script type=\"application\/ld+json\" class=\"yoast-schema-graph\">{\"@context\":\"https:\\\/\\\/schema.org\",\"@graph\":[{\"@type\":\"WebPage\",\"@id\":\"https:\\\/\\\/setra.mk\\\/product\\\/mercusys-mw150us-n150-wireless-nano-usb-adapter\\\/\",\"url\":\"https:\\\/\\\/setra.mk\\\/product\\\/mercusys-mw150us-n150-wireless-nano-usb-adapter\\\/\",\"name\":\"Mercusys MW150US N150 Wireless Nano USB Adapter\",\"isPartOf\":{\"@id\":\"https:\\\/\\\/setra.mk\\\/#website\"},\"primaryImageOfPage\":{\"@id\":\"https:\\\/\\\/setra.mk\\\/product\\\/mercusys-mw150us-n150-wireless-nano-usb-adapter\\\/#primaryimage\"},\"image\":{\"@id\":\"https:\\\/\\\/setra.mk\\\/product\\\/mercusys-mw150us-n150-wireless-nano-usb-adapter\\\/#primaryimage\"},\"thumbnailUrl\":\"https:\\\/\\\/setra.mk\\\/wp-content\\\/uploads\\\/2023\\\/01\\\/Mercusys-MW150US.jpg\",\"datePublished\":\"2023-01-23T10:02:27+00:00\",\"dateModified\":\"2025-03-24T11:42:29+00:00\",\"breadcrumb\":{\"@id\":\"https:\\\/\\\/setra.mk\\\/product\\\/mercusys-mw150us-n150-wireless-nano-usb-adapter\\\/#breadcrumb\"},\"inLanguage\":\"en-US\",\"potentialAction\":[{\"@type\":\"ReadAction\",\"target\":[\"https:\\\/\\\/setra.mk\\\/product\\\/mercusys-mw150us-n150-wireless-nano-usb-adapter\\\/\"]}]},{\"@type\":\"ImageObject\",\"inLanguage\":\"en-US\",\"@id\":\"https:\\\/\\\/setra.mk\\\/product\\\/mercusys-mw150us-n150-wireless-nano-usb-adapter\\\/#primaryimage\",\"url\":\"https:\\\/\\\/setra.mk\\\/wp-content\\\/uploads\\\/2023\\\/01\\\/Mercusys-MW150US.jpg\",\"contentUrl\":\"https:\\\/\\\/setra.mk\\\/wp-content\\\/uploads\\\/2023\\\/01\\\/Mercusys-MW150US.jpg\",\"width\":900,\"height\":900},{\"@type\":\"BreadcrumbList\",\"@id\":\"https:\\\/\\\/setra.mk\\\/product\\\/mercusys-mw150us-n150-wireless-nano-usb-adapter\\\/#breadcrumb\",\"itemListElement\":[{\"@type\":\"ListItem\",\"position\":1,\"name\":\"Home\",\"item\":\"https:\\\/\\\/setra.mk\\\/\"},{\"@type\":\"ListItem\",\"position\":2,\"name\":\"\u041f\u0440\u043e\u0438\u0437\u0432\u043e\u0434\u0438\",\"item\":\"https:\\\/\\\/setra.mk\\\/shop\\\/\"},{\"@type\":\"ListItem\",\"position\":3,\"name\":\"Mercusys MW150US N150 Wireless Nano USB Adapter\"}]},{\"@type\":\"WebSite\",\"@id\":\"https:\\\/\\\/setra.mk\\\/#website\",\"url\":\"https:\\\/\\\/setra.mk\\\/\",\"name\":\"Setra\",\"description\":\"\u0414\u041e\u041e\u0415\u041b \u0421\u043a\u043e\u043f\u0458\u0435\",\"publisher\":{\"@id\":\"https:\\\/\\\/setra.mk\\\/#organization\"},\"potentialAction\":[{\"@type\":\"SearchAction\",\"target\":{\"@type\":\"EntryPoint\",\"urlTemplate\":\"https:\\\/\\\/setra.mk\\\/?s={search_term_string}\"},\"query-input\":{\"@type\":\"PropertyValueSpecification\",\"valueRequired\":true,\"valueName\":\"search_term_string\"}}],\"inLanguage\":\"en-US\"},{\"@type\":\"Organization\",\"@id\":\"https:\\\/\\\/setra.mk\\\/#organization\",\"name\":\"\u0421\u0435\u0442\u0440\u0430 \u0414\u041e\u041e\u0415\u041b \u0421\u043a\u043e\u043f\u0458\u0435\",\"url\":\"https:\\\/\\\/setra.mk\\\/\",\"logo\":{\"@type\":\"ImageObject\",\"inLanguage\":\"en-US\",\"@id\":\"https:\\\/\\\/setra.mk\\\/#\\\/schema\\\/logo\\\/image\\\/\",\"url\":\"https:\\\/\\\/setra.mk\\\/wp-content\\\/uploads\\\/2018\\\/05\\\/Setra-Logo-01.png\",\"contentUrl\":\"https:\\\/\\\/setra.mk\\\/wp-content\\\/uploads\\\/2018\\\/05\\\/Setra-Logo-01.png\",\"width\":2145,\"height\":819,\"caption\":\"\u0421\u0435\u0442\u0440\u0430 \u0414\u041e\u041e\u0415\u041b \u0421\u043a\u043e\u043f\u0458\u0435\"},\"image\":{\"@id\":\"https:\\\/\\\/setra.mk\\\/#\\\/schema\\\/logo\\\/image\\\/\"},\"sameAs\":[\"https:\\\/\\\/www.facebook.com\\\/itmarketsetra\\\/\"]}]}<\/script>\n<!-- \/ Yoast SEO plugin. -->","yoast_head_json":{"title":"Mercusys MW150US N150 Wireless Nano USB Adapter","robots":{"index":"index","follow":"follow","max-snippet":"max-snippet:-1","max-image-preview":"max-image-preview:large","max-video-preview":"max-video-preview:-1"},"canonical":"https:\/\/setra.mk\/en\/product\/mercusys-mw150us-n150-wireless-nano-usb-adapter\/","og_locale":"en_US","og_type":"article","og_title":"[:mk]Mercusys MW150US N150 Wireless Nano USB Adapter[:] - Setra","og_description":"\u0413\u0430\u0440\u0430\u043d\u0446\u0438\u0458\u0430: 12 \u043c\u0435\u0441\u0435\u0446\u0438","og_url":"https:\/\/setra.mk\/en\/product\/mercusys-mw150us-n150-wireless-nano-usb-adapter\/","og_site_name":"Setra","article_publisher":"https:\/\/www.facebook.com\/itmarketsetra\/","article_modified_time":"2025-03-24T11:42:29+00:00","og_image":[{"width":1200,"height":630,"url":"https:\/\/setra.mk\/wp-content\/uploads\/2023\/01\/Mercusys-MW150US-1200x630-1.jpg","type":"image\/jpeg"}],"twitter_card":"summary_large_image","twitter_misc":{"Est. reading time":"1 minute"},"schema":{"@context":"https:\/\/schema.org","@graph":[{"@type":"WebPage","@id":"https:\/\/setra.mk\/product\/mercusys-mw150us-n150-wireless-nano-usb-adapter\/","url":"https:\/\/setra.mk\/product\/mercusys-mw150us-n150-wireless-nano-usb-adapter\/","name":"Mercusys MW150US N150 Wireless Nano USB Adapter","isPartOf":{"@id":"https:\/\/setra.mk\/#website"},"primaryImageOfPage":{"@id":"https:\/\/setra.mk\/product\/mercusys-mw150us-n150-wireless-nano-usb-adapter\/#primaryimage"},"image":{"@id":"https:\/\/setra.mk\/product\/mercusys-mw150us-n150-wireless-nano-usb-adapter\/#primaryimage"},"thumbnailUrl":"https:\/\/setra.mk\/wp-content\/uploads\/2023\/01\/Mercusys-MW150US.jpg","datePublished":"2023-01-23T10:02:27+00:00","dateModified":"2025-03-24T11:42:29+00:00","breadcrumb":{"@id":"https:\/\/setra.mk\/product\/mercusys-mw150us-n150-wireless-nano-usb-adapter\/#breadcrumb"},"inLanguage":"en-US","potentialAction":[{"@type":"ReadAction","target":["https:\/\/setra.mk\/product\/mercusys-mw150us-n150-wireless-nano-usb-adapter\/"]}]},{"@type":"ImageObject","inLanguage":"en-US","@id":"https:\/\/setra.mk\/product\/mercusys-mw150us-n150-wireless-nano-usb-adapter\/#primaryimage","url":"https:\/\/setra.mk\/wp-content\/uploads\/2023\/01\/Mercusys-MW150US.jpg","contentUrl":"https:\/\/setra.mk\/wp-content\/uploads\/2023\/01\/Mercusys-MW150US.jpg","width":900,"height":900},{"@type":"BreadcrumbList","@id":"https:\/\/setra.mk\/product\/mercusys-mw150us-n150-wireless-nano-usb-adapter\/#breadcrumb","itemListElement":[{"@type":"ListItem","position":1,"name":"Home","item":"https:\/\/setra.mk\/"},{"@type":"ListItem","position":2,"name":"\u041f\u0440\u043e\u0438\u0437\u0432\u043e\u0434\u0438","item":"https:\/\/setra.mk\/shop\/"},{"@type":"ListItem","position":3,"name":"Mercusys MW150US N150 Wireless Nano USB Adapter"}]},{"@type":"WebSite","@id":"https:\/\/setra.mk\/#website","url":"https:\/\/setra.mk\/","name":"Setra","description":"\u0414\u041e\u041e\u0415\u041b \u0421\u043a\u043e\u043f\u0458\u0435","publisher":{"@id":"https:\/\/setra.mk\/#organization"},"potentialAction":[{"@type":"SearchAction","target":{"@type":"EntryPoint","urlTemplate":"https:\/\/setra.mk\/?s={search_term_string}"},"query-input":{"@type":"PropertyValueSpecification","valueRequired":true,"valueName":"search_term_string"}}],"inLanguage":"en-US"},{"@type":"Organization","@id":"https:\/\/setra.mk\/#organization","name":"\u0421\u0435\u0442\u0440\u0430 \u0414\u041e\u041e\u0415\u041b \u0421\u043a\u043e\u043f\u0458\u0435","url":"https:\/\/setra.mk\/","logo":{"@type":"ImageObject","inLanguage":"en-US","@id":"https:\/\/setra.mk\/#\/schema\/logo\/image\/","url":"https:\/\/setra.mk\/wp-content\/uploads\/2018\/05\/Setra-Logo-01.png","contentUrl":"https:\/\/setra.mk\/wp-content\/uploads\/2018\/05\/Setra-Logo-01.png","width":2145,"height":819,"caption":"\u0421\u0435\u0442\u0440\u0430 \u0414\u041e\u041e\u0415\u041b \u0421\u043a\u043e\u043f\u0458\u0435"},"image":{"@id":"https:\/\/setra.mk\/#\/schema\/logo\/image\/"},"sameAs":["https:\/\/www.facebook.com\/itmarketsetra\/"]}]}},"_links":{"self":[{"href":"https:\/\/setra.mk\/en\/wp-json\/wp\/v2\/product\/15875","targetHints":{"allow":["GET"]}}],"collection":[{"href":"https:\/\/setra.mk\/en\/wp-json\/wp\/v2\/product"}],"about":[{"href":"https:\/\/setra.mk\/en\/wp-json\/wp\/v2\/types\/product"}],"wp:featuredmedia":[{"embeddable":true,"href":"https:\/\/setra.mk\/en\/wp-json\/wp\/v2\/media\/15882"}],"wp:attachment":[{"href":"https:\/\/setra.mk\/en\/wp-json\/wp\/v2\/media?parent=15875"}],"wp:term":[{"taxonomy":"product_brand","embeddable":true,"href":"https:\/\/setra.mk\/en\/wp-json\/wp\/v2\/product_brand?post=15875"},{"taxonomy":"product_cat","embeddable":true,"href":"https:\/\/setra.mk\/en\/wp-json\/wp\/v2\/product_cat?post=15875"},{"taxonomy":"product_tag","embeddable":true,"href":"https:\/\/setra.mk\/en\/wp-json\/wp\/v2\/product_tag?post=15875"}],"curies":[{"name":"wp","href":"https:\/\/api.w.org\/{rel}","templated":true}]}}