{"id":17903,"date":"2023-05-10T08:49:27","date_gmt":"2023-05-10T06:49:27","guid":{"rendered":"https:\/\/setra.mk\/?post_type=product&#038;p=17903"},"modified":"2025-03-20T12:59:33","modified_gmt":"2025-03-20T10:59:33","slug":"tp-link-m7200-4g-lte-router-mobile-wi-fi","status":"publish","type":"product","link":"https:\/\/setra.mk\/en\/product\/tp-link-m7200-4g-lte-router-mobile-wi-fi\/","title":{"rendered":"TP-Link M7200 4G LTE Router Mobile Wi-Fi"},"content":{"rendered":"<ul class=\"\">\n<li>Share with friends internet access for up to 10 devices simultaneously<\/li>\n<li>2000mAh battery for 8 hours of usage<\/li>\n<li>Supports the latest generation 4G FDD\/TDD-LTE, compatible with the network of most countries and regions<\/li>\n<li>Easy management with the tpMiFi App<\/li>\n<\/ul>\n<table>\n<thead>\n<tr id=\"tr_603\">\n<th colspan=\"2\"><a>HARDWARE FEATURES<\/a><\/th>\n<\/tr>\n<\/thead>\n<tbody>\n<tr id=\"tr_694\">\n<th width=\"35%\">Interface<\/th>\n<td width=\"65%\">1 micro USB port for power supply<br \/>\n1 SIM card slot<\/td>\n<\/tr>\n<tr id=\"tr_695\">\n<th width=\"35%\">Button<\/th>\n<td width=\"65%\">Power On\/Off<\/td>\n<\/tr>\n<tr id=\"tr_1111\">\n<th width=\"35%\">Power Supply<\/th>\n<td width=\"65%\">Internal 2000mAh Rechargeable Battery<\/td>\n<\/tr>\n<tr id=\"tr_2685\">\n<th width=\"35%\">Network Type<\/th>\n<td width=\"65%\">4G: FDD-LTE B1\/B3\/B7\/B8\/B20 (2100\/1800\/2600\/900\/800MHz)<br \/>\nTDD-LTE B38\/B40\/B41 (2600\/2300\/2500MHz)<br \/>\n3G: DC-HSPA+\/HSPA+\/HSPA\/UMTS B1\/B8 (2100\/900MHz)<\/td>\n<\/tr>\n<tr id=\"tr_1093\">\n<th width=\"35%\">Data Rates<\/th>\n<td width=\"65%\">DL: 150Mbps, UL: 50Mbps<\/td>\n<\/tr>\n<tr id=\"tr_697\">\n<th width=\"35%\">Dimensions ( W x D x H )<\/th>\n<td width=\"65%\">3.7\u00d72.2\u00d70.8 in. (94\u00d756.7\u00d719.8mm)<\/td>\n<\/tr>\n<tr id=\"tr_696\">\n<th width=\"35%\">Antenna<\/th>\n<td width=\"65%\">Internal Antenna<\/td>\n<\/tr>\n<tr id=\"tr_3747\">\n<th width=\"35%\">LED Display<\/th>\n<td width=\"65%\">Wi-Fi status, Internet connection status, Battery status<\/td>\n<\/tr>\n<\/tbody>\n<\/table>\n<table>\n<thead>\n<tr id=\"tr_604\">\n<th colspan=\"2\"><a>WIRELESS FEATURES<\/a><\/th>\n<\/tr>\n<\/thead>\n<tbody>\n<tr id=\"tr_1058\">\n<th width=\"35%\">Wireless Standards<\/th>\n<td width=\"65%\">IEEE 802.11b\/g\/n<\/td>\n<\/tr>\n<tr id=\"tr_3336\">\n<th width=\"35%\">Wireless Speeds<\/th>\n<td width=\"65%\">300Mbps<\/td>\n<\/tr>\n<tr id=\"tr_698\">\n<th width=\"35%\">Frequency<\/th>\n<td width=\"65%\">2.4GHz<\/td>\n<\/tr>\n<tr id=\"tr_700\">\n<th width=\"35%\">Transmit Power<\/th>\n<td width=\"65%\">2.4G <20dbm<\/td>\n<\/tr>\n<tr id=\"tr_704\">\n<th width=\"35%\">Wireless Security<\/th>\n<td width=\"65%\">Support WPA-PSK\/WPA2-PSK, Wireless MAC Filtering<\/td>\n<\/tr>\n<tr id=\"tr_1062\">\n<th width=\"35%\">DHCP<\/th>\n<td width=\"65%\">DHCP server, DHCP Client List<\/td>\n<\/tr>\n<\/tbody>\n<\/table>\n<table>\n<thead>\n<tr id=\"tr_606\">\n<th colspan=\"2\"><a>OTHERS<\/a><\/th>\n<\/tr>\n<\/thead>\n<tbody>\n<tr id=\"tr_714\">\n<th width=\"35%\">Certification<\/th>\n<td width=\"65%\">CE, RoHS<\/td>\n<\/tr>\n<tr id=\"tr_715\">\n<th width=\"35%\">Package Contents<\/th>\n<td width=\"65%\">4G LTE Mobile Wi-Fi M7200<br \/>\nMicro USB Cable<br \/>\n2000mAh Battery<br \/>\nQuick Installation Guide<\/td>\n<\/tr>\n<tr id=\"tr_716\">\n<th width=\"35%\">System Requirements<\/th>\n<td width=\"65%\">Windows 10\/8\/7\/vista\/XP, Mac OS, Android, iOS, Windows Phone<\/td>\n<\/tr>\n<\/tbody>\n<\/table>\n","protected":false},"excerpt":{"rendered":"<p>\u0413\u0430\u0440\u0430\u043d\u0446\u0438\u0458\u0430: 24 \u043c\u0435\u0441\u0435\u0446\u0438<\/p>\n","protected":false},"featured_media":17906,"template":"","meta":{"rs_blank_template":"","rs_page_bg_color":"","slide_template_v7":""},"product_brand":[],"product_cat":[265,266],"product_tag":[],"class_list":{"0":"post-17903","1":"product","2":"type-product","3":"status-publish","4":"has-post-thumbnail","6":"product_cat-networking","7":"product_cat-routers","8":"Brend-tp-link","10":"first","11":"instock","12":"taxable","13":"shipping-taxable","14":"purchasable","15":"product-type-simple"},"yoast_head":"<!-- This site is optimized with the Yoast SEO plugin v27.4 - https:\/\/yoast.com\/product\/yoast-seo-wordpress\/ -->\n<title>TP-Link M7200 4G LTE Router Mobile Wi-Fi<\/title>\n<meta name=\"robots\" content=\"index, follow, max-snippet:-1, max-image-preview:large, max-video-preview:-1\" \/>\n<link rel=\"canonical\" href=\"https:\/\/setra.mk\/en\/product\/tp-link-m7200-4g-lte-router-mobile-wi-fi\/\" \/>\n<meta property=\"og:locale\" content=\"en_US\" \/>\n<meta property=\"og:locale:alternate\" content=\"mk_MK\" \/>\n<meta property=\"og:type\" content=\"article\" \/>\n<meta property=\"og:title\" content=\"TP-Link M7200 4G LTE Router Mobile Wi-Fi\" \/>\n<meta property=\"og:description\" content=\"\u0413\u0430\u0440\u0430\u043d\u0446\u0438\u0458\u0430: 24 \u043c\u0435\u0441\u0435\u0446\u0438\" \/>\n<meta property=\"og:url\" content=\"https:\/\/setra.mk\/en\/product\/tp-link-m7200-4g-lte-router-mobile-wi-fi\/\" \/>\n<meta property=\"og:site_name\" content=\"Setra\" \/>\n<meta property=\"article:publisher\" content=\"https:\/\/www.facebook.com\/itmarketsetra\/\" \/>\n<meta property=\"article:modified_time\" content=\"2025-03-20T10:59:33+00:00\" \/>\n<meta property=\"og:image\" content=\"https:\/\/setra.mk\/wp-content\/uploads\/2023\/05\/TP-Link-M7200-1200x630-1.jpg\" \/>\n\t<meta property=\"og:image:width\" content=\"1200\" \/>\n\t<meta property=\"og:image:height\" content=\"630\" \/>\n\t<meta property=\"og:image:type\" content=\"image\/jpeg\" \/>\n<meta name=\"twitter:card\" content=\"summary_large_image\" \/>\n<meta name=\"twitter:label1\" content=\"Est. reading time\" \/>\n\t<meta name=\"twitter:data1\" content=\"2 minutes\" \/>\n<script type=\"application\/ld+json\" class=\"yoast-schema-graph\">{\"@context\":\"https:\\\/\\\/schema.org\",\"@graph\":[{\"@type\":\"WebPage\",\"@id\":\"https:\\\/\\\/setra.mk\\\/product\\\/tp-link-m7200-4g-lte-router-mobile-wi-fi\\\/\",\"url\":\"https:\\\/\\\/setra.mk\\\/product\\\/tp-link-m7200-4g-lte-router-mobile-wi-fi\\\/\",\"name\":\"TP-Link M7200 4G LTE Router Mobile Wi-Fi\",\"isPartOf\":{\"@id\":\"https:\\\/\\\/setra.mk\\\/#website\"},\"primaryImageOfPage\":{\"@id\":\"https:\\\/\\\/setra.mk\\\/product\\\/tp-link-m7200-4g-lte-router-mobile-wi-fi\\\/#primaryimage\"},\"image\":{\"@id\":\"https:\\\/\\\/setra.mk\\\/product\\\/tp-link-m7200-4g-lte-router-mobile-wi-fi\\\/#primaryimage\"},\"thumbnailUrl\":\"https:\\\/\\\/setra.mk\\\/wp-content\\\/uploads\\\/2023\\\/05\\\/TP-Link-M7200-2.jpg\",\"datePublished\":\"2023-05-10T06:49:27+00:00\",\"dateModified\":\"2025-03-20T10:59:33+00:00\",\"breadcrumb\":{\"@id\":\"https:\\\/\\\/setra.mk\\\/product\\\/tp-link-m7200-4g-lte-router-mobile-wi-fi\\\/#breadcrumb\"},\"inLanguage\":\"en-US\",\"potentialAction\":[{\"@type\":\"ReadAction\",\"target\":[\"https:\\\/\\\/setra.mk\\\/product\\\/tp-link-m7200-4g-lte-router-mobile-wi-fi\\\/\"]}]},{\"@type\":\"ImageObject\",\"inLanguage\":\"en-US\",\"@id\":\"https:\\\/\\\/setra.mk\\\/product\\\/tp-link-m7200-4g-lte-router-mobile-wi-fi\\\/#primaryimage\",\"url\":\"https:\\\/\\\/setra.mk\\\/wp-content\\\/uploads\\\/2023\\\/05\\\/TP-Link-M7200-2.jpg\",\"contentUrl\":\"https:\\\/\\\/setra.mk\\\/wp-content\\\/uploads\\\/2023\\\/05\\\/TP-Link-M7200-2.jpg\",\"width\":900,\"height\":900},{\"@type\":\"BreadcrumbList\",\"@id\":\"https:\\\/\\\/setra.mk\\\/product\\\/tp-link-m7200-4g-lte-router-mobile-wi-fi\\\/#breadcrumb\",\"itemListElement\":[{\"@type\":\"ListItem\",\"position\":1,\"name\":\"Home\",\"item\":\"https:\\\/\\\/setra.mk\\\/\"},{\"@type\":\"ListItem\",\"position\":2,\"name\":\"\u041f\u0440\u043e\u0438\u0437\u0432\u043e\u0434\u0438\",\"item\":\"https:\\\/\\\/setra.mk\\\/shop\\\/\"},{\"@type\":\"ListItem\",\"position\":3,\"name\":\"TP-Link M7200 4G LTE Router Mobile Wi-Fi\"}]},{\"@type\":\"WebSite\",\"@id\":\"https:\\\/\\\/setra.mk\\\/#website\",\"url\":\"https:\\\/\\\/setra.mk\\\/\",\"name\":\"Setra\",\"description\":\"\u0414\u041e\u041e\u0415\u041b \u0421\u043a\u043e\u043f\u0458\u0435\",\"publisher\":{\"@id\":\"https:\\\/\\\/setra.mk\\\/#organization\"},\"potentialAction\":[{\"@type\":\"SearchAction\",\"target\":{\"@type\":\"EntryPoint\",\"urlTemplate\":\"https:\\\/\\\/setra.mk\\\/?s={search_term_string}\"},\"query-input\":{\"@type\":\"PropertyValueSpecification\",\"valueRequired\":true,\"valueName\":\"search_term_string\"}}],\"inLanguage\":\"en-US\"},{\"@type\":\"Organization\",\"@id\":\"https:\\\/\\\/setra.mk\\\/#organization\",\"name\":\"\u0421\u0435\u0442\u0440\u0430 \u0414\u041e\u041e\u0415\u041b \u0421\u043a\u043e\u043f\u0458\u0435\",\"url\":\"https:\\\/\\\/setra.mk\\\/\",\"logo\":{\"@type\":\"ImageObject\",\"inLanguage\":\"en-US\",\"@id\":\"https:\\\/\\\/setra.mk\\\/#\\\/schema\\\/logo\\\/image\\\/\",\"url\":\"https:\\\/\\\/setra.mk\\\/wp-content\\\/uploads\\\/2018\\\/05\\\/Setra-Logo-01.png\",\"contentUrl\":\"https:\\\/\\\/setra.mk\\\/wp-content\\\/uploads\\\/2018\\\/05\\\/Setra-Logo-01.png\",\"width\":2145,\"height\":819,\"caption\":\"\u0421\u0435\u0442\u0440\u0430 \u0414\u041e\u041e\u0415\u041b \u0421\u043a\u043e\u043f\u0458\u0435\"},\"image\":{\"@id\":\"https:\\\/\\\/setra.mk\\\/#\\\/schema\\\/logo\\\/image\\\/\"},\"sameAs\":[\"https:\\\/\\\/www.facebook.com\\\/itmarketsetra\\\/\"]}]}<\/script>\n<!-- \/ Yoast SEO plugin. -->","yoast_head_json":{"title":"TP-Link M7200 4G LTE Router Mobile Wi-Fi","robots":{"index":"index","follow":"follow","max-snippet":"max-snippet:-1","max-image-preview":"max-image-preview:large","max-video-preview":"max-video-preview:-1"},"canonical":"https:\/\/setra.mk\/en\/product\/tp-link-m7200-4g-lte-router-mobile-wi-fi\/","og_locale":"en_US","og_type":"article","og_title":"[:mk]TP-Link M7200 4G LTE Router Mobile Wi-Fi[:] - Setra","og_description":"\u0413\u0430\u0440\u0430\u043d\u0446\u0438\u0458\u0430: 24 \u043c\u0435\u0441\u0435\u0446\u0438","og_url":"https:\/\/setra.mk\/en\/product\/tp-link-m7200-4g-lte-router-mobile-wi-fi\/","og_site_name":"Setra","article_publisher":"https:\/\/www.facebook.com\/itmarketsetra\/","article_modified_time":"2025-03-20T10:59:33+00:00","og_image":[{"width":1200,"height":630,"url":"https:\/\/setra.mk\/wp-content\/uploads\/2023\/05\/TP-Link-M7200-1200x630-1.jpg","type":"image\/jpeg"}],"twitter_card":"summary_large_image","twitter_misc":{"Est. reading time":"2 minutes"},"schema":{"@context":"https:\/\/schema.org","@graph":[{"@type":"WebPage","@id":"https:\/\/setra.mk\/product\/tp-link-m7200-4g-lte-router-mobile-wi-fi\/","url":"https:\/\/setra.mk\/product\/tp-link-m7200-4g-lte-router-mobile-wi-fi\/","name":"TP-Link M7200 4G LTE Router Mobile Wi-Fi","isPartOf":{"@id":"https:\/\/setra.mk\/#website"},"primaryImageOfPage":{"@id":"https:\/\/setra.mk\/product\/tp-link-m7200-4g-lte-router-mobile-wi-fi\/#primaryimage"},"image":{"@id":"https:\/\/setra.mk\/product\/tp-link-m7200-4g-lte-router-mobile-wi-fi\/#primaryimage"},"thumbnailUrl":"https:\/\/setra.mk\/wp-content\/uploads\/2023\/05\/TP-Link-M7200-2.jpg","datePublished":"2023-05-10T06:49:27+00:00","dateModified":"2025-03-20T10:59:33+00:00","breadcrumb":{"@id":"https:\/\/setra.mk\/product\/tp-link-m7200-4g-lte-router-mobile-wi-fi\/#breadcrumb"},"inLanguage":"en-US","potentialAction":[{"@type":"ReadAction","target":["https:\/\/setra.mk\/product\/tp-link-m7200-4g-lte-router-mobile-wi-fi\/"]}]},{"@type":"ImageObject","inLanguage":"en-US","@id":"https:\/\/setra.mk\/product\/tp-link-m7200-4g-lte-router-mobile-wi-fi\/#primaryimage","url":"https:\/\/setra.mk\/wp-content\/uploads\/2023\/05\/TP-Link-M7200-2.jpg","contentUrl":"https:\/\/setra.mk\/wp-content\/uploads\/2023\/05\/TP-Link-M7200-2.jpg","width":900,"height":900},{"@type":"BreadcrumbList","@id":"https:\/\/setra.mk\/product\/tp-link-m7200-4g-lte-router-mobile-wi-fi\/#breadcrumb","itemListElement":[{"@type":"ListItem","position":1,"name":"Home","item":"https:\/\/setra.mk\/"},{"@type":"ListItem","position":2,"name":"\u041f\u0440\u043e\u0438\u0437\u0432\u043e\u0434\u0438","item":"https:\/\/setra.mk\/shop\/"},{"@type":"ListItem","position":3,"name":"TP-Link M7200 4G LTE Router Mobile Wi-Fi"}]},{"@type":"WebSite","@id":"https:\/\/setra.mk\/#website","url":"https:\/\/setra.mk\/","name":"Setra","description":"\u0414\u041e\u041e\u0415\u041b \u0421\u043a\u043e\u043f\u0458\u0435","publisher":{"@id":"https:\/\/setra.mk\/#organization"},"potentialAction":[{"@type":"SearchAction","target":{"@type":"EntryPoint","urlTemplate":"https:\/\/setra.mk\/?s={search_term_string}"},"query-input":{"@type":"PropertyValueSpecification","valueRequired":true,"valueName":"search_term_string"}}],"inLanguage":"en-US"},{"@type":"Organization","@id":"https:\/\/setra.mk\/#organization","name":"\u0421\u0435\u0442\u0440\u0430 \u0414\u041e\u041e\u0415\u041b \u0421\u043a\u043e\u043f\u0458\u0435","url":"https:\/\/setra.mk\/","logo":{"@type":"ImageObject","inLanguage":"en-US","@id":"https:\/\/setra.mk\/#\/schema\/logo\/image\/","url":"https:\/\/setra.mk\/wp-content\/uploads\/2018\/05\/Setra-Logo-01.png","contentUrl":"https:\/\/setra.mk\/wp-content\/uploads\/2018\/05\/Setra-Logo-01.png","width":2145,"height":819,"caption":"\u0421\u0435\u0442\u0440\u0430 \u0414\u041e\u041e\u0415\u041b \u0421\u043a\u043e\u043f\u0458\u0435"},"image":{"@id":"https:\/\/setra.mk\/#\/schema\/logo\/image\/"},"sameAs":["https:\/\/www.facebook.com\/itmarketsetra\/"]}]}},"_links":{"self":[{"href":"https:\/\/setra.mk\/en\/wp-json\/wp\/v2\/product\/17903","targetHints":{"allow":["GET"]}}],"collection":[{"href":"https:\/\/setra.mk\/en\/wp-json\/wp\/v2\/product"}],"about":[{"href":"https:\/\/setra.mk\/en\/wp-json\/wp\/v2\/types\/product"}],"wp:featuredmedia":[{"embeddable":true,"href":"https:\/\/setra.mk\/en\/wp-json\/wp\/v2\/media\/17906"}],"wp:attachment":[{"href":"https:\/\/setra.mk\/en\/wp-json\/wp\/v2\/media?parent=17903"}],"wp:term":[{"taxonomy":"product_brand","embeddable":true,"href":"https:\/\/setra.mk\/en\/wp-json\/wp\/v2\/product_brand?post=17903"},{"taxonomy":"product_cat","embeddable":true,"href":"https:\/\/setra.mk\/en\/wp-json\/wp\/v2\/product_cat?post=17903"},{"taxonomy":"product_tag","embeddable":true,"href":"https:\/\/setra.mk\/en\/wp-json\/wp\/v2\/product_tag?post=17903"}],"curies":[{"name":"wp","href":"https:\/\/api.w.org\/{rel}","templated":true}]}}