{"id":19431,"date":"2023-12-11T10:19:53","date_gmt":"2023-12-11T08:19:53","guid":{"rendered":"https:\/\/setra.mk\/?post_type=product&#038;p=19431"},"modified":"2025-03-20T12:11:24","modified_gmt":"2025-03-20T10:11:24","slug":"mercusys-ac12g-v3-ac1300-wireless-dual-band-gigabit-router","status":"publish","type":"product","link":"https:\/\/setra.mk\/en\/product\/mercusys-ac12g-v3-ac1300-wireless-dual-band-gigabit-router\/","title":{"rendered":"Mercusys AC12G v3 AC1300 Wireless Dual Band Gigabit Router"},"content":{"rendered":"<div class=\"wpb-content-wrapper\"><p>[vc_row][vc_column][vc_column_text]<\/p>\n<div class=\"box title\">\n<h1>AC1300 Wireless Dual Band Gigabit Router<\/h1>\n<\/div>\n<div class=\"box highlights\">\n<ul>\n<li><strong>AC1300 Dual Band WiFi\u00a0<\/strong>\u2013 Speeds of up to 400 Mbps on the 2.4 GHz band and 867 Mbps on the 5 GHz band<\/li>\n<li><strong>Full Gigabit Ports<\/strong> \u2014 Lightning-fast connections for wired devices, including game consoles, PCs, smart TVs, and more<\/li>\n<li><strong>Far-Reaching Coverage<\/strong>\u00a0\u2013 4\u00d7 high-gain antennas with Beamforming boost stable connections throughout your home for strong WiFi signals in every corner<\/li>\n<li><strong>Higher Network Efficiency<\/strong>\u00a0\u2013 MU-MIMO technology allows AC12G to communicate with multiple devices at the same time, increasing the overall network throughput<\/li>\n<li><strong>Smart Connect<\/strong>\u2013 Intelligently chooses the best available band for each device<\/li>\n<li><strong>IPTV and IPv6 supported<\/strong><\/li>\n<\/ul>\n<dl class=\"spec clearfix\">\n<dt class=\"spec-title item-title\">Wireless<\/dt>\n<\/dl>\n<dl class=\"spec-content\">\n<dt data-catid=\"1610\">Wireless Standards<\/dt>\n<dd>IEEE 802.11a\/n\/ac 5 GHz, IEEE 802.11b\/g\/n 2.4 GHz<\/dd>\n<dt data-catid=\"1611\">Frequency<\/dt>\n<dd>EU: 2.4-2.5GHz, 5.17-5.25GHz<br \/>\nUS: 2.4-2.5GHz, 5.17-5.25GHz, 5.73-5.83GHz<\/dd>\n<dt data-catid=\"1459\">WiFi Speeds<\/dt>\n<dd>400 Mbps at 2.4GHz, 867 Mbps at 5 GHz<\/dd>\n<dt data-catid=\"1625\">Reception Sensitivity<\/dt>\n<dd>5GHz<br \/>\n\u2022 11a 6M: -96dBm<br \/>\n\u2022 11a 54M: -77dBm<br \/>\n\u2022 11ac 20M MCS8: -72dBm<br \/>\n\u2022 11ac 40M MCS9: -67dBm<br \/>\n\u2022 11ac 80M MCS9: -63dBm2.4GHz<br \/>\n\u2022 11g 6M: -97dBm<br \/>\n\u2022 11g 54M: -80dBm<br \/>\n\u2022 11n 20M MCS7: -78dBm<br \/>\n\u2022 11n 40M MCS7: -75dBm<\/dd>\n<dt data-catid=\"5412\">Transmission Power<\/dt>\n<dd><20dBm (EIRP)<\/dd>\n<dt data-catid=\"5413\">Wireless Security<\/dt>\n<dd>WPA-PSK \/ WPA2-PSK \/ WPA3-Personal<\/dd>\n<dt data-catid=\"5415\">Wireless Functions<\/dt>\n<dd>Enable\/Disable Wireless Radio, Wireless Statistics<\/dd>\n<\/dl>\n<dl class=\"spec clearfix\">\n<dt class=\"spec-title item-title\">Software<\/dt>\n<\/dl>\n<dl class=\"spec-content\">\n<dt data-catid=\"5418\">Management<\/dt>\n<dd>Access Control<br \/>\nLocal Management<br \/>\nRemote Management<\/dd>\n<dt data-catid=\"5420\">Port Forwarding<\/dt>\n<dd>Virtual Server, UPnP, DMZ<\/dd>\n<dt data-catid=\"5423\">Firewall Security<\/dt>\n<dd>IP and MAC Address Binding<\/dd>\n<dt data-catid=\"5425\">Guest Network<\/dt>\n<dd>2.4 GHz Guest Network, 5 GHz Guest Network<\/dd>\n<\/dl>\n<dl class=\"spec clearfix\">\n<dt class=\"spec-title item-title\">Hardware<\/dt>\n<\/dl>\n<dl class=\"spec-content\">\n<dt data-catid=\"603\">Dimensions<\/dt>\n<dd>8.7 \u00d7 5.5 \u00d7 1.3 in (222 \u00d7 140 \u00d7 32 mm)<\/dd>\n<dt data-catid=\"3853\">Interfaces<\/dt>\n<dd>1\u00d7\u00a0Gigabit WAN Port<br \/>\n3\u00d7 Gigabit LAN Ports<\/dd>\n<dt data-catid=\"1487\">Button<\/dt>\n<dd>WPS\/Reset Button<\/dd>\n<dt data-catid=\"604\">External Power Supply<\/dt>\n<dd>12V\/1A<\/dd>\n<dt data-catid=\"605\">Antenna Type<\/dt>\n<dd>4\u00d7 5 dBi Fixed Omni-Directional Antennas<\/dd>\n<\/dl>\n<dl class=\"spec clearfix\">\n<dt class=\"spec-title item-title\">Others<\/dt>\n<\/dl>\n<dl class=\"spec-content\">\n<dt data-catid=\"5410\">Package Contents<\/dt>\n<dd>\u2022 AC1300 Wi-Fi Router AC12G<br \/>\n\u2022 Power Adapter<br \/>\n\u2022 RJ45 Ethernet Cable<br \/>\n\u2022 Quick Installation Guide<\/dd>\n<dt data-catid=\"5411\">Environment<\/dt>\n<dd>\u2022 Operating Temperature: 0\u00b0C~40\u00b0C (32\u00b0F~104\u00b0F)<br \/>\n\u2022 Operating Humidity: 10%~90% Non-Condensing<br \/>\n\u2022 Storage Humidity: 5%~90% Non-Condensing<\/dd>\n<\/dl>\n<\/div>\n<p>[\/vc_column_text][\/vc_column][\/vc_row]<\/p>\n<\/div>","protected":false},"excerpt":{"rendered":"<p>\u0413\u0430\u0440\u0430\u043d\u0446\u0438\u0458\u0430: 6 \u043c\u0435\u0441\u0435\u0446\u0438<\/p>\n","protected":false},"featured_media":15811,"template":"","meta":[],"product_brand":[],"product_cat":[265,266],"product_tag":[],"class_list":{"0":"post-19431","1":"product","2":"type-product","3":"status-publish","4":"has-post-thumbnail","6":"product_cat-networking","7":"product_cat-routers","9":"first","10":"instock","11":"shipping-taxable","12":"purchasable","13":"product-type-simple"},"yoast_head":"<!-- This site is optimized with the Yoast SEO plugin v26.1.1 - https:\/\/yoast.com\/wordpress\/plugins\/seo\/ -->\n<title>Mercusys AC12G v3 AC1300 Wireless Dual Band Gigabit Router<\/title>\n<meta name=\"robots\" content=\"index, follow, max-snippet:-1, max-image-preview:large, max-video-preview:-1\" \/>\n<link rel=\"canonical\" href=\"https:\/\/setra.mk\/en\/product\/mercusys-ac12g-v3-ac1300-wireless-dual-band-gigabit-router\/\" \/>\n<meta property=\"og:locale\" content=\"en_US\" \/>\n<meta property=\"og:locale:alternate\" content=\"mk_MK\" \/>\n<meta property=\"og:type\" content=\"article\" \/>\n<meta property=\"og:title\" content=\"Mercusys AC12G v3 AC1300 Wireless Dual Band Gigabit Router\" \/>\n<meta property=\"og:description\" content=\"\u0413\u0430\u0440\u0430\u043d\u0446\u0438\u0458\u0430: 6 \u043c\u0435\u0441\u0435\u0446\u0438\" \/>\n<meta property=\"og:url\" content=\"https:\/\/setra.mk\/en\/product\/mercusys-ac12g-v3-ac1300-wireless-dual-band-gigabit-router\/\" \/>\n<meta property=\"og:site_name\" content=\"Setra\" \/>\n<meta property=\"article:publisher\" content=\"https:\/\/www.facebook.com\/itmarketsetra\/\" \/>\n<meta property=\"article:modified_time\" content=\"2025-03-20T10:11:24+00:00\" \/>\n<meta property=\"og:image\" content=\"https:\/\/setra.mk\/wp-content\/uploads\/2022\/07\/Mercusys-AC12G-1200x630-1.jpg\" \/>\n\t<meta property=\"og:image:width\" content=\"1200\" \/>\n\t<meta property=\"og:image:height\" content=\"630\" \/>\n\t<meta property=\"og:image:type\" content=\"image\/jpeg\" \/>\n<meta name=\"twitter:card\" content=\"summary_large_image\" \/>\n<meta name=\"twitter:label1\" content=\"Est. reading time\" \/>\n\t<meta name=\"twitter:data1\" content=\"2 minutes\" \/>\n<script type=\"application\/ld+json\" class=\"yoast-schema-graph\">{\"@context\":\"https:\/\/schema.org\",\"@graph\":[{\"@type\":\"WebPage\",\"@id\":\"https:\/\/setra.mk\/product\/mercusys-ac12g-v3-ac1300-wireless-dual-band-gigabit-router\/\",\"url\":\"https:\/\/setra.mk\/product\/mercusys-ac12g-v3-ac1300-wireless-dual-band-gigabit-router\/\",\"name\":\"Mercusys AC12G v3 AC1300 Wireless Dual Band Gigabit Router\",\"isPartOf\":{\"@id\":\"https:\/\/setra.mk\/#website\"},\"primaryImageOfPage\":{\"@id\":\"https:\/\/setra.mk\/product\/mercusys-ac12g-v3-ac1300-wireless-dual-band-gigabit-router\/#primaryimage\"},\"image\":{\"@id\":\"https:\/\/setra.mk\/product\/mercusys-ac12g-v3-ac1300-wireless-dual-band-gigabit-router\/#primaryimage\"},\"thumbnailUrl\":\"https:\/\/setra.mk\/wp-content\/uploads\/2022\/07\/Mercusys-AC12G.jpg\",\"datePublished\":\"2023-12-11T08:19:53+00:00\",\"dateModified\":\"2025-03-20T10:11:24+00:00\",\"breadcrumb\":{\"@id\":\"https:\/\/setra.mk\/product\/mercusys-ac12g-v3-ac1300-wireless-dual-band-gigabit-router\/#breadcrumb\"},\"inLanguage\":\"en-US\",\"potentialAction\":[{\"@type\":\"ReadAction\",\"target\":[\"https:\/\/setra.mk\/product\/mercusys-ac12g-v3-ac1300-wireless-dual-band-gigabit-router\/\"]}]},{\"@type\":\"ImageObject\",\"inLanguage\":\"en-US\",\"@id\":\"https:\/\/setra.mk\/product\/mercusys-ac12g-v3-ac1300-wireless-dual-band-gigabit-router\/#primaryimage\",\"url\":\"https:\/\/setra.mk\/wp-content\/uploads\/2022\/07\/Mercusys-AC12G.jpg\",\"contentUrl\":\"https:\/\/setra.mk\/wp-content\/uploads\/2022\/07\/Mercusys-AC12G.jpg\",\"width\":900,\"height\":900},{\"@type\":\"BreadcrumbList\",\"@id\":\"https:\/\/setra.mk\/product\/mercusys-ac12g-v3-ac1300-wireless-dual-band-gigabit-router\/#breadcrumb\",\"itemListElement\":[{\"@type\":\"ListItem\",\"position\":1,\"name\":\"Home\",\"item\":\"https:\/\/setra.mk\/\"},{\"@type\":\"ListItem\",\"position\":2,\"name\":\"\u041f\u0440\u043e\u0438\u0437\u0432\u043e\u0434\u0438\",\"item\":\"https:\/\/setra.mk\/shop\/\"},{\"@type\":\"ListItem\",\"position\":3,\"name\":\"Mercusys AC12G v3 AC1300 Wireless Dual Band Gigabit Router\"}]},{\"@type\":\"WebSite\",\"@id\":\"https:\/\/setra.mk\/#website\",\"url\":\"https:\/\/setra.mk\/\",\"name\":\"Setra\",\"description\":\"\u0414\u041e\u041e\u0415\u041b \u0421\u043a\u043e\u043f\u0458\u0435\",\"publisher\":{\"@id\":\"https:\/\/setra.mk\/#organization\"},\"potentialAction\":[{\"@type\":\"SearchAction\",\"target\":{\"@type\":\"EntryPoint\",\"urlTemplate\":\"https:\/\/setra.mk\/?s={search_term_string}\"},\"query-input\":{\"@type\":\"PropertyValueSpecification\",\"valueRequired\":true,\"valueName\":\"search_term_string\"}}],\"inLanguage\":\"en-US\"},{\"@type\":\"Organization\",\"@id\":\"https:\/\/setra.mk\/#organization\",\"name\":\"\u0421\u0435\u0442\u0440\u0430 \u0414\u041e\u041e\u0415\u041b \u0421\u043a\u043e\u043f\u0458\u0435\",\"url\":\"https:\/\/setra.mk\/\",\"logo\":{\"@type\":\"ImageObject\",\"inLanguage\":\"en-US\",\"@id\":\"https:\/\/setra.mk\/#\/schema\/logo\/image\/\",\"url\":\"https:\/\/setra.mk\/wp-content\/uploads\/2018\/05\/Setra-Logo-01.png\",\"contentUrl\":\"https:\/\/setra.mk\/wp-content\/uploads\/2018\/05\/Setra-Logo-01.png\",\"width\":2145,\"height\":819,\"caption\":\"\u0421\u0435\u0442\u0440\u0430 \u0414\u041e\u041e\u0415\u041b \u0421\u043a\u043e\u043f\u0458\u0435\"},\"image\":{\"@id\":\"https:\/\/setra.mk\/#\/schema\/logo\/image\/\"},\"sameAs\":[\"https:\/\/www.facebook.com\/itmarketsetra\/\"]}]}<\/script>\n<!-- \/ Yoast SEO plugin. -->","yoast_head_json":{"title":"Mercusys AC12G v3 AC1300 Wireless Dual Band Gigabit Router","robots":{"index":"index","follow":"follow","max-snippet":"max-snippet:-1","max-image-preview":"max-image-preview:large","max-video-preview":"max-video-preview:-1"},"canonical":"https:\/\/setra.mk\/en\/product\/mercusys-ac12g-v3-ac1300-wireless-dual-band-gigabit-router\/","og_locale":"en_US","og_type":"article","og_title":"[:mk]Mercusys AC12G v3 AC1300 Wireless Dual Band Gigabit Router[:] - Setra","og_description":"\u0413\u0430\u0440\u0430\u043d\u0446\u0438\u0458\u0430: 6 \u043c\u0435\u0441\u0435\u0446\u0438","og_url":"https:\/\/setra.mk\/en\/product\/mercusys-ac12g-v3-ac1300-wireless-dual-band-gigabit-router\/","og_site_name":"Setra","article_publisher":"https:\/\/www.facebook.com\/itmarketsetra\/","article_modified_time":"2025-03-20T10:11:24+00:00","og_image":[{"width":1200,"height":630,"url":"https:\/\/setra.mk\/wp-content\/uploads\/2022\/07\/Mercusys-AC12G-1200x630-1.jpg","type":"image\/jpeg"}],"twitter_card":"summary_large_image","twitter_misc":{"Est. reading time":"2 minutes"},"schema":{"@context":"https:\/\/schema.org","@graph":[{"@type":"WebPage","@id":"https:\/\/setra.mk\/product\/mercusys-ac12g-v3-ac1300-wireless-dual-band-gigabit-router\/","url":"https:\/\/setra.mk\/product\/mercusys-ac12g-v3-ac1300-wireless-dual-band-gigabit-router\/","name":"Mercusys AC12G v3 AC1300 Wireless Dual Band Gigabit Router","isPartOf":{"@id":"https:\/\/setra.mk\/#website"},"primaryImageOfPage":{"@id":"https:\/\/setra.mk\/product\/mercusys-ac12g-v3-ac1300-wireless-dual-band-gigabit-router\/#primaryimage"},"image":{"@id":"https:\/\/setra.mk\/product\/mercusys-ac12g-v3-ac1300-wireless-dual-band-gigabit-router\/#primaryimage"},"thumbnailUrl":"https:\/\/setra.mk\/wp-content\/uploads\/2022\/07\/Mercusys-AC12G.jpg","datePublished":"2023-12-11T08:19:53+00:00","dateModified":"2025-03-20T10:11:24+00:00","breadcrumb":{"@id":"https:\/\/setra.mk\/product\/mercusys-ac12g-v3-ac1300-wireless-dual-band-gigabit-router\/#breadcrumb"},"inLanguage":"en-US","potentialAction":[{"@type":"ReadAction","target":["https:\/\/setra.mk\/product\/mercusys-ac12g-v3-ac1300-wireless-dual-band-gigabit-router\/"]}]},{"@type":"ImageObject","inLanguage":"en-US","@id":"https:\/\/setra.mk\/product\/mercusys-ac12g-v3-ac1300-wireless-dual-band-gigabit-router\/#primaryimage","url":"https:\/\/setra.mk\/wp-content\/uploads\/2022\/07\/Mercusys-AC12G.jpg","contentUrl":"https:\/\/setra.mk\/wp-content\/uploads\/2022\/07\/Mercusys-AC12G.jpg","width":900,"height":900},{"@type":"BreadcrumbList","@id":"https:\/\/setra.mk\/product\/mercusys-ac12g-v3-ac1300-wireless-dual-band-gigabit-router\/#breadcrumb","itemListElement":[{"@type":"ListItem","position":1,"name":"Home","item":"https:\/\/setra.mk\/"},{"@type":"ListItem","position":2,"name":"\u041f\u0440\u043e\u0438\u0437\u0432\u043e\u0434\u0438","item":"https:\/\/setra.mk\/shop\/"},{"@type":"ListItem","position":3,"name":"Mercusys AC12G v3 AC1300 Wireless Dual Band Gigabit Router"}]},{"@type":"WebSite","@id":"https:\/\/setra.mk\/#website","url":"https:\/\/setra.mk\/","name":"Setra","description":"\u0414\u041e\u041e\u0415\u041b \u0421\u043a\u043e\u043f\u0458\u0435","publisher":{"@id":"https:\/\/setra.mk\/#organization"},"potentialAction":[{"@type":"SearchAction","target":{"@type":"EntryPoint","urlTemplate":"https:\/\/setra.mk\/?s={search_term_string}"},"query-input":{"@type":"PropertyValueSpecification","valueRequired":true,"valueName":"search_term_string"}}],"inLanguage":"en-US"},{"@type":"Organization","@id":"https:\/\/setra.mk\/#organization","name":"\u0421\u0435\u0442\u0440\u0430 \u0414\u041e\u041e\u0415\u041b \u0421\u043a\u043e\u043f\u0458\u0435","url":"https:\/\/setra.mk\/","logo":{"@type":"ImageObject","inLanguage":"en-US","@id":"https:\/\/setra.mk\/#\/schema\/logo\/image\/","url":"https:\/\/setra.mk\/wp-content\/uploads\/2018\/05\/Setra-Logo-01.png","contentUrl":"https:\/\/setra.mk\/wp-content\/uploads\/2018\/05\/Setra-Logo-01.png","width":2145,"height":819,"caption":"\u0421\u0435\u0442\u0440\u0430 \u0414\u041e\u041e\u0415\u041b \u0421\u043a\u043e\u043f\u0458\u0435"},"image":{"@id":"https:\/\/setra.mk\/#\/schema\/logo\/image\/"},"sameAs":["https:\/\/www.facebook.com\/itmarketsetra\/"]}]}},"_links":{"self":[{"href":"https:\/\/setra.mk\/en\/wp-json\/wp\/v2\/product\/19431","targetHints":{"allow":["GET"]}}],"collection":[{"href":"https:\/\/setra.mk\/en\/wp-json\/wp\/v2\/product"}],"about":[{"href":"https:\/\/setra.mk\/en\/wp-json\/wp\/v2\/types\/product"}],"wp:featuredmedia":[{"embeddable":true,"href":"https:\/\/setra.mk\/en\/wp-json\/wp\/v2\/media\/15811"}],"wp:attachment":[{"href":"https:\/\/setra.mk\/en\/wp-json\/wp\/v2\/media?parent=19431"}],"wp:term":[{"taxonomy":"product_brand","embeddable":true,"href":"https:\/\/setra.mk\/en\/wp-json\/wp\/v2\/product_brand?post=19431"},{"taxonomy":"product_cat","embeddable":true,"href":"https:\/\/setra.mk\/en\/wp-json\/wp\/v2\/product_cat?post=19431"},{"taxonomy":"product_tag","embeddable":true,"href":"https:\/\/setra.mk\/en\/wp-json\/wp\/v2\/product_tag?post=19431"}],"curies":[{"name":"wp","href":"https:\/\/api.w.org\/{rel}","templated":true}]}}