{"id":20920,"date":"2024-04-04T12:31:25","date_gmt":"2024-04-04T10:31:25","guid":{"rendered":"https:\/\/setra.mk\/?post_type=product&#038;p=20920"},"modified":"2024-11-21T10:53:09","modified_gmt":"2024-11-21T08:53:09","slug":"imou-bullet-2c-2mpx-outdoor-camera-with-ai-human-detection","status":"publish","type":"product","link":"https:\/\/setra.mk\/en\/product\/imou-bullet-2c-2mpx-outdoor-camera-with-ai-human-detection\/","title":{"rendered":"Imou Bullet 2C 2Mpx Outdoor Camera with AI human detection"},"content":{"rendered":"<p data-v-f1d06957=\"\">IPC-F22P<\/p>\n<p class=\"specs-title\" data-v-f1d06957=\"\">Specification<\/p>\n<div class=\"specs-child\" data-v-f1d06957=\"\">\n<div class=\"child-item\" data-v-f1d06957=\"\">\n<p class=\"child-title\" data-v-f1d06957=\"\">Camera<\/p>\n<div class=\"child-content\" data-v-f1d06957=\"\">\n<p><span class=\"fontstyle0\">1\/2.8\u201d2 Megapixel Progressive CMOS<\/span><\/p>\n<p><span class=\"fontstyle0\">2MP(1920 x 1080)<br \/>\nNight Vision: 30m(98ft) Distance<br \/>\n2.8mm\/3.6mm\/6mm Fixed Lens<br \/>\nField of View: 2.8mm; 102\u00b0(H), 54\u00b0(V), 120\u00b0(D)<br \/>\n6mm: 53\u00b0(H), 30\u00b0(V), 60\u00b0(D)<br \/>\n3.6mm: 89\u00b0(H), 46\u00b0(V), 108\u00b0(D)<\/span><\/p>\n<\/div>\n<\/div>\n<div class=\"child-item\" data-v-f1d06957=\"\">\n<p class=\"child-title\" data-v-f1d06957=\"\">Network<\/p>\n<div class=\"child-content\" data-v-f1d06957=\"\">\n<p><span class=\"fontstyle0\">Wi-Fi:IEEE802.11b\/g\/n, Dual Antenna<br \/>\nONVIF<br \/>\n1 x 100Mbps Ethernet Port<br \/>\nImou App: iOS, Android<\/span><\/p>\n<\/div>\n<\/div>\n<div class=\"child-item\" data-v-f1d06957=\"\">\n<p class=\"child-title\" data-v-f1d06957=\"\">Video &#038; Audio<\/p>\n<div class=\"child-content\" data-v-f1d06957=\"\">\n<p><span class=\"fontstyle0\">Video Compression : H.265\/H.264<br \/>\nUp to 25\/30 fps Frame Rate<br \/>\n8x Digital Zoom<br \/>\nBuilt-in Mic<\/span><\/p>\n<\/div>\n<\/div>\n<div class=\"child-item\" data-v-f1d06957=\"\">\n<p class=\"child-title\" data-v-f1d06957=\"\">Auxiliary Interface<\/p>\n<div class=\"child-content\" data-v-f1d06957=\"\">\n<p><span class=\"fontstyle0\">Micro SD Card Slot (up to 256GB)<br \/>\nReset Button<\/span><\/p>\n<\/div>\n<\/div>\n<div class=\"child-item\" data-v-f1d06957=\"\">\n<p class=\"child-title\" data-v-f1d06957=\"\">Notice Management<\/p>\n<div class=\"child-content\" data-v-f1d06957=\"\">\n<p><span class=\"fontstyle0\">Motion Detection<br \/>\nConfigurable Region<br \/>\nHuman Detection<\/span><\/p>\n<\/div>\n<\/div>\n<div class=\"child-item\" data-v-f1d06957=\"\">\n<p class=\"child-title\" data-v-f1d06957=\"\">General<\/p>\n<div class=\"child-content\" data-v-f1d06957=\"\">\n<p><span class=\"fontstyle0\">DC 12V0.5A Power Supply<br \/>\nPower Consumption:<3.5W\nWorking Environment:-30\u00b0C~+60\u00b0C, Less Than 95%RH\nCE, FCC\nIP67\nMaterial: Plastic\nDimensions: 147.7 \u00d7 74.2 \u00d7 74.2mm (5.8 \u00d7 2.9 \u00d7 2.9inch)\nWeight: 244g (0.54lb)<\/span><\/p>\n<p><a href=\"https:\/\/www.imoulife.com\/product\/detail\/bullet2c\">\u041f\u043e\u0432\u0435\u045c\u0435 \u0437\u0430 \u043f\u0440\u043e\u0438\u0437\u0432\u043e\u0434\u043e\u0442<\/a><\/p>\n<\/div>\n<\/div>\n<\/div>\n","protected":false},"excerpt":{"rendered":"<p>IPC-F22P Specification Camera 1\/2.8\u201d2 Megapixel Progressive CMOS 2MP(1920 x 1080) Night Vision: 30m(98ft) Distance 2.8mm\/3.6mm\/6mm Fixed Lens Field of View: 2.8mm; 102\u00b0(H), 54\u00b0(V), 120\u00b0(D) 6mm: 53\u00b0(H), 30\u00b0(V), 60\u00b0(D) 3.6mm: 89\u00b0(H), 46\u00b0(V), 108\u00b0(D) Network Wi-Fi:IEEE802.11b\/g\/n, Dual Antenna ONVIF 1 x 100Mbps Ethernet Port Imou App: iOS, Android Video &#038; Audio Video Compression : H.265\/H.264 Up to [&hellip;]<\/p>\n","protected":false},"featured_media":20922,"template":"","meta":{"rs_blank_template":"","rs_page_bg_color":"","slide_template_v7":""},"product_brand":[],"product_cat":[664],"product_tag":[],"class_list":{"0":"post-20920","1":"product","2":"type-product","3":"status-publish","4":"has-post-thumbnail","6":"product_cat-video-nadzor","7":"Brend-imou","9":"first","10":"outofstock","11":"taxable","12":"shipping-taxable","13":"purchasable","14":"product-type-simple"},"yoast_head":"<!-- This site is optimized with the Yoast SEO plugin v27.4 - https:\/\/yoast.com\/product\/yoast-seo-wordpress\/ -->\n<title>Imou Bullet 2C 2Mpx Outdoor Camera with AI human detection<\/title>\n<meta name=\"robots\" content=\"index, follow, max-snippet:-1, max-image-preview:large, max-video-preview:-1\" \/>\n<link rel=\"canonical\" href=\"https:\/\/setra.mk\/en\/product\/imou-bullet-2c-2mpx-outdoor-camera-with-ai-human-detection\/\" \/>\n<meta property=\"og:locale\" content=\"en_US\" \/>\n<meta property=\"og:locale:alternate\" content=\"mk_MK\" \/>\n<meta property=\"og:type\" content=\"article\" \/>\n<meta property=\"og:title\" content=\"Imou Bullet 2C 2Mpx Outdoor Camera with AI human detection\" \/>\n<meta property=\"og:description\" content=\"IPC-F22P Specification Camera 1\/2.8\u201d2 Megapixel Progressive CMOS 2MP(1920 x 1080) Night Vision: 30m(98ft) Distance 2.8mm\/3.6mm\/6mm Fixed Lens Field of View: 2.8mm; 102\u00b0(H), 54\u00b0(V), 120\u00b0(D) 6mm: 53\u00b0(H), 30\u00b0(V), 60\u00b0(D) 3.6mm: 89\u00b0(H), 46\u00b0(V), 108\u00b0(D) Network Wi-Fi:IEEE802.11b\/g\/n, Dual Antenna ONVIF 1 x 100Mbps Ethernet Port Imou App: iOS, Android Video &amp; Audio Video Compression : H.265\/H.264 Up to [&hellip;]\" \/>\n<meta property=\"og:url\" content=\"https:\/\/setra.mk\/en\/product\/imou-bullet-2c-2mpx-outdoor-camera-with-ai-human-detection\/\" \/>\n<meta property=\"og:site_name\" content=\"Setra\" \/>\n<meta property=\"article:publisher\" content=\"https:\/\/www.facebook.com\/itmarketsetra\/\" \/>\n<meta property=\"article:modified_time\" content=\"2024-11-21T08:53:09+00:00\" \/>\n<meta property=\"og:image\" content=\"https:\/\/setra.mk\/wp-content\/uploads\/2024\/04\/Bullet-2c-2mpx-1.jpg\" \/>\n\t<meta property=\"og:image:width\" content=\"900\" \/>\n\t<meta property=\"og:image:height\" content=\"900\" \/>\n\t<meta property=\"og:image:type\" content=\"image\/jpeg\" \/>\n<meta name=\"twitter:card\" content=\"summary_large_image\" \/>\n<meta name=\"twitter:label1\" content=\"Est. reading time\" \/>\n\t<meta name=\"twitter:data1\" content=\"1 minute\" \/>\n<script type=\"application\/ld+json\" class=\"yoast-schema-graph\">{\"@context\":\"https:\\\/\\\/schema.org\",\"@graph\":[{\"@type\":\"WebPage\",\"@id\":\"https:\\\/\\\/setra.mk\\\/product\\\/imou-bullet-2c-2mpx-outdoor-camera-with-ai-human-detection\\\/\",\"url\":\"https:\\\/\\\/setra.mk\\\/product\\\/imou-bullet-2c-2mpx-outdoor-camera-with-ai-human-detection\\\/\",\"name\":\"Imou Bullet 2C 2Mpx Outdoor Camera with AI human detection\",\"isPartOf\":{\"@id\":\"https:\\\/\\\/setra.mk\\\/#website\"},\"primaryImageOfPage\":{\"@id\":\"https:\\\/\\\/setra.mk\\\/product\\\/imou-bullet-2c-2mpx-outdoor-camera-with-ai-human-detection\\\/#primaryimage\"},\"image\":{\"@id\":\"https:\\\/\\\/setra.mk\\\/product\\\/imou-bullet-2c-2mpx-outdoor-camera-with-ai-human-detection\\\/#primaryimage\"},\"thumbnailUrl\":\"https:\\\/\\\/setra.mk\\\/wp-content\\\/uploads\\\/2024\\\/04\\\/Bullet-2c-2mpx-1.jpg\",\"datePublished\":\"2024-04-04T10:31:25+00:00\",\"dateModified\":\"2024-11-21T08:53:09+00:00\",\"breadcrumb\":{\"@id\":\"https:\\\/\\\/setra.mk\\\/product\\\/imou-bullet-2c-2mpx-outdoor-camera-with-ai-human-detection\\\/#breadcrumb\"},\"inLanguage\":\"en-US\",\"potentialAction\":[{\"@type\":\"ReadAction\",\"target\":[\"https:\\\/\\\/setra.mk\\\/product\\\/imou-bullet-2c-2mpx-outdoor-camera-with-ai-human-detection\\\/\"]}]},{\"@type\":\"ImageObject\",\"inLanguage\":\"en-US\",\"@id\":\"https:\\\/\\\/setra.mk\\\/product\\\/imou-bullet-2c-2mpx-outdoor-camera-with-ai-human-detection\\\/#primaryimage\",\"url\":\"https:\\\/\\\/setra.mk\\\/wp-content\\\/uploads\\\/2024\\\/04\\\/Bullet-2c-2mpx-1.jpg\",\"contentUrl\":\"https:\\\/\\\/setra.mk\\\/wp-content\\\/uploads\\\/2024\\\/04\\\/Bullet-2c-2mpx-1.jpg\",\"width\":900,\"height\":900},{\"@type\":\"BreadcrumbList\",\"@id\":\"https:\\\/\\\/setra.mk\\\/product\\\/imou-bullet-2c-2mpx-outdoor-camera-with-ai-human-detection\\\/#breadcrumb\",\"itemListElement\":[{\"@type\":\"ListItem\",\"position\":1,\"name\":\"Home\",\"item\":\"https:\\\/\\\/setra.mk\\\/\"},{\"@type\":\"ListItem\",\"position\":2,\"name\":\"\u041f\u0440\u043e\u0438\u0437\u0432\u043e\u0434\u0438\",\"item\":\"https:\\\/\\\/setra.mk\\\/shop\\\/\"},{\"@type\":\"ListItem\",\"position\":3,\"name\":\"Imou Bullet 2C 2Mpx Outdoor Camera with AI human detection\"}]},{\"@type\":\"WebSite\",\"@id\":\"https:\\\/\\\/setra.mk\\\/#website\",\"url\":\"https:\\\/\\\/setra.mk\\\/\",\"name\":\"Setra\",\"description\":\"\u0414\u041e\u041e\u0415\u041b \u0421\u043a\u043e\u043f\u0458\u0435\",\"publisher\":{\"@id\":\"https:\\\/\\\/setra.mk\\\/#organization\"},\"potentialAction\":[{\"@type\":\"SearchAction\",\"target\":{\"@type\":\"EntryPoint\",\"urlTemplate\":\"https:\\\/\\\/setra.mk\\\/?s={search_term_string}\"},\"query-input\":{\"@type\":\"PropertyValueSpecification\",\"valueRequired\":true,\"valueName\":\"search_term_string\"}}],\"inLanguage\":\"en-US\"},{\"@type\":\"Organization\",\"@id\":\"https:\\\/\\\/setra.mk\\\/#organization\",\"name\":\"\u0421\u0435\u0442\u0440\u0430 \u0414\u041e\u041e\u0415\u041b \u0421\u043a\u043e\u043f\u0458\u0435\",\"url\":\"https:\\\/\\\/setra.mk\\\/\",\"logo\":{\"@type\":\"ImageObject\",\"inLanguage\":\"en-US\",\"@id\":\"https:\\\/\\\/setra.mk\\\/#\\\/schema\\\/logo\\\/image\\\/\",\"url\":\"https:\\\/\\\/setra.mk\\\/wp-content\\\/uploads\\\/2018\\\/05\\\/Setra-Logo-01.png\",\"contentUrl\":\"https:\\\/\\\/setra.mk\\\/wp-content\\\/uploads\\\/2018\\\/05\\\/Setra-Logo-01.png\",\"width\":2145,\"height\":819,\"caption\":\"\u0421\u0435\u0442\u0440\u0430 \u0414\u041e\u041e\u0415\u041b \u0421\u043a\u043e\u043f\u0458\u0435\"},\"image\":{\"@id\":\"https:\\\/\\\/setra.mk\\\/#\\\/schema\\\/logo\\\/image\\\/\"},\"sameAs\":[\"https:\\\/\\\/www.facebook.com\\\/itmarketsetra\\\/\"]}]}<\/script>\n<!-- \/ Yoast SEO plugin. -->","yoast_head_json":{"title":"Imou Bullet 2C 2Mpx Outdoor Camera with AI human detection","robots":{"index":"index","follow":"follow","max-snippet":"max-snippet:-1","max-image-preview":"max-image-preview:large","max-video-preview":"max-video-preview:-1"},"canonical":"https:\/\/setra.mk\/en\/product\/imou-bullet-2c-2mpx-outdoor-camera-with-ai-human-detection\/","og_locale":"en_US","og_type":"article","og_title":"[:mk]Imou Bullet 2C 2Mpx Outdoor Camera with AI human detection[:] - Setra","og_description":"IPC-F22P Specification Camera 1\/2.8\u201d2 Megapixel Progressive CMOS 2MP(1920 x 1080) Night Vision: 30m(98ft) Distance 2.8mm\/3.6mm\/6mm Fixed Lens Field of View: 2.8mm; 102\u00b0(H), 54\u00b0(V), 120\u00b0(D) 6mm: 53\u00b0(H), 30\u00b0(V), 60\u00b0(D) 3.6mm: 89\u00b0(H), 46\u00b0(V), 108\u00b0(D) Network Wi-Fi:IEEE802.11b\/g\/n, Dual Antenna ONVIF 1 x 100Mbps Ethernet Port Imou App: iOS, Android Video &#038; Audio Video Compression : H.265\/H.264 Up to [&hellip;]","og_url":"https:\/\/setra.mk\/en\/product\/imou-bullet-2c-2mpx-outdoor-camera-with-ai-human-detection\/","og_site_name":"Setra","article_publisher":"https:\/\/www.facebook.com\/itmarketsetra\/","article_modified_time":"2024-11-21T08:53:09+00:00","og_image":[{"width":900,"height":900,"url":"https:\/\/setra.mk\/wp-content\/uploads\/2024\/04\/Bullet-2c-2mpx-1.jpg","type":"image\/jpeg"}],"twitter_card":"summary_large_image","twitter_misc":{"Est. reading time":"1 minute"},"schema":{"@context":"https:\/\/schema.org","@graph":[{"@type":"WebPage","@id":"https:\/\/setra.mk\/product\/imou-bullet-2c-2mpx-outdoor-camera-with-ai-human-detection\/","url":"https:\/\/setra.mk\/product\/imou-bullet-2c-2mpx-outdoor-camera-with-ai-human-detection\/","name":"Imou Bullet 2C 2Mpx Outdoor Camera with AI human detection","isPartOf":{"@id":"https:\/\/setra.mk\/#website"},"primaryImageOfPage":{"@id":"https:\/\/setra.mk\/product\/imou-bullet-2c-2mpx-outdoor-camera-with-ai-human-detection\/#primaryimage"},"image":{"@id":"https:\/\/setra.mk\/product\/imou-bullet-2c-2mpx-outdoor-camera-with-ai-human-detection\/#primaryimage"},"thumbnailUrl":"https:\/\/setra.mk\/wp-content\/uploads\/2024\/04\/Bullet-2c-2mpx-1.jpg","datePublished":"2024-04-04T10:31:25+00:00","dateModified":"2024-11-21T08:53:09+00:00","breadcrumb":{"@id":"https:\/\/setra.mk\/product\/imou-bullet-2c-2mpx-outdoor-camera-with-ai-human-detection\/#breadcrumb"},"inLanguage":"en-US","potentialAction":[{"@type":"ReadAction","target":["https:\/\/setra.mk\/product\/imou-bullet-2c-2mpx-outdoor-camera-with-ai-human-detection\/"]}]},{"@type":"ImageObject","inLanguage":"en-US","@id":"https:\/\/setra.mk\/product\/imou-bullet-2c-2mpx-outdoor-camera-with-ai-human-detection\/#primaryimage","url":"https:\/\/setra.mk\/wp-content\/uploads\/2024\/04\/Bullet-2c-2mpx-1.jpg","contentUrl":"https:\/\/setra.mk\/wp-content\/uploads\/2024\/04\/Bullet-2c-2mpx-1.jpg","width":900,"height":900},{"@type":"BreadcrumbList","@id":"https:\/\/setra.mk\/product\/imou-bullet-2c-2mpx-outdoor-camera-with-ai-human-detection\/#breadcrumb","itemListElement":[{"@type":"ListItem","position":1,"name":"Home","item":"https:\/\/setra.mk\/"},{"@type":"ListItem","position":2,"name":"\u041f\u0440\u043e\u0438\u0437\u0432\u043e\u0434\u0438","item":"https:\/\/setra.mk\/shop\/"},{"@type":"ListItem","position":3,"name":"Imou Bullet 2C 2Mpx Outdoor Camera with AI human detection"}]},{"@type":"WebSite","@id":"https:\/\/setra.mk\/#website","url":"https:\/\/setra.mk\/","name":"Setra","description":"\u0414\u041e\u041e\u0415\u041b \u0421\u043a\u043e\u043f\u0458\u0435","publisher":{"@id":"https:\/\/setra.mk\/#organization"},"potentialAction":[{"@type":"SearchAction","target":{"@type":"EntryPoint","urlTemplate":"https:\/\/setra.mk\/?s={search_term_string}"},"query-input":{"@type":"PropertyValueSpecification","valueRequired":true,"valueName":"search_term_string"}}],"inLanguage":"en-US"},{"@type":"Organization","@id":"https:\/\/setra.mk\/#organization","name":"\u0421\u0435\u0442\u0440\u0430 \u0414\u041e\u041e\u0415\u041b \u0421\u043a\u043e\u043f\u0458\u0435","url":"https:\/\/setra.mk\/","logo":{"@type":"ImageObject","inLanguage":"en-US","@id":"https:\/\/setra.mk\/#\/schema\/logo\/image\/","url":"https:\/\/setra.mk\/wp-content\/uploads\/2018\/05\/Setra-Logo-01.png","contentUrl":"https:\/\/setra.mk\/wp-content\/uploads\/2018\/05\/Setra-Logo-01.png","width":2145,"height":819,"caption":"\u0421\u0435\u0442\u0440\u0430 \u0414\u041e\u041e\u0415\u041b \u0421\u043a\u043e\u043f\u0458\u0435"},"image":{"@id":"https:\/\/setra.mk\/#\/schema\/logo\/image\/"},"sameAs":["https:\/\/www.facebook.com\/itmarketsetra\/"]}]}},"_links":{"self":[{"href":"https:\/\/setra.mk\/en\/wp-json\/wp\/v2\/product\/20920","targetHints":{"allow":["GET"]}}],"collection":[{"href":"https:\/\/setra.mk\/en\/wp-json\/wp\/v2\/product"}],"about":[{"href":"https:\/\/setra.mk\/en\/wp-json\/wp\/v2\/types\/product"}],"wp:featuredmedia":[{"embeddable":true,"href":"https:\/\/setra.mk\/en\/wp-json\/wp\/v2\/media\/20922"}],"wp:attachment":[{"href":"https:\/\/setra.mk\/en\/wp-json\/wp\/v2\/media?parent=20920"}],"wp:term":[{"taxonomy":"product_brand","embeddable":true,"href":"https:\/\/setra.mk\/en\/wp-json\/wp\/v2\/product_brand?post=20920"},{"taxonomy":"product_cat","embeddable":true,"href":"https:\/\/setra.mk\/en\/wp-json\/wp\/v2\/product_cat?post=20920"},{"taxonomy":"product_tag","embeddable":true,"href":"https:\/\/setra.mk\/en\/wp-json\/wp\/v2\/product_tag?post=20920"}],"curies":[{"name":"wp","href":"https:\/\/api.w.org\/{rel}","templated":true}]}}