{"id":20929,"date":"2024-04-04T13:21:59","date_gmt":"2024-04-04T11:21:59","guid":{"rendered":"https:\/\/setra.mk\/?post_type=product&#038;p=20929"},"modified":"2024-09-05T13:58:44","modified_gmt":"2024-09-05T11:58:44","slug":"imou-cruiser-2-3mpx-outdoor-camera-3k-qhd-smart-full-color-micro-sd-64gb-class-10","status":"publish","type":"product","link":"https:\/\/setra.mk\/en\/product\/imou-cruiser-2-3mpx-outdoor-camera-3k-qhd-smart-full-color-micro-sd-64gb-class-10\/","title":{"rendered":"Imou Cruiser 2 3Mpx Outdoor Camera 3K QHD Smart Full color + Micro SD 64GB class 10"},"content":{"rendered":"<p class=\"specs-title\" data-v-f1d06957=\"\">Specifications<\/p>\n<div class=\"specs-child\" data-v-f1d06957=\"\">\n<div class=\"child-item\" data-v-f1d06957=\"\">\n<p class=\"child-title\" data-v-f1d06957=\"\">Camera<\/p>\n<div class=\"child-content\" data-v-f1d06957=\"\">\n<p>1\/2.8\u201d3 Megapixel Progressive CMOS<\/p>\n<p>3MP (2304 x 1296)<\/p>\n<p>Night Vision: 30m(98ft) Distance<\/p>\n<p>3.6mm Fixed Lens<\/p>\n<p>Field of View: 82\u00b0(H), 42\u00b0(V),100\u00b0(D)<\/p>\n<p>0~340\u00b0Pan &#038; 0~90\u00b0Tilt<\/p>\n<\/div>\n<\/div>\n<div class=\"child-item\" data-v-f1d06957=\"\">\n<p class=\"child-title\" data-v-f1d06957=\"\">Network<\/p>\n<div class=\"child-content\" data-v-f1d06957=\"\">\n<p>1 x 100Mbps Ethernet Port<\/p>\n<p>Wi-Fi 6:IEEE802.11ax\/b\/g\/n, Dual Antenna 120m Open Field<\/p>\n<p>Imou App: iOS, Android<\/p>\n<p>ONVIF<\/p>\n<\/div>\n<\/div>\n<div class=\"child-item\" data-v-f1d06957=\"\">\n<p class=\"child-title\" data-v-f1d06957=\"\">Video &#038; Audio<\/p>\n<div class=\"child-content\" data-v-f1d06957=\"\">\n<p>Video Compression : H.265\/H.264<\/p>\n<p>Up to 25\/30 fps Frame Rate<\/p>\n<p>8x Digital Zoom<\/p>\n<p>Built-in Mic &#038; Speaker, 110dB Siren<\/p>\n<p>Two-way Audio<\/p>\n<\/div>\n<\/div>\n<div class=\"child-item\" data-v-f1d06957=\"\">\n<p class=\"child-title\" data-v-f1d06957=\"\">Auxiliary Interface<\/p>\n<div class=\"child-content\" data-v-f1d06957=\"\">\n<p>Micro SD Card Slot (up to 256GB)<\/p>\n<p>Built-in Mic &#038; Speaker<\/p>\n<p>Reset Button<\/p>\n<\/div>\n<\/div>\n<div class=\"child-item\" data-v-f1d06957=\"\">\n<p class=\"child-title\" data-v-f1d06957=\"\">Notice Management<\/p>\n<div class=\"child-content\" data-v-f1d06957=\"\">\n<p>Motion Detection<\/p>\n<p>Configurable Region<\/p>\n<p>Human Detection<\/p>\n<p>Vehicle Detection<\/p>\n<\/div>\n<\/div>\n<div class=\"child-item\" data-v-f1d06957=\"\">\n<p class=\"child-title\" data-v-f1d06957=\"\">General<\/p>\n<div class=\"child-content\" data-v-f1d06957=\"\">\n<p>DC 12V1A Power Supply<\/p>\n<p>Power Consumption:<12 W\n\nMaterial: Plastic\n\nWorking Environment:-30\u00b0C~+60\u00b0C, Less Than 95%RH\n\nDimensions: 110.4 \u00d7 128.8\u00d7 132.7mm (4.33\u00d7 5.07 \u00d7 5.22 inch)\n\nWeight: 370g (0.82lb)\n\nCE, FCC, UKCA\n\nIP66\n\n<a href=\"https:\/\/www.imoulife.com\/en\/product\/detail\/cruiser2\">\u041f\u043e\u0432\u0435\u045c\u0435 \u0437\u0430 \u043f\u0440\u043e\u0438\u0437\u0432\u043e\u0434\u043e\u0442<\/a><\/p>\n<\/div>\n<\/div>\n<\/div>\n","protected":false},"excerpt":{"rendered":"<p>Specifications Camera 1\/2.8\u201d3 Megapixel Progressive CMOS 3MP (2304 x 1296) Night Vision: 30m(98ft) Distance 3.6mm Fixed Lens Field of View: 82\u00b0(H), 42\u00b0(V),100\u00b0(D) 0~340\u00b0Pan &#038; 0~90\u00b0Tilt Network 1 x 100Mbps Ethernet Port Wi-Fi 6:IEEE802.11ax\/b\/g\/n, Dual Antenna 120m Open Field Imou App: iOS, Android ONVIF Video &#038; Audio Video Compression : H.265\/H.264 Up to 25\/30 fps Frame [&hellip;]<\/p>\n","protected":false},"featured_media":20931,"template":"","meta":{"rs_blank_template":"","rs_page_bg_color":"","slide_template_v7":""},"product_brand":[],"product_cat":[664],"product_tag":[],"class_list":{"0":"post-20929","1":"product","2":"type-product","3":"status-publish","4":"has-post-thumbnail","6":"product_cat-video-nadzor","7":"Brend-imou","9":"first","10":"outofstock","11":"taxable","12":"shipping-taxable","13":"purchasable","14":"product-type-simple"},"yoast_head":"<!-- This site is optimized with the Yoast SEO plugin v27.4 - https:\/\/yoast.com\/product\/yoast-seo-wordpress\/ -->\n<title>Imou Cruiser 2 3Mpx Outdoor Camera 3K QHD Smart Full color + Micro SD 64GB class 10<\/title>\n<meta name=\"robots\" content=\"index, follow, max-snippet:-1, max-image-preview:large, max-video-preview:-1\" \/>\n<link rel=\"canonical\" href=\"https:\/\/setra.mk\/en\/product\/imou-cruiser-2-3mpx-outdoor-camera-3k-qhd-smart-full-color-micro-sd-64gb-class-10\/\" \/>\n<meta property=\"og:locale\" content=\"en_US\" \/>\n<meta property=\"og:locale:alternate\" content=\"mk_MK\" \/>\n<meta property=\"og:type\" content=\"article\" \/>\n<meta property=\"og:title\" content=\"Imou Cruiser 2 3Mpx Outdoor Camera 3K QHD Smart Full color + Micro SD 64GB class 10\" \/>\n<meta property=\"og:description\" content=\"Specifications Camera 1\/2.8\u201d3 Megapixel Progressive CMOS 3MP (2304 x 1296) Night Vision: 30m(98ft) Distance 3.6mm Fixed Lens Field of View: 82\u00b0(H), 42\u00b0(V),100\u00b0(D) 0~340\u00b0Pan &amp; 0~90\u00b0Tilt Network 1 x 100Mbps Ethernet Port Wi-Fi 6:IEEE802.11ax\/b\/g\/n, Dual Antenna 120m Open Field Imou App: iOS, Android ONVIF Video &amp; Audio Video Compression : H.265\/H.264 Up to 25\/30 fps Frame [&hellip;]\" \/>\n<meta property=\"og:url\" content=\"https:\/\/setra.mk\/en\/product\/imou-cruiser-2-3mpx-outdoor-camera-3k-qhd-smart-full-color-micro-sd-64gb-class-10\/\" \/>\n<meta property=\"og:site_name\" content=\"Setra\" \/>\n<meta property=\"article:publisher\" content=\"https:\/\/www.facebook.com\/itmarketsetra\/\" \/>\n<meta property=\"article:modified_time\" content=\"2024-09-05T11:58:44+00:00\" \/>\n<meta property=\"og:image\" content=\"https:\/\/setra.mk\/wp-content\/uploads\/2024\/04\/Cruiser-2-1.jpg\" \/>\n\t<meta property=\"og:image:width\" content=\"750\" \/>\n\t<meta property=\"og:image:height\" content=\"720\" \/>\n\t<meta property=\"og:image:type\" content=\"image\/jpeg\" \/>\n<meta name=\"twitter:card\" content=\"summary_large_image\" \/>\n<meta name=\"twitter:label1\" content=\"Est. reading time\" \/>\n\t<meta name=\"twitter:data1\" content=\"1 minute\" \/>\n<script type=\"application\/ld+json\" class=\"yoast-schema-graph\">{\"@context\":\"https:\\\/\\\/schema.org\",\"@graph\":[{\"@type\":\"WebPage\",\"@id\":\"https:\\\/\\\/setra.mk\\\/product\\\/imou-cruiser-2-3mpx-outdoor-camera-3k-qhd-smart-full-color-micro-sd-64gb-class-10\\\/\",\"url\":\"https:\\\/\\\/setra.mk\\\/product\\\/imou-cruiser-2-3mpx-outdoor-camera-3k-qhd-smart-full-color-micro-sd-64gb-class-10\\\/\",\"name\":\"Imou Cruiser 2 3Mpx Outdoor Camera 3K QHD Smart Full color + Micro SD 64GB class 10\",\"isPartOf\":{\"@id\":\"https:\\\/\\\/setra.mk\\\/#website\"},\"primaryImageOfPage\":{\"@id\":\"https:\\\/\\\/setra.mk\\\/product\\\/imou-cruiser-2-3mpx-outdoor-camera-3k-qhd-smart-full-color-micro-sd-64gb-class-10\\\/#primaryimage\"},\"image\":{\"@id\":\"https:\\\/\\\/setra.mk\\\/product\\\/imou-cruiser-2-3mpx-outdoor-camera-3k-qhd-smart-full-color-micro-sd-64gb-class-10\\\/#primaryimage\"},\"thumbnailUrl\":\"https:\\\/\\\/setra.mk\\\/wp-content\\\/uploads\\\/2024\\\/04\\\/Cruiser-2.jpg\",\"datePublished\":\"2024-04-04T11:21:59+00:00\",\"dateModified\":\"2024-09-05T11:58:44+00:00\",\"breadcrumb\":{\"@id\":\"https:\\\/\\\/setra.mk\\\/product\\\/imou-cruiser-2-3mpx-outdoor-camera-3k-qhd-smart-full-color-micro-sd-64gb-class-10\\\/#breadcrumb\"},\"inLanguage\":\"en-US\",\"potentialAction\":[{\"@type\":\"ReadAction\",\"target\":[\"https:\\\/\\\/setra.mk\\\/product\\\/imou-cruiser-2-3mpx-outdoor-camera-3k-qhd-smart-full-color-micro-sd-64gb-class-10\\\/\"]}]},{\"@type\":\"ImageObject\",\"inLanguage\":\"en-US\",\"@id\":\"https:\\\/\\\/setra.mk\\\/product\\\/imou-cruiser-2-3mpx-outdoor-camera-3k-qhd-smart-full-color-micro-sd-64gb-class-10\\\/#primaryimage\",\"url\":\"https:\\\/\\\/setra.mk\\\/wp-content\\\/uploads\\\/2024\\\/04\\\/Cruiser-2.jpg\",\"contentUrl\":\"https:\\\/\\\/setra.mk\\\/wp-content\\\/uploads\\\/2024\\\/04\\\/Cruiser-2.jpg\",\"width\":750,\"height\":750},{\"@type\":\"BreadcrumbList\",\"@id\":\"https:\\\/\\\/setra.mk\\\/product\\\/imou-cruiser-2-3mpx-outdoor-camera-3k-qhd-smart-full-color-micro-sd-64gb-class-10\\\/#breadcrumb\",\"itemListElement\":[{\"@type\":\"ListItem\",\"position\":1,\"name\":\"Home\",\"item\":\"https:\\\/\\\/setra.mk\\\/\"},{\"@type\":\"ListItem\",\"position\":2,\"name\":\"\u041f\u0440\u043e\u0438\u0437\u0432\u043e\u0434\u0438\",\"item\":\"https:\\\/\\\/setra.mk\\\/shop\\\/\"},{\"@type\":\"ListItem\",\"position\":3,\"name\":\"Imou Cruiser 2 3Mpx Outdoor Camera 3K QHD Smart Full color + Micro SD 64GB class 10\"}]},{\"@type\":\"WebSite\",\"@id\":\"https:\\\/\\\/setra.mk\\\/#website\",\"url\":\"https:\\\/\\\/setra.mk\\\/\",\"name\":\"Setra\",\"description\":\"\u0414\u041e\u041e\u0415\u041b \u0421\u043a\u043e\u043f\u0458\u0435\",\"publisher\":{\"@id\":\"https:\\\/\\\/setra.mk\\\/#organization\"},\"potentialAction\":[{\"@type\":\"SearchAction\",\"target\":{\"@type\":\"EntryPoint\",\"urlTemplate\":\"https:\\\/\\\/setra.mk\\\/?s={search_term_string}\"},\"query-input\":{\"@type\":\"PropertyValueSpecification\",\"valueRequired\":true,\"valueName\":\"search_term_string\"}}],\"inLanguage\":\"en-US\"},{\"@type\":\"Organization\",\"@id\":\"https:\\\/\\\/setra.mk\\\/#organization\",\"name\":\"\u0421\u0435\u0442\u0440\u0430 \u0414\u041e\u041e\u0415\u041b \u0421\u043a\u043e\u043f\u0458\u0435\",\"url\":\"https:\\\/\\\/setra.mk\\\/\",\"logo\":{\"@type\":\"ImageObject\",\"inLanguage\":\"en-US\",\"@id\":\"https:\\\/\\\/setra.mk\\\/#\\\/schema\\\/logo\\\/image\\\/\",\"url\":\"https:\\\/\\\/setra.mk\\\/wp-content\\\/uploads\\\/2018\\\/05\\\/Setra-Logo-01.png\",\"contentUrl\":\"https:\\\/\\\/setra.mk\\\/wp-content\\\/uploads\\\/2018\\\/05\\\/Setra-Logo-01.png\",\"width\":2145,\"height\":819,\"caption\":\"\u0421\u0435\u0442\u0440\u0430 \u0414\u041e\u041e\u0415\u041b \u0421\u043a\u043e\u043f\u0458\u0435\"},\"image\":{\"@id\":\"https:\\\/\\\/setra.mk\\\/#\\\/schema\\\/logo\\\/image\\\/\"},\"sameAs\":[\"https:\\\/\\\/www.facebook.com\\\/itmarketsetra\\\/\"]}]}<\/script>\n<!-- \/ Yoast SEO plugin. -->","yoast_head_json":{"title":"Imou Cruiser 2 3Mpx Outdoor Camera 3K QHD Smart Full color + Micro SD 64GB class 10","robots":{"index":"index","follow":"follow","max-snippet":"max-snippet:-1","max-image-preview":"max-image-preview:large","max-video-preview":"max-video-preview:-1"},"canonical":"https:\/\/setra.mk\/en\/product\/imou-cruiser-2-3mpx-outdoor-camera-3k-qhd-smart-full-color-micro-sd-64gb-class-10\/","og_locale":"en_US","og_type":"article","og_title":"[:mk]Imou Cruiser 2 3Mpx Outdoor Camera 3K QHD Smart Full color + Micro SD 64GB class 10[:] - Setra","og_description":"Specifications Camera 1\/2.8\u201d3 Megapixel Progressive CMOS 3MP (2304 x 1296) Night Vision: 30m(98ft) Distance 3.6mm Fixed Lens Field of View: 82\u00b0(H), 42\u00b0(V),100\u00b0(D) 0~340\u00b0Pan &#038; 0~90\u00b0Tilt Network 1 x 100Mbps Ethernet Port Wi-Fi 6:IEEE802.11ax\/b\/g\/n, Dual Antenna 120m Open Field Imou App: iOS, Android ONVIF Video &#038; Audio Video Compression : H.265\/H.264 Up to 25\/30 fps Frame [&hellip;]","og_url":"https:\/\/setra.mk\/en\/product\/imou-cruiser-2-3mpx-outdoor-camera-3k-qhd-smart-full-color-micro-sd-64gb-class-10\/","og_site_name":"Setra","article_publisher":"https:\/\/www.facebook.com\/itmarketsetra\/","article_modified_time":"2024-09-05T11:58:44+00:00","og_image":[{"width":750,"height":720,"url":"https:\/\/setra.mk\/wp-content\/uploads\/2024\/04\/Cruiser-2-1.jpg","type":"image\/jpeg"}],"twitter_card":"summary_large_image","twitter_misc":{"Est. reading time":"1 minute"},"schema":{"@context":"https:\/\/schema.org","@graph":[{"@type":"WebPage","@id":"https:\/\/setra.mk\/product\/imou-cruiser-2-3mpx-outdoor-camera-3k-qhd-smart-full-color-micro-sd-64gb-class-10\/","url":"https:\/\/setra.mk\/product\/imou-cruiser-2-3mpx-outdoor-camera-3k-qhd-smart-full-color-micro-sd-64gb-class-10\/","name":"Imou Cruiser 2 3Mpx Outdoor Camera 3K QHD Smart Full color + Micro SD 64GB class 10","isPartOf":{"@id":"https:\/\/setra.mk\/#website"},"primaryImageOfPage":{"@id":"https:\/\/setra.mk\/product\/imou-cruiser-2-3mpx-outdoor-camera-3k-qhd-smart-full-color-micro-sd-64gb-class-10\/#primaryimage"},"image":{"@id":"https:\/\/setra.mk\/product\/imou-cruiser-2-3mpx-outdoor-camera-3k-qhd-smart-full-color-micro-sd-64gb-class-10\/#primaryimage"},"thumbnailUrl":"https:\/\/setra.mk\/wp-content\/uploads\/2024\/04\/Cruiser-2.jpg","datePublished":"2024-04-04T11:21:59+00:00","dateModified":"2024-09-05T11:58:44+00:00","breadcrumb":{"@id":"https:\/\/setra.mk\/product\/imou-cruiser-2-3mpx-outdoor-camera-3k-qhd-smart-full-color-micro-sd-64gb-class-10\/#breadcrumb"},"inLanguage":"en-US","potentialAction":[{"@type":"ReadAction","target":["https:\/\/setra.mk\/product\/imou-cruiser-2-3mpx-outdoor-camera-3k-qhd-smart-full-color-micro-sd-64gb-class-10\/"]}]},{"@type":"ImageObject","inLanguage":"en-US","@id":"https:\/\/setra.mk\/product\/imou-cruiser-2-3mpx-outdoor-camera-3k-qhd-smart-full-color-micro-sd-64gb-class-10\/#primaryimage","url":"https:\/\/setra.mk\/wp-content\/uploads\/2024\/04\/Cruiser-2.jpg","contentUrl":"https:\/\/setra.mk\/wp-content\/uploads\/2024\/04\/Cruiser-2.jpg","width":750,"height":750},{"@type":"BreadcrumbList","@id":"https:\/\/setra.mk\/product\/imou-cruiser-2-3mpx-outdoor-camera-3k-qhd-smart-full-color-micro-sd-64gb-class-10\/#breadcrumb","itemListElement":[{"@type":"ListItem","position":1,"name":"Home","item":"https:\/\/setra.mk\/"},{"@type":"ListItem","position":2,"name":"\u041f\u0440\u043e\u0438\u0437\u0432\u043e\u0434\u0438","item":"https:\/\/setra.mk\/shop\/"},{"@type":"ListItem","position":3,"name":"Imou Cruiser 2 3Mpx Outdoor Camera 3K QHD Smart Full color + Micro SD 64GB class 10"}]},{"@type":"WebSite","@id":"https:\/\/setra.mk\/#website","url":"https:\/\/setra.mk\/","name":"Setra","description":"\u0414\u041e\u041e\u0415\u041b \u0421\u043a\u043e\u043f\u0458\u0435","publisher":{"@id":"https:\/\/setra.mk\/#organization"},"potentialAction":[{"@type":"SearchAction","target":{"@type":"EntryPoint","urlTemplate":"https:\/\/setra.mk\/?s={search_term_string}"},"query-input":{"@type":"PropertyValueSpecification","valueRequired":true,"valueName":"search_term_string"}}],"inLanguage":"en-US"},{"@type":"Organization","@id":"https:\/\/setra.mk\/#organization","name":"\u0421\u0435\u0442\u0440\u0430 \u0414\u041e\u041e\u0415\u041b \u0421\u043a\u043e\u043f\u0458\u0435","url":"https:\/\/setra.mk\/","logo":{"@type":"ImageObject","inLanguage":"en-US","@id":"https:\/\/setra.mk\/#\/schema\/logo\/image\/","url":"https:\/\/setra.mk\/wp-content\/uploads\/2018\/05\/Setra-Logo-01.png","contentUrl":"https:\/\/setra.mk\/wp-content\/uploads\/2018\/05\/Setra-Logo-01.png","width":2145,"height":819,"caption":"\u0421\u0435\u0442\u0440\u0430 \u0414\u041e\u041e\u0415\u041b \u0421\u043a\u043e\u043f\u0458\u0435"},"image":{"@id":"https:\/\/setra.mk\/#\/schema\/logo\/image\/"},"sameAs":["https:\/\/www.facebook.com\/itmarketsetra\/"]}]}},"_links":{"self":[{"href":"https:\/\/setra.mk\/en\/wp-json\/wp\/v2\/product\/20929","targetHints":{"allow":["GET"]}}],"collection":[{"href":"https:\/\/setra.mk\/en\/wp-json\/wp\/v2\/product"}],"about":[{"href":"https:\/\/setra.mk\/en\/wp-json\/wp\/v2\/types\/product"}],"wp:featuredmedia":[{"embeddable":true,"href":"https:\/\/setra.mk\/en\/wp-json\/wp\/v2\/media\/20931"}],"wp:attachment":[{"href":"https:\/\/setra.mk\/en\/wp-json\/wp\/v2\/media?parent=20929"}],"wp:term":[{"taxonomy":"product_brand","embeddable":true,"href":"https:\/\/setra.mk\/en\/wp-json\/wp\/v2\/product_brand?post=20929"},{"taxonomy":"product_cat","embeddable":true,"href":"https:\/\/setra.mk\/en\/wp-json\/wp\/v2\/product_cat?post=20929"},{"taxonomy":"product_tag","embeddable":true,"href":"https:\/\/setra.mk\/en\/wp-json\/wp\/v2\/product_tag?post=20929"}],"curies":[{"name":"wp","href":"https:\/\/api.w.org\/{rel}","templated":true}]}}