{"id":21312,"date":"2024-06-18T16:07:41","date_gmt":"2024-06-18T14:07:41","guid":{"rendered":"https:\/\/setra.mk\/?post_type=product&#038;p=21312"},"modified":"2025-03-19T12:56:49","modified_gmt":"2025-03-19T10:56:49","slug":"tp-link-pci-express-wireless-adapter-archer-t2e-ac600-600mbps","status":"publish","type":"product","link":"https:\/\/setra.mk\/en\/product\/tp-link-pci-express-wireless-adapter-archer-t2e-ac600-600mbps\/","title":{"rendered":"TP-Link PCI Express Wireless Adapter Archer T2E AC600 600Mbps"},"content":{"rendered":"<table>\n<thead class=\"\">\n<tr id=\"tr_603\" class=\"\">\n<th class=\"\" colspan=\"2\"><a aria-label=\"HARDWARE FEATURES\">HARDWARE FEATURES<\/a><\/th>\n<\/tr>\n<\/thead>\n<tbody>\n<tr id=\"tr_694\">\n<th width=\"35%\">Interface<\/th>\n<td width=\"65%\">PCI Express<\/td>\n<\/tr>\n<tr id=\"tr_5743\">\n<th width=\"35%\">Dimensions<\/th>\n<td width=\"65%\">4.76 \u00d7 3.09 \u00d7 0.85 in (120.8 \u00d7 78.5 \u00d7 21.5 mm)<\/td>\n<\/tr>\n<tr id=\"tr_696\">\n<th width=\"35%\">Antenna<\/th>\n<td width=\"65%\">1 Detachable External Antenna<\/td>\n<\/tr>\n<\/tbody>\n<\/table>\n<table>\n<thead>\n<tr id=\"tr_604\">\n<th colspan=\"2\"><a aria-label=\"WIRELESS FEATURES\">WIRELESS FEATURES<\/a><\/th>\n<\/tr>\n<\/thead>\n<tbody>\n<tr id=\"tr_1058\">\n<th width=\"35%\">Wireless Standards<\/th>\n<td width=\"65%\">IEEE 802.11b\/g\/n 2.4 GHz, IEEE 802.11a\/n\/ac 5 GHz<\/td>\n<\/tr>\n<tr id=\"tr_699\">\n<th width=\"35%\">Signal Rate<\/th>\n<td width=\"65%\">5 GHz:<br \/>\n11ac: Up to 433 Mbps(dynamic)<br \/>\n11n: Up to 200 Mbps(dynamic)<br \/>\n11a: Up to 54 Mbps(dynamic)<br \/>\n2.4 GHz:<br \/>\n11n: Up to 200 Mbps(dynamic)<br \/>\n11g: Up to 54 Mbps(dynamic)<br \/>\n11b: Up to 11 Mbps(dynamic)<\/td>\n<\/tr>\n<tr id=\"tr_701\">\n<th width=\"35%\">Reception Sensitivity<\/th>\n<td width=\"65%\">5GHz:<br \/>\n11ac HT80:-59.0dBm<br \/>\n11n HT40:-68.0dBm<br \/>\n11a 54Mbps:-73.0dBm<br \/>\n11a 6Mbps:-90.0dBm<br \/>\n2.4GHz:<br \/>\n11n HT40:-70dBm<br \/>\n11g 54Mbps:-75dBm<br \/>\n11b 11Mbps:-87dBm<\/td>\n<\/tr>\n<tr id=\"tr_700\">\n<th width=\"35%\">Transmit Power<\/th>\n<td width=\"65%\">5GHz:18dBm(FCC)\/23dBm(CE)(EIRP)<br \/>\n2.4GHz:18dBm(FCC)\/20dBm(CE)(EIRP)<\/td>\n<\/tr>\n<tr id=\"tr_702\">\n<th width=\"35%\">Wireless Modes<\/th>\n<td width=\"65%\">Infrastructure mode<\/td>\n<\/tr>\n<tr id=\"tr_704\">\n<th width=\"35%\">Wireless Security<\/th>\n<td width=\"65%\">WEP, WPA\/WPA2\/WPA3, WPA-PSK\/WPA2-PSK\/WPA3-SAE<\/td>\n<\/tr>\n<tr id=\"tr_1059\">\n<th width=\"35%\">Modulation Technology<\/th>\n<td width=\"65%\">DBPSK, DQPSK, CCK, OFDM, 16-QAM, 64-QAM, 256-QAM<\/td>\n<\/tr>\n<\/tbody>\n<\/table>\n<table>\n<thead>\n<tr id=\"tr_606\">\n<th colspan=\"2\"><a aria-label=\"OTHERS\">OTHERS<\/a><\/th>\n<\/tr>\n<\/thead>\n<tbody>\n<tr id=\"tr_714\">\n<th width=\"35%\">Certification<\/th>\n<td width=\"65%\">FCC, CE, RoHS<\/td>\n<\/tr>\n<tr id=\"tr_715\">\n<th width=\"35%\">Package Contents<\/th>\n<td width=\"65%\">AC600 Wireless Dual Band PCI Express Adapter<br \/>\nArcher T2E<br \/>\nLow-Profile Bracket<br \/>\nQuick Installation Guide<br \/>\nResource CD<\/td>\n<\/tr>\n<tr id=\"tr_716\">\n<th width=\"35%\">System Requirements<\/th>\n<td width=\"65%\">Windows 10<\/td>\n<\/tr>\n<tr id=\"tr_717\">\n<th width=\"35%\">Environment<\/th>\n<td width=\"65%\">Operating Temperature: 0\u2103~40\u2103 (32\u2109 ~104\u2109)<br \/>\nOperating Humidity: 10%~90% non-condensing<br \/>\nStorage Humidity: 5%~90% non-condensing<\/td>\n<\/tr>\n<\/tbody>\n<\/table>\n","protected":false},"excerpt":{"rendered":"<p>\u0413\u0430\u0440\u0430\u043d\u0446\u0438\u0458\u0430: 12 \u043c\u0435\u0441\u0435\u0446\u0438<\/p>\n","protected":false},"featured_media":21316,"template":"","meta":{"rs_blank_template":"","rs_page_bg_color":"","slide_template_v7":""},"product_brand":[],"product_cat":[265,268],"product_tag":[],"class_list":{"0":"post-21312","1":"product","2":"type-product","3":"status-publish","4":"has-post-thumbnail","6":"product_cat-networking","7":"product_cat-network-adapters","8":"Brend-tp-link","10":"first","11":"instock","12":"taxable","13":"shipping-taxable","14":"purchasable","15":"product-type-simple"},"yoast_head":"<!-- This site is optimized with the Yoast SEO plugin v27.4 - https:\/\/yoast.com\/product\/yoast-seo-wordpress\/ -->\n<title>TP-Link PCI Express Wireless Adapter Archer T2E AC600 600Mbps<\/title>\n<meta name=\"robots\" content=\"index, follow, max-snippet:-1, max-image-preview:large, max-video-preview:-1\" \/>\n<link rel=\"canonical\" href=\"https:\/\/setra.mk\/en\/product\/tp-link-pci-express-wireless-adapter-archer-t2e-ac600-600mbps\/\" \/>\n<meta property=\"og:locale\" content=\"en_US\" \/>\n<meta property=\"og:locale:alternate\" content=\"mk_MK\" \/>\n<meta property=\"og:type\" content=\"article\" \/>\n<meta property=\"og:title\" content=\"TP-Link PCI Express Wireless Adapter Archer T2E AC600 600Mbps\" \/>\n<meta property=\"og:description\" content=\"\u0413\u0430\u0440\u0430\u043d\u0446\u0438\u0458\u0430: 12 \u043c\u0435\u0441\u0435\u0446\u0438\" \/>\n<meta property=\"og:url\" content=\"https:\/\/setra.mk\/en\/product\/tp-link-pci-express-wireless-adapter-archer-t2e-ac600-600mbps\/\" \/>\n<meta property=\"og:site_name\" content=\"Setra\" \/>\n<meta property=\"article:publisher\" content=\"https:\/\/www.facebook.com\/itmarketsetra\/\" \/>\n<meta property=\"article:modified_time\" content=\"2025-03-19T10:56:49+00:00\" \/>\n<meta property=\"og:image\" content=\"https:\/\/setra.mk\/wp-content\/uploads\/2024\/06\/1200x630-4.png\" \/>\n\t<meta property=\"og:image:width\" content=\"1200\" \/>\n\t<meta property=\"og:image:height\" content=\"630\" \/>\n\t<meta property=\"og:image:type\" content=\"image\/png\" \/>\n<meta name=\"twitter:card\" content=\"summary_large_image\" \/>\n<meta name=\"twitter:label1\" content=\"Est. reading time\" \/>\n\t<meta name=\"twitter:data1\" content=\"2 minutes\" \/>\n<script type=\"application\/ld+json\" class=\"yoast-schema-graph\">{\"@context\":\"https:\\\/\\\/schema.org\",\"@graph\":[{\"@type\":\"WebPage\",\"@id\":\"https:\\\/\\\/setra.mk\\\/product\\\/tp-link-pci-express-wireless-adapter-archer-t2e-ac600-600mbps\\\/\",\"url\":\"https:\\\/\\\/setra.mk\\\/product\\\/tp-link-pci-express-wireless-adapter-archer-t2e-ac600-600mbps\\\/\",\"name\":\"TP-Link PCI Express Wireless Adapter Archer T2E AC600 600Mbps\",\"isPartOf\":{\"@id\":\"https:\\\/\\\/setra.mk\\\/#website\"},\"primaryImageOfPage\":{\"@id\":\"https:\\\/\\\/setra.mk\\\/product\\\/tp-link-pci-express-wireless-adapter-archer-t2e-ac600-600mbps\\\/#primaryimage\"},\"image\":{\"@id\":\"https:\\\/\\\/setra.mk\\\/product\\\/tp-link-pci-express-wireless-adapter-archer-t2e-ac600-600mbps\\\/#primaryimage\"},\"thumbnailUrl\":\"https:\\\/\\\/setra.mk\\\/wp-content\\\/uploads\\\/2024\\\/06\\\/Archer-T2E_overview_03_large_1612926655968v.jpg\",\"datePublished\":\"2024-06-18T14:07:41+00:00\",\"dateModified\":\"2025-03-19T10:56:49+00:00\",\"breadcrumb\":{\"@id\":\"https:\\\/\\\/setra.mk\\\/product\\\/tp-link-pci-express-wireless-adapter-archer-t2e-ac600-600mbps\\\/#breadcrumb\"},\"inLanguage\":\"en-US\",\"potentialAction\":[{\"@type\":\"ReadAction\",\"target\":[\"https:\\\/\\\/setra.mk\\\/product\\\/tp-link-pci-express-wireless-adapter-archer-t2e-ac600-600mbps\\\/\"]}]},{\"@type\":\"ImageObject\",\"inLanguage\":\"en-US\",\"@id\":\"https:\\\/\\\/setra.mk\\\/product\\\/tp-link-pci-express-wireless-adapter-archer-t2e-ac600-600mbps\\\/#primaryimage\",\"url\":\"https:\\\/\\\/setra.mk\\\/wp-content\\\/uploads\\\/2024\\\/06\\\/Archer-T2E_overview_03_large_1612926655968v.jpg\",\"contentUrl\":\"https:\\\/\\\/setra.mk\\\/wp-content\\\/uploads\\\/2024\\\/06\\\/Archer-T2E_overview_03_large_1612926655968v.jpg\",\"width\":900,\"height\":900},{\"@type\":\"BreadcrumbList\",\"@id\":\"https:\\\/\\\/setra.mk\\\/product\\\/tp-link-pci-express-wireless-adapter-archer-t2e-ac600-600mbps\\\/#breadcrumb\",\"itemListElement\":[{\"@type\":\"ListItem\",\"position\":1,\"name\":\"Home\",\"item\":\"https:\\\/\\\/setra.mk\\\/\"},{\"@type\":\"ListItem\",\"position\":2,\"name\":\"\u041f\u0440\u043e\u0438\u0437\u0432\u043e\u0434\u0438\",\"item\":\"https:\\\/\\\/setra.mk\\\/shop\\\/\"},{\"@type\":\"ListItem\",\"position\":3,\"name\":\"TP-Link PCI Express Wireless Adapter Archer T2E AC600 600Mbps\"}]},{\"@type\":\"WebSite\",\"@id\":\"https:\\\/\\\/setra.mk\\\/#website\",\"url\":\"https:\\\/\\\/setra.mk\\\/\",\"name\":\"Setra\",\"description\":\"\u0414\u041e\u041e\u0415\u041b \u0421\u043a\u043e\u043f\u0458\u0435\",\"publisher\":{\"@id\":\"https:\\\/\\\/setra.mk\\\/#organization\"},\"potentialAction\":[{\"@type\":\"SearchAction\",\"target\":{\"@type\":\"EntryPoint\",\"urlTemplate\":\"https:\\\/\\\/setra.mk\\\/?s={search_term_string}\"},\"query-input\":{\"@type\":\"PropertyValueSpecification\",\"valueRequired\":true,\"valueName\":\"search_term_string\"}}],\"inLanguage\":\"en-US\"},{\"@type\":\"Organization\",\"@id\":\"https:\\\/\\\/setra.mk\\\/#organization\",\"name\":\"\u0421\u0435\u0442\u0440\u0430 \u0414\u041e\u041e\u0415\u041b \u0421\u043a\u043e\u043f\u0458\u0435\",\"url\":\"https:\\\/\\\/setra.mk\\\/\",\"logo\":{\"@type\":\"ImageObject\",\"inLanguage\":\"en-US\",\"@id\":\"https:\\\/\\\/setra.mk\\\/#\\\/schema\\\/logo\\\/image\\\/\",\"url\":\"https:\\\/\\\/setra.mk\\\/wp-content\\\/uploads\\\/2018\\\/05\\\/Setra-Logo-01.png\",\"contentUrl\":\"https:\\\/\\\/setra.mk\\\/wp-content\\\/uploads\\\/2018\\\/05\\\/Setra-Logo-01.png\",\"width\":2145,\"height\":819,\"caption\":\"\u0421\u0435\u0442\u0440\u0430 \u0414\u041e\u041e\u0415\u041b \u0421\u043a\u043e\u043f\u0458\u0435\"},\"image\":{\"@id\":\"https:\\\/\\\/setra.mk\\\/#\\\/schema\\\/logo\\\/image\\\/\"},\"sameAs\":[\"https:\\\/\\\/www.facebook.com\\\/itmarketsetra\\\/\"]}]}<\/script>\n<!-- \/ Yoast SEO plugin. -->","yoast_head_json":{"title":"TP-Link PCI Express Wireless Adapter Archer T2E AC600 600Mbps","robots":{"index":"index","follow":"follow","max-snippet":"max-snippet:-1","max-image-preview":"max-image-preview:large","max-video-preview":"max-video-preview:-1"},"canonical":"https:\/\/setra.mk\/en\/product\/tp-link-pci-express-wireless-adapter-archer-t2e-ac600-600mbps\/","og_locale":"en_US","og_type":"article","og_title":"[:mk]TP-Link PCI Express Wireless Adapter Archer T2E AC600 600Mbps[:] - Setra","og_description":"\u0413\u0430\u0440\u0430\u043d\u0446\u0438\u0458\u0430: 12 \u043c\u0435\u0441\u0435\u0446\u0438","og_url":"https:\/\/setra.mk\/en\/product\/tp-link-pci-express-wireless-adapter-archer-t2e-ac600-600mbps\/","og_site_name":"Setra","article_publisher":"https:\/\/www.facebook.com\/itmarketsetra\/","article_modified_time":"2025-03-19T10:56:49+00:00","og_image":[{"width":1200,"height":630,"url":"https:\/\/setra.mk\/wp-content\/uploads\/2024\/06\/1200x630-4.png","type":"image\/png"}],"twitter_card":"summary_large_image","twitter_misc":{"Est. reading time":"2 minutes"},"schema":{"@context":"https:\/\/schema.org","@graph":[{"@type":"WebPage","@id":"https:\/\/setra.mk\/product\/tp-link-pci-express-wireless-adapter-archer-t2e-ac600-600mbps\/","url":"https:\/\/setra.mk\/product\/tp-link-pci-express-wireless-adapter-archer-t2e-ac600-600mbps\/","name":"TP-Link PCI Express Wireless Adapter Archer T2E AC600 600Mbps","isPartOf":{"@id":"https:\/\/setra.mk\/#website"},"primaryImageOfPage":{"@id":"https:\/\/setra.mk\/product\/tp-link-pci-express-wireless-adapter-archer-t2e-ac600-600mbps\/#primaryimage"},"image":{"@id":"https:\/\/setra.mk\/product\/tp-link-pci-express-wireless-adapter-archer-t2e-ac600-600mbps\/#primaryimage"},"thumbnailUrl":"https:\/\/setra.mk\/wp-content\/uploads\/2024\/06\/Archer-T2E_overview_03_large_1612926655968v.jpg","datePublished":"2024-06-18T14:07:41+00:00","dateModified":"2025-03-19T10:56:49+00:00","breadcrumb":{"@id":"https:\/\/setra.mk\/product\/tp-link-pci-express-wireless-adapter-archer-t2e-ac600-600mbps\/#breadcrumb"},"inLanguage":"en-US","potentialAction":[{"@type":"ReadAction","target":["https:\/\/setra.mk\/product\/tp-link-pci-express-wireless-adapter-archer-t2e-ac600-600mbps\/"]}]},{"@type":"ImageObject","inLanguage":"en-US","@id":"https:\/\/setra.mk\/product\/tp-link-pci-express-wireless-adapter-archer-t2e-ac600-600mbps\/#primaryimage","url":"https:\/\/setra.mk\/wp-content\/uploads\/2024\/06\/Archer-T2E_overview_03_large_1612926655968v.jpg","contentUrl":"https:\/\/setra.mk\/wp-content\/uploads\/2024\/06\/Archer-T2E_overview_03_large_1612926655968v.jpg","width":900,"height":900},{"@type":"BreadcrumbList","@id":"https:\/\/setra.mk\/product\/tp-link-pci-express-wireless-adapter-archer-t2e-ac600-600mbps\/#breadcrumb","itemListElement":[{"@type":"ListItem","position":1,"name":"Home","item":"https:\/\/setra.mk\/"},{"@type":"ListItem","position":2,"name":"\u041f\u0440\u043e\u0438\u0437\u0432\u043e\u0434\u0438","item":"https:\/\/setra.mk\/shop\/"},{"@type":"ListItem","position":3,"name":"TP-Link PCI Express Wireless Adapter Archer T2E AC600 600Mbps"}]},{"@type":"WebSite","@id":"https:\/\/setra.mk\/#website","url":"https:\/\/setra.mk\/","name":"Setra","description":"\u0414\u041e\u041e\u0415\u041b \u0421\u043a\u043e\u043f\u0458\u0435","publisher":{"@id":"https:\/\/setra.mk\/#organization"},"potentialAction":[{"@type":"SearchAction","target":{"@type":"EntryPoint","urlTemplate":"https:\/\/setra.mk\/?s={search_term_string}"},"query-input":{"@type":"PropertyValueSpecification","valueRequired":true,"valueName":"search_term_string"}}],"inLanguage":"en-US"},{"@type":"Organization","@id":"https:\/\/setra.mk\/#organization","name":"\u0421\u0435\u0442\u0440\u0430 \u0414\u041e\u041e\u0415\u041b \u0421\u043a\u043e\u043f\u0458\u0435","url":"https:\/\/setra.mk\/","logo":{"@type":"ImageObject","inLanguage":"en-US","@id":"https:\/\/setra.mk\/#\/schema\/logo\/image\/","url":"https:\/\/setra.mk\/wp-content\/uploads\/2018\/05\/Setra-Logo-01.png","contentUrl":"https:\/\/setra.mk\/wp-content\/uploads\/2018\/05\/Setra-Logo-01.png","width":2145,"height":819,"caption":"\u0421\u0435\u0442\u0440\u0430 \u0414\u041e\u041e\u0415\u041b \u0421\u043a\u043e\u043f\u0458\u0435"},"image":{"@id":"https:\/\/setra.mk\/#\/schema\/logo\/image\/"},"sameAs":["https:\/\/www.facebook.com\/itmarketsetra\/"]}]}},"_links":{"self":[{"href":"https:\/\/setra.mk\/en\/wp-json\/wp\/v2\/product\/21312","targetHints":{"allow":["GET"]}}],"collection":[{"href":"https:\/\/setra.mk\/en\/wp-json\/wp\/v2\/product"}],"about":[{"href":"https:\/\/setra.mk\/en\/wp-json\/wp\/v2\/types\/product"}],"wp:featuredmedia":[{"embeddable":true,"href":"https:\/\/setra.mk\/en\/wp-json\/wp\/v2\/media\/21316"}],"wp:attachment":[{"href":"https:\/\/setra.mk\/en\/wp-json\/wp\/v2\/media?parent=21312"}],"wp:term":[{"taxonomy":"product_brand","embeddable":true,"href":"https:\/\/setra.mk\/en\/wp-json\/wp\/v2\/product_brand?post=21312"},{"taxonomy":"product_cat","embeddable":true,"href":"https:\/\/setra.mk\/en\/wp-json\/wp\/v2\/product_cat?post=21312"},{"taxonomy":"product_tag","embeddable":true,"href":"https:\/\/setra.mk\/en\/wp-json\/wp\/v2\/product_tag?post=21312"}],"curies":[{"name":"wp","href":"https:\/\/api.w.org\/{rel}","templated":true}]}}