{"id":21399,"date":"2024-07-03T13:32:39","date_gmt":"2024-07-03T11:32:39","guid":{"rendered":"https:\/\/setra.mk\/?post_type=product&#038;p=21399"},"modified":"2024-11-21T10:36:16","modified_gmt":"2024-11-21T08:36:16","slug":"imou-ranger-2c-2mp-camera","status":"publish","type":"product","link":"https:\/\/setra.mk\/en\/product\/imou-ranger-2c-2mp-camera\/","title":{"rendered":"Imou Ranger 2C 2MP Camera"},"content":{"rendered":"<div class=\"child-item\" data-v-f1d06957=\"\">\n<div class=\"child-item\" data-v-f1d06957=\"\">\n<p data-v-f1d06957=\"\">IPC-TA22CP-D<\/p>\n<p class=\"child-title\" data-v-f1d06957=\"\"><strong>Camera<\/strong><\/p>\n<div class=\"child-content\" data-v-f1d06957=\"\">\n<p>1\/2.8\u201d 2Megapixel Progressive CMOS<\/p>\n<p>2MP(1920 x 1080)<\/p>\n<p>Night Vision: 10m(33ft) Distance<\/p>\n<p>3.6mm Fixed Lens<\/p>\n<p>Field of View : 93\u00b0(H), 48\u00b0(V), 118\u00b0(D)<\/p>\n<p>355\u00b0Pan &#038; -5~80\u00b0Tilt<\/p>\n<\/div>\n<\/div>\n<div class=\"child-item\" data-v-f1d06957=\"\">\n<p class=\"child-title\" data-v-f1d06957=\"\"><strong>Network<\/strong><\/p>\n<div class=\"child-content\" data-v-f1d06957=\"\">\n<p>Wi-Fi:IEEE802.11b\/g\/n,50m Open Field<\/p>\n<p>Imou App: iOS, Android<\/p>\n<p>onvif<\/p>\n<\/div>\n<\/div>\n<div class=\"child-item\" data-v-f1d06957=\"\">\n<p class=\"child-title\" data-v-f1d06957=\"\"><strong>Video &#038; Audio<\/strong><\/p>\n<div class=\"child-content\" data-v-f1d06957=\"\">\n<p>Video Compression : H.265\/H.264<\/p>\n<p>Up to 25\/30fps Frame Rate<\/p>\n<p>8x Digital Zoom<\/p>\n<p>Two-way Audio<\/p>\n<\/div>\n<\/div>\n<div class=\"child-item\" data-v-f1d06957=\"\">\n<p class=\"child-title\" data-v-f1d06957=\"\"><strong>Auxiliary Interface<\/strong><\/p>\n<div class=\"child-content\" data-v-f1d06957=\"\">\n<p>Micro SD Card Slot (up to 256GB)<\/p>\n<p>Built-in Mic &#038; Speaker<\/p>\n<p>Reset Button<\/p>\n<\/div>\n<\/div>\n<div class=\"child-item\" data-v-f1d06957=\"\">\n<p class=\"child-title\" data-v-f1d06957=\"\"><strong>Notice Management<\/strong><\/p>\n<div class=\"child-content\" data-v-f1d06957=\"\">\n<p>Motion Detection<\/p>\n<p>Human Detection<\/p>\n<p>Configurable Region<\/p>\n<p>Abnormal Sound Alarm<\/p>\n<\/div>\n<\/div>\n<div class=\"child-item\" data-v-f1d06957=\"\">\n<p class=\"child-title\" data-v-f1d06957=\"\"><strong>General<\/strong><\/p>\n<div class=\"child-content\" data-v-f1d06957=\"\">\n<p>DC 5V1A Power Supply<\/p>\n<p>Power Consumption:< 3.5W\n\nWorking Environment: -10\u00b0C~+45\u00b0C, Less Than 95%RH\n\nDimensions: 106.1 \u00d7 77.4\u00d7 77.4mm (4.17\u00d7 3.04 \u00d7 3.04 nch)\n\nWeight: 244g (0.54lb)\n\nCE, FCC\n\n<\/div>\n<\/div>\n<\/div>\n","protected":false},"excerpt":{"rendered":"<p>IPC-TA22CP-D Camera 1\/2.8\u201d 2Megapixel Progressive CMOS 2MP(1920 x 1080) Night Vision: 10m(33ft) Distance 3.6mm Fixed Lens Field of View : 93\u00b0(H), 48\u00b0(V), 118\u00b0(D) 355\u00b0Pan &#038; -5~80\u00b0Tilt Network Wi-Fi:IEEE802.11b\/g\/n,50m Open Field Imou App: iOS, Android onvif Video &#038; Audio Video Compression : H.265\/H.264 Up to 25\/30fps Frame Rate 8x Digital Zoom Two-way Audio Auxiliary Interface Micro [&hellip;]<\/p>\n","protected":false},"featured_media":21398,"template":"","meta":{"rs_blank_template":"","rs_page_bg_color":"","slide_template_v7":""},"product_brand":[],"product_cat":[664],"product_tag":[],"class_list":{"0":"post-21399","1":"product","2":"type-product","3":"status-publish","4":"has-post-thumbnail","6":"product_cat-video-nadzor","8":"first","9":"outofstock","10":"taxable","11":"shipping-taxable","12":"purchasable","13":"product-type-simple"},"yoast_head":"<!-- This site is optimized with the Yoast SEO plugin v27.4 - https:\/\/yoast.com\/product\/yoast-seo-wordpress\/ -->\n<title>Imou Ranger 2C 2MP Camera<\/title>\n<meta name=\"robots\" content=\"index, follow, max-snippet:-1, max-image-preview:large, max-video-preview:-1\" \/>\n<link rel=\"canonical\" href=\"https:\/\/setra.mk\/en\/product\/imou-ranger-2c-2mp-camera\/\" \/>\n<meta property=\"og:locale\" content=\"en_US\" \/>\n<meta property=\"og:locale:alternate\" content=\"mk_MK\" \/>\n<meta property=\"og:type\" content=\"article\" \/>\n<meta property=\"og:title\" content=\"Imou Ranger 2C 2MP Camera\" \/>\n<meta property=\"og:description\" content=\"IPC-TA22CP-D Camera 1\/2.8\u201d 2Megapixel Progressive CMOS 2MP(1920 x 1080) Night Vision: 10m(33ft) Distance 3.6mm Fixed Lens Field of View : 93\u00b0(H), 48\u00b0(V), 118\u00b0(D) 355\u00b0Pan &amp; -5~80\u00b0Tilt Network Wi-Fi:IEEE802.11b\/g\/n,50m Open Field Imou App: iOS, Android onvif Video &amp; Audio Video Compression : H.265\/H.264 Up to 25\/30fps Frame Rate 8x Digital Zoom Two-way Audio Auxiliary Interface Micro [&hellip;]\" \/>\n<meta property=\"og:url\" content=\"https:\/\/setra.mk\/en\/product\/imou-ranger-2c-2mp-camera\/\" \/>\n<meta property=\"og:site_name\" content=\"Setra\" \/>\n<meta property=\"article:publisher\" content=\"https:\/\/www.facebook.com\/itmarketsetra\/\" \/>\n<meta property=\"article:modified_time\" content=\"2024-11-21T08:36:16+00:00\" \/>\n<meta property=\"og:image\" content=\"https:\/\/setra.mk\/wp-content\/uploads\/2024\/07\/ipc-ta22cp-d_030.jpg\" \/>\n\t<meta property=\"og:image:width\" content=\"600\" \/>\n\t<meta property=\"og:image:height\" content=\"600\" \/>\n\t<meta property=\"og:image:type\" content=\"image\/jpeg\" \/>\n<meta name=\"twitter:card\" content=\"summary_large_image\" \/>\n<meta name=\"twitter:label1\" content=\"Est. reading time\" \/>\n\t<meta name=\"twitter:data1\" content=\"1 minute\" \/>\n<script type=\"application\/ld+json\" class=\"yoast-schema-graph\">{\"@context\":\"https:\\\/\\\/schema.org\",\"@graph\":[{\"@type\":\"WebPage\",\"@id\":\"https:\\\/\\\/setra.mk\\\/product\\\/imou-ranger-2c-2mp-camera\\\/\",\"url\":\"https:\\\/\\\/setra.mk\\\/product\\\/imou-ranger-2c-2mp-camera\\\/\",\"name\":\"Imou Ranger 2C 2MP Camera\",\"isPartOf\":{\"@id\":\"https:\\\/\\\/setra.mk\\\/#website\"},\"primaryImageOfPage\":{\"@id\":\"https:\\\/\\\/setra.mk\\\/product\\\/imou-ranger-2c-2mp-camera\\\/#primaryimage\"},\"image\":{\"@id\":\"https:\\\/\\\/setra.mk\\\/product\\\/imou-ranger-2c-2mp-camera\\\/#primaryimage\"},\"thumbnailUrl\":\"https:\\\/\\\/setra.mk\\\/wp-content\\\/uploads\\\/2024\\\/07\\\/ipc-ta22cp-d_030.jpg\",\"datePublished\":\"2024-07-03T11:32:39+00:00\",\"dateModified\":\"2024-11-21T08:36:16+00:00\",\"breadcrumb\":{\"@id\":\"https:\\\/\\\/setra.mk\\\/product\\\/imou-ranger-2c-2mp-camera\\\/#breadcrumb\"},\"inLanguage\":\"en-US\",\"potentialAction\":[{\"@type\":\"ReadAction\",\"target\":[\"https:\\\/\\\/setra.mk\\\/product\\\/imou-ranger-2c-2mp-camera\\\/\"]}]},{\"@type\":\"ImageObject\",\"inLanguage\":\"en-US\",\"@id\":\"https:\\\/\\\/setra.mk\\\/product\\\/imou-ranger-2c-2mp-camera\\\/#primaryimage\",\"url\":\"https:\\\/\\\/setra.mk\\\/wp-content\\\/uploads\\\/2024\\\/07\\\/ipc-ta22cp-d_030.jpg\",\"contentUrl\":\"https:\\\/\\\/setra.mk\\\/wp-content\\\/uploads\\\/2024\\\/07\\\/ipc-ta22cp-d_030.jpg\",\"width\":600,\"height\":600},{\"@type\":\"BreadcrumbList\",\"@id\":\"https:\\\/\\\/setra.mk\\\/product\\\/imou-ranger-2c-2mp-camera\\\/#breadcrumb\",\"itemListElement\":[{\"@type\":\"ListItem\",\"position\":1,\"name\":\"Home\",\"item\":\"https:\\\/\\\/setra.mk\\\/\"},{\"@type\":\"ListItem\",\"position\":2,\"name\":\"\u041f\u0440\u043e\u0438\u0437\u0432\u043e\u0434\u0438\",\"item\":\"https:\\\/\\\/setra.mk\\\/shop\\\/\"},{\"@type\":\"ListItem\",\"position\":3,\"name\":\"Imou Ranger 2C 2MP Camera\"}]},{\"@type\":\"WebSite\",\"@id\":\"https:\\\/\\\/setra.mk\\\/#website\",\"url\":\"https:\\\/\\\/setra.mk\\\/\",\"name\":\"Setra\",\"description\":\"\u0414\u041e\u041e\u0415\u041b \u0421\u043a\u043e\u043f\u0458\u0435\",\"publisher\":{\"@id\":\"https:\\\/\\\/setra.mk\\\/#organization\"},\"potentialAction\":[{\"@type\":\"SearchAction\",\"target\":{\"@type\":\"EntryPoint\",\"urlTemplate\":\"https:\\\/\\\/setra.mk\\\/?s={search_term_string}\"},\"query-input\":{\"@type\":\"PropertyValueSpecification\",\"valueRequired\":true,\"valueName\":\"search_term_string\"}}],\"inLanguage\":\"en-US\"},{\"@type\":\"Organization\",\"@id\":\"https:\\\/\\\/setra.mk\\\/#organization\",\"name\":\"\u0421\u0435\u0442\u0440\u0430 \u0414\u041e\u041e\u0415\u041b \u0421\u043a\u043e\u043f\u0458\u0435\",\"url\":\"https:\\\/\\\/setra.mk\\\/\",\"logo\":{\"@type\":\"ImageObject\",\"inLanguage\":\"en-US\",\"@id\":\"https:\\\/\\\/setra.mk\\\/#\\\/schema\\\/logo\\\/image\\\/\",\"url\":\"https:\\\/\\\/setra.mk\\\/wp-content\\\/uploads\\\/2018\\\/05\\\/Setra-Logo-01.png\",\"contentUrl\":\"https:\\\/\\\/setra.mk\\\/wp-content\\\/uploads\\\/2018\\\/05\\\/Setra-Logo-01.png\",\"width\":2145,\"height\":819,\"caption\":\"\u0421\u0435\u0442\u0440\u0430 \u0414\u041e\u041e\u0415\u041b \u0421\u043a\u043e\u043f\u0458\u0435\"},\"image\":{\"@id\":\"https:\\\/\\\/setra.mk\\\/#\\\/schema\\\/logo\\\/image\\\/\"},\"sameAs\":[\"https:\\\/\\\/www.facebook.com\\\/itmarketsetra\\\/\"]}]}<\/script>\n<!-- \/ Yoast SEO plugin. -->","yoast_head_json":{"title":"Imou Ranger 2C 2MP Camera","robots":{"index":"index","follow":"follow","max-snippet":"max-snippet:-1","max-image-preview":"max-image-preview:large","max-video-preview":"max-video-preview:-1"},"canonical":"https:\/\/setra.mk\/en\/product\/imou-ranger-2c-2mp-camera\/","og_locale":"en_US","og_type":"article","og_title":"[:mk]Imou Ranger 2C 2MP Camera[:] - Setra","og_description":"IPC-TA22CP-D Camera 1\/2.8\u201d 2Megapixel Progressive CMOS 2MP(1920 x 1080) Night Vision: 10m(33ft) Distance 3.6mm Fixed Lens Field of View : 93\u00b0(H), 48\u00b0(V), 118\u00b0(D) 355\u00b0Pan &#038; -5~80\u00b0Tilt Network Wi-Fi:IEEE802.11b\/g\/n,50m Open Field Imou App: iOS, Android onvif Video &#038; Audio Video Compression : H.265\/H.264 Up to 25\/30fps Frame Rate 8x Digital Zoom Two-way Audio Auxiliary Interface Micro [&hellip;]","og_url":"https:\/\/setra.mk\/en\/product\/imou-ranger-2c-2mp-camera\/","og_site_name":"Setra","article_publisher":"https:\/\/www.facebook.com\/itmarketsetra\/","article_modified_time":"2024-11-21T08:36:16+00:00","og_image":[{"width":600,"height":600,"url":"https:\/\/setra.mk\/wp-content\/uploads\/2024\/07\/ipc-ta22cp-d_030.jpg","type":"image\/jpeg"}],"twitter_card":"summary_large_image","twitter_misc":{"Est. reading time":"1 minute"},"schema":{"@context":"https:\/\/schema.org","@graph":[{"@type":"WebPage","@id":"https:\/\/setra.mk\/product\/imou-ranger-2c-2mp-camera\/","url":"https:\/\/setra.mk\/product\/imou-ranger-2c-2mp-camera\/","name":"Imou Ranger 2C 2MP Camera","isPartOf":{"@id":"https:\/\/setra.mk\/#website"},"primaryImageOfPage":{"@id":"https:\/\/setra.mk\/product\/imou-ranger-2c-2mp-camera\/#primaryimage"},"image":{"@id":"https:\/\/setra.mk\/product\/imou-ranger-2c-2mp-camera\/#primaryimage"},"thumbnailUrl":"https:\/\/setra.mk\/wp-content\/uploads\/2024\/07\/ipc-ta22cp-d_030.jpg","datePublished":"2024-07-03T11:32:39+00:00","dateModified":"2024-11-21T08:36:16+00:00","breadcrumb":{"@id":"https:\/\/setra.mk\/product\/imou-ranger-2c-2mp-camera\/#breadcrumb"},"inLanguage":"en-US","potentialAction":[{"@type":"ReadAction","target":["https:\/\/setra.mk\/product\/imou-ranger-2c-2mp-camera\/"]}]},{"@type":"ImageObject","inLanguage":"en-US","@id":"https:\/\/setra.mk\/product\/imou-ranger-2c-2mp-camera\/#primaryimage","url":"https:\/\/setra.mk\/wp-content\/uploads\/2024\/07\/ipc-ta22cp-d_030.jpg","contentUrl":"https:\/\/setra.mk\/wp-content\/uploads\/2024\/07\/ipc-ta22cp-d_030.jpg","width":600,"height":600},{"@type":"BreadcrumbList","@id":"https:\/\/setra.mk\/product\/imou-ranger-2c-2mp-camera\/#breadcrumb","itemListElement":[{"@type":"ListItem","position":1,"name":"Home","item":"https:\/\/setra.mk\/"},{"@type":"ListItem","position":2,"name":"\u041f\u0440\u043e\u0438\u0437\u0432\u043e\u0434\u0438","item":"https:\/\/setra.mk\/shop\/"},{"@type":"ListItem","position":3,"name":"Imou Ranger 2C 2MP Camera"}]},{"@type":"WebSite","@id":"https:\/\/setra.mk\/#website","url":"https:\/\/setra.mk\/","name":"Setra","description":"\u0414\u041e\u041e\u0415\u041b \u0421\u043a\u043e\u043f\u0458\u0435","publisher":{"@id":"https:\/\/setra.mk\/#organization"},"potentialAction":[{"@type":"SearchAction","target":{"@type":"EntryPoint","urlTemplate":"https:\/\/setra.mk\/?s={search_term_string}"},"query-input":{"@type":"PropertyValueSpecification","valueRequired":true,"valueName":"search_term_string"}}],"inLanguage":"en-US"},{"@type":"Organization","@id":"https:\/\/setra.mk\/#organization","name":"\u0421\u0435\u0442\u0440\u0430 \u0414\u041e\u041e\u0415\u041b \u0421\u043a\u043e\u043f\u0458\u0435","url":"https:\/\/setra.mk\/","logo":{"@type":"ImageObject","inLanguage":"en-US","@id":"https:\/\/setra.mk\/#\/schema\/logo\/image\/","url":"https:\/\/setra.mk\/wp-content\/uploads\/2018\/05\/Setra-Logo-01.png","contentUrl":"https:\/\/setra.mk\/wp-content\/uploads\/2018\/05\/Setra-Logo-01.png","width":2145,"height":819,"caption":"\u0421\u0435\u0442\u0440\u0430 \u0414\u041e\u041e\u0415\u041b \u0421\u043a\u043e\u043f\u0458\u0435"},"image":{"@id":"https:\/\/setra.mk\/#\/schema\/logo\/image\/"},"sameAs":["https:\/\/www.facebook.com\/itmarketsetra\/"]}]}},"_links":{"self":[{"href":"https:\/\/setra.mk\/en\/wp-json\/wp\/v2\/product\/21399","targetHints":{"allow":["GET"]}}],"collection":[{"href":"https:\/\/setra.mk\/en\/wp-json\/wp\/v2\/product"}],"about":[{"href":"https:\/\/setra.mk\/en\/wp-json\/wp\/v2\/types\/product"}],"wp:featuredmedia":[{"embeddable":true,"href":"https:\/\/setra.mk\/en\/wp-json\/wp\/v2\/media\/21398"}],"wp:attachment":[{"href":"https:\/\/setra.mk\/en\/wp-json\/wp\/v2\/media?parent=21399"}],"wp:term":[{"taxonomy":"product_brand","embeddable":true,"href":"https:\/\/setra.mk\/en\/wp-json\/wp\/v2\/product_brand?post=21399"},{"taxonomy":"product_cat","embeddable":true,"href":"https:\/\/setra.mk\/en\/wp-json\/wp\/v2\/product_cat?post=21399"},{"taxonomy":"product_tag","embeddable":true,"href":"https:\/\/setra.mk\/en\/wp-json\/wp\/v2\/product_tag?post=21399"}],"curies":[{"name":"wp","href":"https:\/\/api.w.org\/{rel}","templated":true}]}}