{"id":21857,"date":"2024-09-05T15:56:00","date_gmt":"2024-09-05T13:56:00","guid":{"rendered":"https:\/\/setra.mk\/?post_type=product&#038;p=21857"},"modified":"2024-11-21T10:15:46","modified_gmt":"2024-11-21T08:15:46","slug":"imou-cruiser-4g-2-megapixel-progressive-night-vision","status":"publish","type":"product","link":"https:\/\/setra.mk\/en\/product\/imou-cruiser-4g-2-megapixel-progressive-night-vision\/","title":{"rendered":"Imou Cruiser 4G 2 Megapixel Progressive Night Vision"},"content":{"rendered":"<div class=\"specs-item\" data-v-f1d06957=\"\">\n<p class=\"specs-title\" data-v-f1d06957=\"\">Specifications<\/p>\n<div class=\"specs-child\" data-v-f1d06957=\"\">\n<div class=\"child-item\" data-v-f1d06957=\"\">\n<p class=\"child-title\" data-v-f1d06957=\"\">Camera<\/p>\n<div class=\"child-content\" data-v-f1d06957=\"\">\n<p>1\/2.9\u201d2 Megapixel Progressive CMOS<\/p>\n<p>2 MP(1920 x 1080)<\/p>\n<p>Night Vision: 30m(98ft) Distance<\/p>\n<p>3.6 mm Fixed Lens<\/p>\n<p>Field of View: 86\u00b0(H), 45\u00b0(V), 105\u00b0(D)<\/p>\n<p>0~355\u00b0Pan &#038; 0~90\u00b0Tilt<\/p>\n<\/div>\n<\/div>\n<div class=\"child-item\" data-v-f1d06957=\"\">\n<p class=\"child-title\" data-v-f1d06957=\"\">Network<\/p>\n<div class=\"child-content\" data-v-f1d06957=\"\">\n<p>1 x 100Mbps Ethernet Port<br \/>\nEU Version<br \/>\nLTE FDD\uff1aB1\/3\/5\/7\/8\/20\/28<br \/>\nLTE TDD\uff1aB38\/40\/41<br \/>\nTransmission Data<br \/>\nLTE FDD\uff08Mbps)\uff1a10.3(DL)\/5.1(UL)<br \/>\nLTE TDD\uff08Mbps)\uff1a9.1(DL)\/3.1(UL)<\/p>\n<p>LA Version<br \/>\nLTE FDD\uff1aB1\/2\/3\/4\/5\/7\/8\/28\/66<br \/>\nTransmission Data<br \/>\nLTE FDD\uff08Mbps)\uff1a10.3(DL)\/5.1(UL)<\/p>\n<p>Imou App: iOS, Android<br \/>\nONVIF<\/p>\n<\/div>\n<\/div>\n<div class=\"child-item\" data-v-f1d06957=\"\">\n<p class=\"child-title\" data-v-f1d06957=\"\">Video &#038; Audio<\/p>\n<div class=\"child-content\" data-v-f1d06957=\"\">\n<p>Video Compression : H.265 &#038; H.264<\/p>\n<p>Up to 15 fps Frame Rate<\/p>\n<p>8x Digital Zoom<\/p>\n<p>Built-in Mic &#038; Speaker, 110dB Siren<\/p>\n<p>Two-way Audio<\/p>\n<\/div>\n<\/div>\n<div class=\"child-item\" data-v-f1d06957=\"\">\n<p class=\"child-title\" data-v-f1d06957=\"\">Auxiliary Interface<\/p>\n<div class=\"child-content\" data-v-f1d06957=\"\">\n<p>Micro SD Card Slot (up to 256 GB)<\/p>\n<p>Built-in Mic &#038; Speaker<\/p>\n<p>Reset Button<\/p>\n<\/div>\n<\/div>\n<div class=\"child-item\" data-v-f1d06957=\"\">\n<p class=\"child-title\" data-v-f1d06957=\"\">Notice Management<\/p>\n<div class=\"child-content\" data-v-f1d06957=\"\">\n<p>Motion Detection<\/p>\n<p>Human Detection<\/p>\n<p>Configurable Region<\/p>\n<\/div>\n<\/div>\n<div class=\"child-item\" data-v-f1d06957=\"\">\n<p class=\"child-title\" data-v-f1d06957=\"\">General<\/p>\n<div class=\"child-content\" data-v-f1d06957=\"\">\n<p>DC 12V1A Power Supply<\/p>\n<p>Power Consumption:<6.2 W\n\nMaterial: Plastic\n\nWorking Environment:-20\u00b0C~+50\u00b0C, Less Than 95%RH\n\nDimensions: 120.7 \u00d7 136.2\u00d7 183.3 mm (4.75\u00d7 5.36\u00d7 7.22 inch)\n\nWeight: 418 g (0.92 lb)\n\nIP66\n\n<\/div>\n<\/div>\n<\/div>\n<\/div>\n<div class=\"specs-item\" data-v-f1d06957=\"\">\n<p class=\"specs-title\" data-v-f1d06957=\"\">What\u2019s in the box<\/p>\n<div class=\"specs-child\" data-v-f1d06957=\"\">\n<div class=\"child-item\" data-v-f1d06957=\"\">\n<div class=\"child-content\" data-v-f1d06957=\"\">\n<p>&#8211; 1x Camera<\/p>\n<p>&#8211; 1x Quick Start Guide<\/p>\n<p>&#8211; 1x Power Cable<\/p>\n<\/div>\n<\/div>\n<div class=\"child-item\" data-v-f1d06957=\"\">\n<div class=\"child-content\" data-v-f1d06957=\"\">\n<p>&#8211; 1x Mouting Bracket<\/p>\n<p>&#8211; 1x Mounting Template<\/p>\n<p>&#8211; 1x Waterproof Connector<\/p>\n<p>&#8211; 1x Screw and Anchor pack<\/p>\n<p><a href=\"https:\/\/www.imoulife.com\/en\/product\/specs\/cruiser4g\">\u041f\u043e\u0432\u0435\u045c\u0435 \u0437\u0430 \u043f\u0440\u043e\u0438\u0437\u0432\u043e\u0434\u043e\u0442<\/a><\/p>\n<\/div>\n<\/div>\n<\/div>\n<\/div>\n","protected":false},"excerpt":{"rendered":"<p>Specifications Camera 1\/2.9\u201d2 Megapixel Progressive CMOS 2 MP(1920 x 1080) Night Vision: 30m(98ft) Distance 3.6 mm Fixed Lens Field of View: 86\u00b0(H), 45\u00b0(V), 105\u00b0(D) 0~355\u00b0Pan &#038; 0~90\u00b0Tilt Network 1 x 100Mbps Ethernet Port EU Version LTE FDD\uff1aB1\/3\/5\/7\/8\/20\/28 LTE TDD\uff1aB38\/40\/41 Transmission Data LTE FDD\uff08Mbps)\uff1a10.3(DL)\/5.1(UL) LTE TDD\uff08Mbps)\uff1a9.1(DL)\/3.1(UL) LA Version LTE FDD\uff1aB1\/2\/3\/4\/5\/7\/8\/28\/66 Transmission Data LTE FDD\uff08Mbps)\uff1a10.3(DL)\/5.1(UL) Imou App: [&hellip;]<\/p>\n","protected":false},"featured_media":20938,"template":"","meta":[],"product_brand":[],"product_cat":[664],"product_tag":[],"class_list":{"0":"post-21857","1":"product","2":"type-product","3":"status-publish","4":"has-post-thumbnail","6":"product_cat-video-nadzor","7":"Brend-imou","9":"first","10":"outofstock","11":"shipping-taxable","12":"purchasable","13":"product-type-simple"},"yoast_head":"<!-- This site is optimized with the Yoast SEO plugin v26.1.1 - https:\/\/yoast.com\/wordpress\/plugins\/seo\/ -->\n<title>Imou Cruiser 4G 2 Megapixel Progressive Night Vision<\/title>\n<meta name=\"robots\" content=\"index, follow, max-snippet:-1, max-image-preview:large, max-video-preview:-1\" \/>\n<link rel=\"canonical\" href=\"https:\/\/setra.mk\/en\/product\/imou-cruiser-4g-2-megapixel-progressive-night-vision\/\" \/>\n<meta property=\"og:locale\" content=\"en_US\" \/>\n<meta property=\"og:locale:alternate\" content=\"mk_MK\" \/>\n<meta property=\"og:type\" content=\"article\" \/>\n<meta property=\"og:title\" content=\"Imou Cruiser 4G 2 Megapixel Progressive Night Vision\" \/>\n<meta property=\"og:description\" content=\"Specifications Camera 1\/2.9\u201d2 Megapixel Progressive CMOS 2 MP(1920 x 1080) Night Vision: 30m(98ft) Distance 3.6 mm Fixed Lens Field of View: 86\u00b0(H), 45\u00b0(V), 105\u00b0(D) 0~355\u00b0Pan &amp; 0~90\u00b0Tilt Network 1 x 100Mbps Ethernet Port EU Version LTE FDD\uff1aB1\/3\/5\/7\/8\/20\/28 LTE TDD\uff1aB38\/40\/41 Transmission Data LTE FDD\uff08Mbps)\uff1a10.3(DL)\/5.1(UL) LTE TDD\uff08Mbps)\uff1a9.1(DL)\/3.1(UL) LA Version LTE FDD\uff1aB1\/2\/3\/4\/5\/7\/8\/28\/66 Transmission Data LTE FDD\uff08Mbps)\uff1a10.3(DL)\/5.1(UL) Imou App: [&hellip;]\" \/>\n<meta property=\"og:url\" content=\"https:\/\/setra.mk\/en\/product\/imou-cruiser-4g-2-megapixel-progressive-night-vision\/\" \/>\n<meta property=\"og:site_name\" content=\"Setra\" \/>\n<meta property=\"article:publisher\" content=\"https:\/\/www.facebook.com\/itmarketsetra\/\" \/>\n<meta property=\"article:modified_time\" content=\"2024-11-21T08:15:46+00:00\" \/>\n<meta property=\"og:image\" content=\"https:\/\/setra.mk\/wp-content\/uploads\/2024\/04\/Cruiser-SE-4MP.jpg\" \/>\n\t<meta property=\"og:image:width\" content=\"1200\" \/>\n\t<meta property=\"og:image:height\" content=\"1000\" \/>\n\t<meta property=\"og:image:type\" content=\"image\/jpeg\" \/>\n<meta name=\"twitter:card\" content=\"summary_large_image\" \/>\n<meta name=\"twitter:label1\" content=\"Est. reading time\" \/>\n\t<meta name=\"twitter:data1\" content=\"2 minutes\" \/>\n<script type=\"application\/ld+json\" class=\"yoast-schema-graph\">{\"@context\":\"https:\/\/schema.org\",\"@graph\":[{\"@type\":\"WebPage\",\"@id\":\"https:\/\/setra.mk\/product\/imou-cruiser-4g-2-megapixel-progressive-night-vision\/\",\"url\":\"https:\/\/setra.mk\/product\/imou-cruiser-4g-2-megapixel-progressive-night-vision\/\",\"name\":\"Imou Cruiser 4G 2 Megapixel Progressive Night Vision\",\"isPartOf\":{\"@id\":\"https:\/\/setra.mk\/#website\"},\"primaryImageOfPage\":{\"@id\":\"https:\/\/setra.mk\/product\/imou-cruiser-4g-2-megapixel-progressive-night-vision\/#primaryimage\"},\"image\":{\"@id\":\"https:\/\/setra.mk\/product\/imou-cruiser-4g-2-megapixel-progressive-night-vision\/#primaryimage\"},\"thumbnailUrl\":\"https:\/\/setra.mk\/wp-content\/uploads\/2024\/04\/Cruiser-SE-4MP.jpg\",\"datePublished\":\"2024-09-05T13:56:00+00:00\",\"dateModified\":\"2024-11-21T08:15:46+00:00\",\"breadcrumb\":{\"@id\":\"https:\/\/setra.mk\/product\/imou-cruiser-4g-2-megapixel-progressive-night-vision\/#breadcrumb\"},\"inLanguage\":\"en-US\",\"potentialAction\":[{\"@type\":\"ReadAction\",\"target\":[\"https:\/\/setra.mk\/product\/imou-cruiser-4g-2-megapixel-progressive-night-vision\/\"]}]},{\"@type\":\"ImageObject\",\"inLanguage\":\"en-US\",\"@id\":\"https:\/\/setra.mk\/product\/imou-cruiser-4g-2-megapixel-progressive-night-vision\/#primaryimage\",\"url\":\"https:\/\/setra.mk\/wp-content\/uploads\/2024\/04\/Cruiser-SE-4MP.jpg\",\"contentUrl\":\"https:\/\/setra.mk\/wp-content\/uploads\/2024\/04\/Cruiser-SE-4MP.jpg\",\"width\":1200,\"height\":1000},{\"@type\":\"BreadcrumbList\",\"@id\":\"https:\/\/setra.mk\/product\/imou-cruiser-4g-2-megapixel-progressive-night-vision\/#breadcrumb\",\"itemListElement\":[{\"@type\":\"ListItem\",\"position\":1,\"name\":\"Home\",\"item\":\"https:\/\/setra.mk\/\"},{\"@type\":\"ListItem\",\"position\":2,\"name\":\"\u041f\u0440\u043e\u0438\u0437\u0432\u043e\u0434\u0438\",\"item\":\"https:\/\/setra.mk\/shop\/\"},{\"@type\":\"ListItem\",\"position\":3,\"name\":\"Imou Cruiser 4G 2 Megapixel Progressive Night Vision\"}]},{\"@type\":\"WebSite\",\"@id\":\"https:\/\/setra.mk\/#website\",\"url\":\"https:\/\/setra.mk\/\",\"name\":\"Setra\",\"description\":\"\u0414\u041e\u041e\u0415\u041b \u0421\u043a\u043e\u043f\u0458\u0435\",\"publisher\":{\"@id\":\"https:\/\/setra.mk\/#organization\"},\"potentialAction\":[{\"@type\":\"SearchAction\",\"target\":{\"@type\":\"EntryPoint\",\"urlTemplate\":\"https:\/\/setra.mk\/?s={search_term_string}\"},\"query-input\":{\"@type\":\"PropertyValueSpecification\",\"valueRequired\":true,\"valueName\":\"search_term_string\"}}],\"inLanguage\":\"en-US\"},{\"@type\":\"Organization\",\"@id\":\"https:\/\/setra.mk\/#organization\",\"name\":\"\u0421\u0435\u0442\u0440\u0430 \u0414\u041e\u041e\u0415\u041b \u0421\u043a\u043e\u043f\u0458\u0435\",\"url\":\"https:\/\/setra.mk\/\",\"logo\":{\"@type\":\"ImageObject\",\"inLanguage\":\"en-US\",\"@id\":\"https:\/\/setra.mk\/#\/schema\/logo\/image\/\",\"url\":\"https:\/\/setra.mk\/wp-content\/uploads\/2018\/05\/Setra-Logo-01.png\",\"contentUrl\":\"https:\/\/setra.mk\/wp-content\/uploads\/2018\/05\/Setra-Logo-01.png\",\"width\":2145,\"height\":819,\"caption\":\"\u0421\u0435\u0442\u0440\u0430 \u0414\u041e\u041e\u0415\u041b \u0421\u043a\u043e\u043f\u0458\u0435\"},\"image\":{\"@id\":\"https:\/\/setra.mk\/#\/schema\/logo\/image\/\"},\"sameAs\":[\"https:\/\/www.facebook.com\/itmarketsetra\/\"]}]}<\/script>\n<!-- \/ Yoast SEO plugin. -->","yoast_head_json":{"title":"Imou Cruiser 4G 2 Megapixel Progressive Night Vision","robots":{"index":"index","follow":"follow","max-snippet":"max-snippet:-1","max-image-preview":"max-image-preview:large","max-video-preview":"max-video-preview:-1"},"canonical":"https:\/\/setra.mk\/en\/product\/imou-cruiser-4g-2-megapixel-progressive-night-vision\/","og_locale":"en_US","og_type":"article","og_title":"[:mk]Imou Cruiser 4G 2 Megapixel Progressive Night Vision[:] - Setra","og_description":"Specifications Camera 1\/2.9\u201d2 Megapixel Progressive CMOS 2 MP(1920 x 1080) Night Vision: 30m(98ft) Distance 3.6 mm Fixed Lens Field of View: 86\u00b0(H), 45\u00b0(V), 105\u00b0(D) 0~355\u00b0Pan &#038; 0~90\u00b0Tilt Network 1 x 100Mbps Ethernet Port EU Version LTE FDD\uff1aB1\/3\/5\/7\/8\/20\/28 LTE TDD\uff1aB38\/40\/41 Transmission Data LTE FDD\uff08Mbps)\uff1a10.3(DL)\/5.1(UL) LTE TDD\uff08Mbps)\uff1a9.1(DL)\/3.1(UL) LA Version LTE FDD\uff1aB1\/2\/3\/4\/5\/7\/8\/28\/66 Transmission Data LTE FDD\uff08Mbps)\uff1a10.3(DL)\/5.1(UL) Imou App: [&hellip;]","og_url":"https:\/\/setra.mk\/en\/product\/imou-cruiser-4g-2-megapixel-progressive-night-vision\/","og_site_name":"Setra","article_publisher":"https:\/\/www.facebook.com\/itmarketsetra\/","article_modified_time":"2024-11-21T08:15:46+00:00","og_image":[{"width":1200,"height":1000,"url":"https:\/\/setra.mk\/wp-content\/uploads\/2024\/04\/Cruiser-SE-4MP.jpg","type":"image\/jpeg"}],"twitter_card":"summary_large_image","twitter_misc":{"Est. reading time":"2 minutes"},"schema":{"@context":"https:\/\/schema.org","@graph":[{"@type":"WebPage","@id":"https:\/\/setra.mk\/product\/imou-cruiser-4g-2-megapixel-progressive-night-vision\/","url":"https:\/\/setra.mk\/product\/imou-cruiser-4g-2-megapixel-progressive-night-vision\/","name":"Imou Cruiser 4G 2 Megapixel Progressive Night Vision","isPartOf":{"@id":"https:\/\/setra.mk\/#website"},"primaryImageOfPage":{"@id":"https:\/\/setra.mk\/product\/imou-cruiser-4g-2-megapixel-progressive-night-vision\/#primaryimage"},"image":{"@id":"https:\/\/setra.mk\/product\/imou-cruiser-4g-2-megapixel-progressive-night-vision\/#primaryimage"},"thumbnailUrl":"https:\/\/setra.mk\/wp-content\/uploads\/2024\/04\/Cruiser-SE-4MP.jpg","datePublished":"2024-09-05T13:56:00+00:00","dateModified":"2024-11-21T08:15:46+00:00","breadcrumb":{"@id":"https:\/\/setra.mk\/product\/imou-cruiser-4g-2-megapixel-progressive-night-vision\/#breadcrumb"},"inLanguage":"en-US","potentialAction":[{"@type":"ReadAction","target":["https:\/\/setra.mk\/product\/imou-cruiser-4g-2-megapixel-progressive-night-vision\/"]}]},{"@type":"ImageObject","inLanguage":"en-US","@id":"https:\/\/setra.mk\/product\/imou-cruiser-4g-2-megapixel-progressive-night-vision\/#primaryimage","url":"https:\/\/setra.mk\/wp-content\/uploads\/2024\/04\/Cruiser-SE-4MP.jpg","contentUrl":"https:\/\/setra.mk\/wp-content\/uploads\/2024\/04\/Cruiser-SE-4MP.jpg","width":1200,"height":1000},{"@type":"BreadcrumbList","@id":"https:\/\/setra.mk\/product\/imou-cruiser-4g-2-megapixel-progressive-night-vision\/#breadcrumb","itemListElement":[{"@type":"ListItem","position":1,"name":"Home","item":"https:\/\/setra.mk\/"},{"@type":"ListItem","position":2,"name":"\u041f\u0440\u043e\u0438\u0437\u0432\u043e\u0434\u0438","item":"https:\/\/setra.mk\/shop\/"},{"@type":"ListItem","position":3,"name":"Imou Cruiser 4G 2 Megapixel Progressive Night Vision"}]},{"@type":"WebSite","@id":"https:\/\/setra.mk\/#website","url":"https:\/\/setra.mk\/","name":"Setra","description":"\u0414\u041e\u041e\u0415\u041b \u0421\u043a\u043e\u043f\u0458\u0435","publisher":{"@id":"https:\/\/setra.mk\/#organization"},"potentialAction":[{"@type":"SearchAction","target":{"@type":"EntryPoint","urlTemplate":"https:\/\/setra.mk\/?s={search_term_string}"},"query-input":{"@type":"PropertyValueSpecification","valueRequired":true,"valueName":"search_term_string"}}],"inLanguage":"en-US"},{"@type":"Organization","@id":"https:\/\/setra.mk\/#organization","name":"\u0421\u0435\u0442\u0440\u0430 \u0414\u041e\u041e\u0415\u041b \u0421\u043a\u043e\u043f\u0458\u0435","url":"https:\/\/setra.mk\/","logo":{"@type":"ImageObject","inLanguage":"en-US","@id":"https:\/\/setra.mk\/#\/schema\/logo\/image\/","url":"https:\/\/setra.mk\/wp-content\/uploads\/2018\/05\/Setra-Logo-01.png","contentUrl":"https:\/\/setra.mk\/wp-content\/uploads\/2018\/05\/Setra-Logo-01.png","width":2145,"height":819,"caption":"\u0421\u0435\u0442\u0440\u0430 \u0414\u041e\u041e\u0415\u041b \u0421\u043a\u043e\u043f\u0458\u0435"},"image":{"@id":"https:\/\/setra.mk\/#\/schema\/logo\/image\/"},"sameAs":["https:\/\/www.facebook.com\/itmarketsetra\/"]}]}},"_links":{"self":[{"href":"https:\/\/setra.mk\/en\/wp-json\/wp\/v2\/product\/21857","targetHints":{"allow":["GET"]}}],"collection":[{"href":"https:\/\/setra.mk\/en\/wp-json\/wp\/v2\/product"}],"about":[{"href":"https:\/\/setra.mk\/en\/wp-json\/wp\/v2\/types\/product"}],"wp:featuredmedia":[{"embeddable":true,"href":"https:\/\/setra.mk\/en\/wp-json\/wp\/v2\/media\/20938"}],"wp:attachment":[{"href":"https:\/\/setra.mk\/en\/wp-json\/wp\/v2\/media?parent=21857"}],"wp:term":[{"taxonomy":"product_brand","embeddable":true,"href":"https:\/\/setra.mk\/en\/wp-json\/wp\/v2\/product_brand?post=21857"},{"taxonomy":"product_cat","embeddable":true,"href":"https:\/\/setra.mk\/en\/wp-json\/wp\/v2\/product_cat?post=21857"},{"taxonomy":"product_tag","embeddable":true,"href":"https:\/\/setra.mk\/en\/wp-json\/wp\/v2\/product_tag?post=21857"}],"curies":[{"name":"wp","href":"https:\/\/api.w.org\/{rel}","templated":true}]}}