{"id":22293,"date":"2024-11-21T10:32:58","date_gmt":"2024-11-21T08:32:58","guid":{"rendered":"https:\/\/setra.mk\/?post_type=product&#038;p=22293"},"modified":"2025-12-12T14:42:02","modified_gmt":"2025-12-12T12:42:02","slug":"imou-bullet-3-5mpix-outdoor-camera-smart","status":"publish","type":"product","link":"https:\/\/setra.mk\/en\/product\/imou-bullet-3-5mpix-outdoor-camera-smart\/","title":{"rendered":"Imou Bullet 3 5Mpix Outdoor Camera Smart"},"content":{"rendered":"<p data-v-f1d06957=\"\">IPC-S3EP-5M0WE<\/p>\n<p class=\"specs-title\" data-v-f1d06957=\"\">Speci\ufb01cations<\/p>\n<div class=\"specs-child\" data-v-f1d06957=\"\">\n<div class=\"child-item\" data-v-f1d06957=\"\">\n<p class=\"child-title\" data-v-f1d06957=\"\">Camera<\/p>\n<div class=\"child-content\" data-v-f1d06957=\"\">\n<div>1\/3\u201d5 Megapixel Progressive CMOS<\/div>\n<div>5 MP(2880*1620)<\/div>\n<div>Night Vision: 30m(98ft) Distance<\/div>\n<div>2.8mm\/3.6mm Fixed Lens<\/div>\n<div>Field of View: 2.8mm; 94\u00b0(H), 52\u00b0(V), 111\u00b0(D)<\/div>\n<div>\n<div>\u00a0 \u00a0 \u00a0 \u00a0 \u00a0 \u00a0 \u00a0 \u00a0 \u00a0 \u00a0 \u00a0 \u00a0 \u00a0 \u00a03.6mm: 78\u00b0(H), 41\u00b0(V), 94\u00b0(D)<\/div>\n<\/div>\n<\/div>\n<\/div>\n<div class=\"child-item\" data-v-f1d06957=\"\">\n<p class=\"child-title\" data-v-f1d06957=\"\">Network<\/p>\n<div class=\"child-content\" data-v-f1d06957=\"\">\n<div>1 x 100Mbps Ethernet Port<\/div>\n<div>\n<div>Wi-Fi:IEEE802.11b\/g\/n\/ax, Dual Antenna<\/div>\n<div>\n<div>Imou App: iOS, Android<\/div>\n<div>\n<div>ONVIF<\/div>\n<\/div>\n<\/div>\n<\/div>\n<\/div>\n<\/div>\n<div class=\"child-item\" data-v-f1d06957=\"\">\n<p class=\"child-title\" data-v-f1d06957=\"\">Video &#038; Audio<\/p>\n<div class=\"child-content\" data-v-f1d06957=\"\">\n<div>Video Compression : H.265\/H.264<\/div>\n<div>Up to 25\/30 fps Frame Rate<\/div>\n<div>8x Digital Zoom<\/div>\n<div>Built-in Mic &#038; Speaker, 110dB Siren<\/div>\n<div>Built-in Spotlight<\/div>\n<\/div>\n<\/div>\n<div class=\"child-item\" data-v-f1d06957=\"\">\n<p class=\"child-title\" data-v-f1d06957=\"\">Auxiliary Interface<\/p>\n<div class=\"child-content\" data-v-f1d06957=\"\">\n<div>Micro SD Card Slot (up to 512 GB)<\/div>\n<div>Reset Button<\/div>\n<\/div>\n<\/div>\n<div class=\"child-item\" data-v-f1d06957=\"\">\n<p class=\"child-title\" data-v-f1d06957=\"\">Notice Management<\/p>\n<div class=\"child-content\" data-v-f1d06957=\"\">\n<div>Motion Detection<\/div>\n<div>Vehicle Detection<\/div>\n<div>Human Detection<\/div>\n<div>\n<div>Configurable Region<\/div>\n<\/div>\n<\/div>\n<\/div>\n<div class=\"child-item\" data-v-f1d06957=\"\">\n<p class=\"child-title\" data-v-f1d06957=\"\">General<\/p>\n<div class=\"child-content\" data-v-f1d06957=\"\">\n<div>DC 12V1A Power Supply<\/div>\n<div>Power Consumption:<12 W<\/div>\n<div>\n<div>Material: Plastic and metal<\/div>\n<div>\n<div>Working Environment:-30\u00b0C~+50\u00b0C, Less Than 95%RH<\/div>\n<div>Dimensions: 147.7 \u00d7 74.2 \u00d7 75.6mm (5.8 \u00d7 2.9 \u00d7 3.0inch)<\/div>\n<div>Weight: 290g (0.64lb)<\/div>\n<div>CE<\/div>\n<\/div>\n<\/div>\n<\/div>\n<\/div>\n<\/div>\n","protected":false},"excerpt":{"rendered":"<p>\u0413\u0430\u0440\u0430\u043d\u0446\u0438\u0458\u0430: 12 \u043c\u0435\u0441\u0435\u0446\u0438<\/p>\n","protected":false},"featured_media":22294,"template":"","meta":[],"product_brand":[],"product_cat":[664],"product_tag":[],"class_list":{"0":"post-22293","1":"product","2":"type-product","3":"status-publish","4":"has-post-thumbnail","6":"product_cat-video-nadzor","7":"Brend-imou","9":"first","10":"instock","11":"shipping-taxable","12":"purchasable","13":"product-type-simple"},"yoast_head":"<!-- This site is optimized with the Yoast SEO plugin v26.1.1 - https:\/\/yoast.com\/wordpress\/plugins\/seo\/ -->\n<title>Imou Bullet 3 5Mpix Outdoor Camera Smart<\/title>\n<meta name=\"robots\" content=\"index, follow, max-snippet:-1, max-image-preview:large, max-video-preview:-1\" \/>\n<link rel=\"canonical\" href=\"https:\/\/setra.mk\/en\/product\/imou-bullet-3-5mpix-outdoor-camera-smart\/\" \/>\n<meta property=\"og:locale\" content=\"en_US\" \/>\n<meta property=\"og:locale:alternate\" content=\"mk_MK\" \/>\n<meta property=\"og:type\" content=\"article\" \/>\n<meta property=\"og:title\" content=\"Imou Bullet 3 5Mpix Outdoor Camera Smart\" \/>\n<meta property=\"og:description\" content=\"\u0413\u0430\u0440\u0430\u043d\u0446\u0438\u0458\u0430: 12 \u043c\u0435\u0441\u0435\u0446\u0438\" \/>\n<meta property=\"og:url\" content=\"https:\/\/setra.mk\/en\/product\/imou-bullet-3-5mpix-outdoor-camera-smart\/\" \/>\n<meta property=\"og:site_name\" content=\"Setra\" \/>\n<meta property=\"article:publisher\" content=\"https:\/\/www.facebook.com\/itmarketsetra\/\" \/>\n<meta property=\"article:modified_time\" content=\"2025-12-12T12:42:02+00:00\" \/>\n<meta property=\"og:image\" content=\"https:\/\/setra.mk\/wp-content\/uploads\/2024\/11\/Bullet-3-2.jpg\" \/>\n\t<meta property=\"og:image:width\" content=\"900\" \/>\n\t<meta property=\"og:image:height\" content=\"900\" \/>\n\t<meta property=\"og:image:type\" content=\"image\/jpeg\" \/>\n<meta name=\"twitter:card\" content=\"summary_large_image\" \/>\n<meta name=\"twitter:label1\" content=\"Est. reading time\" \/>\n\t<meta name=\"twitter:data1\" content=\"1 minute\" \/>\n<script type=\"application\/ld+json\" class=\"yoast-schema-graph\">{\"@context\":\"https:\/\/schema.org\",\"@graph\":[{\"@type\":\"WebPage\",\"@id\":\"https:\/\/setra.mk\/product\/imou-bullet-3-5mpix-outdoor-camera-smart\/\",\"url\":\"https:\/\/setra.mk\/product\/imou-bullet-3-5mpix-outdoor-camera-smart\/\",\"name\":\"Imou Bullet 3 5Mpix Outdoor Camera Smart\",\"isPartOf\":{\"@id\":\"https:\/\/setra.mk\/#website\"},\"primaryImageOfPage\":{\"@id\":\"https:\/\/setra.mk\/product\/imou-bullet-3-5mpix-outdoor-camera-smart\/#primaryimage\"},\"image\":{\"@id\":\"https:\/\/setra.mk\/product\/imou-bullet-3-5mpix-outdoor-camera-smart\/#primaryimage\"},\"thumbnailUrl\":\"https:\/\/setra.mk\/wp-content\/uploads\/2024\/11\/Bullet-3-2.jpg\",\"datePublished\":\"2024-11-21T08:32:58+00:00\",\"dateModified\":\"2025-12-12T12:42:02+00:00\",\"breadcrumb\":{\"@id\":\"https:\/\/setra.mk\/product\/imou-bullet-3-5mpix-outdoor-camera-smart\/#breadcrumb\"},\"inLanguage\":\"en-US\",\"potentialAction\":[{\"@type\":\"ReadAction\",\"target\":[\"https:\/\/setra.mk\/product\/imou-bullet-3-5mpix-outdoor-camera-smart\/\"]}]},{\"@type\":\"ImageObject\",\"inLanguage\":\"en-US\",\"@id\":\"https:\/\/setra.mk\/product\/imou-bullet-3-5mpix-outdoor-camera-smart\/#primaryimage\",\"url\":\"https:\/\/setra.mk\/wp-content\/uploads\/2024\/11\/Bullet-3-2.jpg\",\"contentUrl\":\"https:\/\/setra.mk\/wp-content\/uploads\/2024\/11\/Bullet-3-2.jpg\",\"width\":900,\"height\":900},{\"@type\":\"BreadcrumbList\",\"@id\":\"https:\/\/setra.mk\/product\/imou-bullet-3-5mpix-outdoor-camera-smart\/#breadcrumb\",\"itemListElement\":[{\"@type\":\"ListItem\",\"position\":1,\"name\":\"Home\",\"item\":\"https:\/\/setra.mk\/\"},{\"@type\":\"ListItem\",\"position\":2,\"name\":\"\u041f\u0440\u043e\u0438\u0437\u0432\u043e\u0434\u0438\",\"item\":\"https:\/\/setra.mk\/shop\/\"},{\"@type\":\"ListItem\",\"position\":3,\"name\":\"Imou Bullet 3 5Mpix Outdoor Camera Smart\"}]},{\"@type\":\"WebSite\",\"@id\":\"https:\/\/setra.mk\/#website\",\"url\":\"https:\/\/setra.mk\/\",\"name\":\"Setra\",\"description\":\"\u0414\u041e\u041e\u0415\u041b \u0421\u043a\u043e\u043f\u0458\u0435\",\"publisher\":{\"@id\":\"https:\/\/setra.mk\/#organization\"},\"potentialAction\":[{\"@type\":\"SearchAction\",\"target\":{\"@type\":\"EntryPoint\",\"urlTemplate\":\"https:\/\/setra.mk\/?s={search_term_string}\"},\"query-input\":{\"@type\":\"PropertyValueSpecification\",\"valueRequired\":true,\"valueName\":\"search_term_string\"}}],\"inLanguage\":\"en-US\"},{\"@type\":\"Organization\",\"@id\":\"https:\/\/setra.mk\/#organization\",\"name\":\"\u0421\u0435\u0442\u0440\u0430 \u0414\u041e\u041e\u0415\u041b \u0421\u043a\u043e\u043f\u0458\u0435\",\"url\":\"https:\/\/setra.mk\/\",\"logo\":{\"@type\":\"ImageObject\",\"inLanguage\":\"en-US\",\"@id\":\"https:\/\/setra.mk\/#\/schema\/logo\/image\/\",\"url\":\"https:\/\/setra.mk\/wp-content\/uploads\/2018\/05\/Setra-Logo-01.png\",\"contentUrl\":\"https:\/\/setra.mk\/wp-content\/uploads\/2018\/05\/Setra-Logo-01.png\",\"width\":2145,\"height\":819,\"caption\":\"\u0421\u0435\u0442\u0440\u0430 \u0414\u041e\u041e\u0415\u041b \u0421\u043a\u043e\u043f\u0458\u0435\"},\"image\":{\"@id\":\"https:\/\/setra.mk\/#\/schema\/logo\/image\/\"},\"sameAs\":[\"https:\/\/www.facebook.com\/itmarketsetra\/\"]}]}<\/script>\n<!-- \/ Yoast SEO plugin. -->","yoast_head_json":{"title":"Imou Bullet 3 5Mpix Outdoor Camera Smart","robots":{"index":"index","follow":"follow","max-snippet":"max-snippet:-1","max-image-preview":"max-image-preview:large","max-video-preview":"max-video-preview:-1"},"canonical":"https:\/\/setra.mk\/en\/product\/imou-bullet-3-5mpix-outdoor-camera-smart\/","og_locale":"en_US","og_type":"article","og_title":"[:mk]Imou Bullet 3 5Mpix Outdoor Camera Smart[:] - Setra","og_description":"\u0413\u0430\u0440\u0430\u043d\u0446\u0438\u0458\u0430: 12 \u043c\u0435\u0441\u0435\u0446\u0438","og_url":"https:\/\/setra.mk\/en\/product\/imou-bullet-3-5mpix-outdoor-camera-smart\/","og_site_name":"Setra","article_publisher":"https:\/\/www.facebook.com\/itmarketsetra\/","article_modified_time":"2025-12-12T12:42:02+00:00","og_image":[{"width":900,"height":900,"url":"https:\/\/setra.mk\/wp-content\/uploads\/2024\/11\/Bullet-3-2.jpg","type":"image\/jpeg"}],"twitter_card":"summary_large_image","twitter_misc":{"Est. reading time":"1 minute"},"schema":{"@context":"https:\/\/schema.org","@graph":[{"@type":"WebPage","@id":"https:\/\/setra.mk\/product\/imou-bullet-3-5mpix-outdoor-camera-smart\/","url":"https:\/\/setra.mk\/product\/imou-bullet-3-5mpix-outdoor-camera-smart\/","name":"Imou Bullet 3 5Mpix Outdoor Camera Smart","isPartOf":{"@id":"https:\/\/setra.mk\/#website"},"primaryImageOfPage":{"@id":"https:\/\/setra.mk\/product\/imou-bullet-3-5mpix-outdoor-camera-smart\/#primaryimage"},"image":{"@id":"https:\/\/setra.mk\/product\/imou-bullet-3-5mpix-outdoor-camera-smart\/#primaryimage"},"thumbnailUrl":"https:\/\/setra.mk\/wp-content\/uploads\/2024\/11\/Bullet-3-2.jpg","datePublished":"2024-11-21T08:32:58+00:00","dateModified":"2025-12-12T12:42:02+00:00","breadcrumb":{"@id":"https:\/\/setra.mk\/product\/imou-bullet-3-5mpix-outdoor-camera-smart\/#breadcrumb"},"inLanguage":"en-US","potentialAction":[{"@type":"ReadAction","target":["https:\/\/setra.mk\/product\/imou-bullet-3-5mpix-outdoor-camera-smart\/"]}]},{"@type":"ImageObject","inLanguage":"en-US","@id":"https:\/\/setra.mk\/product\/imou-bullet-3-5mpix-outdoor-camera-smart\/#primaryimage","url":"https:\/\/setra.mk\/wp-content\/uploads\/2024\/11\/Bullet-3-2.jpg","contentUrl":"https:\/\/setra.mk\/wp-content\/uploads\/2024\/11\/Bullet-3-2.jpg","width":900,"height":900},{"@type":"BreadcrumbList","@id":"https:\/\/setra.mk\/product\/imou-bullet-3-5mpix-outdoor-camera-smart\/#breadcrumb","itemListElement":[{"@type":"ListItem","position":1,"name":"Home","item":"https:\/\/setra.mk\/"},{"@type":"ListItem","position":2,"name":"\u041f\u0440\u043e\u0438\u0437\u0432\u043e\u0434\u0438","item":"https:\/\/setra.mk\/shop\/"},{"@type":"ListItem","position":3,"name":"Imou Bullet 3 5Mpix Outdoor Camera Smart"}]},{"@type":"WebSite","@id":"https:\/\/setra.mk\/#website","url":"https:\/\/setra.mk\/","name":"Setra","description":"\u0414\u041e\u041e\u0415\u041b \u0421\u043a\u043e\u043f\u0458\u0435","publisher":{"@id":"https:\/\/setra.mk\/#organization"},"potentialAction":[{"@type":"SearchAction","target":{"@type":"EntryPoint","urlTemplate":"https:\/\/setra.mk\/?s={search_term_string}"},"query-input":{"@type":"PropertyValueSpecification","valueRequired":true,"valueName":"search_term_string"}}],"inLanguage":"en-US"},{"@type":"Organization","@id":"https:\/\/setra.mk\/#organization","name":"\u0421\u0435\u0442\u0440\u0430 \u0414\u041e\u041e\u0415\u041b \u0421\u043a\u043e\u043f\u0458\u0435","url":"https:\/\/setra.mk\/","logo":{"@type":"ImageObject","inLanguage":"en-US","@id":"https:\/\/setra.mk\/#\/schema\/logo\/image\/","url":"https:\/\/setra.mk\/wp-content\/uploads\/2018\/05\/Setra-Logo-01.png","contentUrl":"https:\/\/setra.mk\/wp-content\/uploads\/2018\/05\/Setra-Logo-01.png","width":2145,"height":819,"caption":"\u0421\u0435\u0442\u0440\u0430 \u0414\u041e\u041e\u0415\u041b \u0421\u043a\u043e\u043f\u0458\u0435"},"image":{"@id":"https:\/\/setra.mk\/#\/schema\/logo\/image\/"},"sameAs":["https:\/\/www.facebook.com\/itmarketsetra\/"]}]}},"_links":{"self":[{"href":"https:\/\/setra.mk\/en\/wp-json\/wp\/v2\/product\/22293","targetHints":{"allow":["GET"]}}],"collection":[{"href":"https:\/\/setra.mk\/en\/wp-json\/wp\/v2\/product"}],"about":[{"href":"https:\/\/setra.mk\/en\/wp-json\/wp\/v2\/types\/product"}],"wp:featuredmedia":[{"embeddable":true,"href":"https:\/\/setra.mk\/en\/wp-json\/wp\/v2\/media\/22294"}],"wp:attachment":[{"href":"https:\/\/setra.mk\/en\/wp-json\/wp\/v2\/media?parent=22293"}],"wp:term":[{"taxonomy":"product_brand","embeddable":true,"href":"https:\/\/setra.mk\/en\/wp-json\/wp\/v2\/product_brand?post=22293"},{"taxonomy":"product_cat","embeddable":true,"href":"https:\/\/setra.mk\/en\/wp-json\/wp\/v2\/product_cat?post=22293"},{"taxonomy":"product_tag","embeddable":true,"href":"https:\/\/setra.mk\/en\/wp-json\/wp\/v2\/product_tag?post=22293"}],"curies":[{"name":"wp","href":"https:\/\/api.w.org\/{rel}","templated":true}]}}