{"id":24441,"date":"2025-06-04T11:59:25","date_gmt":"2025-06-04T09:59:25","guid":{"rendered":"https:\/\/setra.mk\/?post_type=product&#038;p=24441"},"modified":"2025-11-13T10:19:19","modified_gmt":"2025-11-13T08:19:19","slug":"imou-cruiser-se-3mp-wi-fi-smart-full-color-night-vision-camera","status":"publish","type":"product","link":"https:\/\/setra.mk\/en\/product\/imou-cruiser-se-3mp-wi-fi-smart-full-color-night-vision-camera\/","title":{"rendered":"Imou Cruiser SE+ 3MP Wi-Fi Smart Full-color Night Vision Camera"},"content":{"rendered":"<div class=\"specs-item\" data-v-f1d06957=\"\">\n<div class=\"specs-item\" data-v-f1d06957=\"\">\n<div class=\"specs-child\" data-v-f1d06957=\"\">\n<div class=\"child-item\" data-v-f1d06957=\"\">\n<div class=\"specs-item\" data-v-f1d06957=\"\">\n<p class=\"specs-title\" data-v-f1d06957=\"\">Specification<\/p>\n<div class=\"specs-child\" data-v-f1d06957=\"\">\n<div class=\"child-item\" data-v-f1d06957=\"\">\n<p class=\"child-title\" data-v-f1d06957=\"\">Camera<\/p>\n<div class=\"child-content\" data-v-f1d06957=\"\">\n<p>1\/2.8\u201d3Megapixel Progressive CMOS<br \/>\n3MP(2304\u00d71296)<br \/>\nNight Vision: 30m(98ft)<br \/>\n3.6mm Fixed Lens<br \/>\nField of View:<br \/>\n3.6mm: 82\u00b0(H), 44\u00b0(V), 104\u00b0(D)<br \/>\n355\u00b0Pan &#038; 0~90\u00b0Tilt<\/p>\n<\/div>\n<\/div>\n<div class=\"child-item\" data-v-f1d06957=\"\">\n<p class=\"child-title\" data-v-f1d06957=\"\">Network<\/p>\n<div class=\"child-content\" data-v-f1d06957=\"\">\n<p>1 x 100Mbps Ethernet Port<br \/>\nWi-Fi:IEEE802.11b\/g\/n\/ax<br \/>\nImou App: iOS, Android<br \/>\nONVIF<\/p>\n<\/div>\n<\/div>\n<div class=\"child-item\" data-v-f1d06957=\"\">\n<p class=\"child-title\" data-v-f1d06957=\"\">Video &#038; Audio<\/p>\n<div class=\"child-content\" data-v-f1d06957=\"\">\n<p>Video Compression : H.265\/H.264<br \/>\n20 fps Frame Rate<br \/>\n8 x Digital Zoom<br \/>\nBuilt-in Mic &#038; Speaker, 110dB Siren<br \/>\nBuilt-in Spotlight 1<\/p>\n<\/div>\n<\/div>\n<div class=\"child-item\" data-v-f1d06957=\"\">\n<p class=\"child-title\" data-v-f1d06957=\"\">Auxiliary Interface<\/p>\n<div class=\"child-content\" data-v-f1d06957=\"\">\n<p><span class=\"fontstyle0\">Micro SD Card Slot (up to 256 GB)<br \/>\nReset Button<br \/>\nBuilt-in Mic &#038; Speaker1<\/span><\/p>\n<\/div>\n<\/div>\n<div class=\"child-item\" data-v-f1d06957=\"\">\n<p class=\"child-title\" data-v-f1d06957=\"\">Notice Management<\/p>\n<div class=\"child-content\" data-v-f1d06957=\"\">\n<p><span class=\"fontstyle0\">Motion Detection<br \/>\nConfigurable Region<br \/>\nHuman Detection<\/span><\/p>\n<\/div>\n<\/div>\n<div class=\"child-item\" data-v-f1d06957=\"\">\n<p class=\"child-title\" data-v-f1d06957=\"\">General<\/p>\n<div class=\"child-content\" data-v-f1d06957=\"\">\n<p><span class=\"fontstyle0\">DC 12V1A Power Supply<br \/>\nPower Consumption:<6.2 W\nWorking Environment:-20\u00b0C~+50\u00b0C, Less Than 95%RH\nIP66\nMaterial: Plastic\nDimensions: 120.7 \u00d7 136.2\u00d7 183.3 mm (4.75\u00d7 5.36\u00d7 7.22 inch)\nWeight: 395 g (0.87 lb)\nCE, FCC,UKCA<\/span><\/p>\n<\/div>\n<\/div>\n<\/div>\n<\/div>\n<\/div>\n<\/div>\n<\/div>\n<\/div>\n","protected":false},"excerpt":{"rendered":"<p>\u0413\u0430\u0440\u0430\u043d\u0446\u0438\u0458\u0430: 12 \u043c\u0435\u0441\u0435\u0446\u0438<\/p>\n","protected":false},"featured_media":20938,"template":"","meta":[],"product_brand":[],"product_cat":[664],"product_tag":[],"class_list":{"0":"post-24441","1":"product","2":"type-product","3":"status-publish","4":"has-post-thumbnail","6":"product_cat-video-nadzor","7":"Brend-imou","9":"first","10":"outofstock","11":"shipping-taxable","12":"purchasable","13":"product-type-simple"},"yoast_head":"<!-- This site is optimized with the Yoast SEO plugin v26.1.1 - https:\/\/yoast.com\/wordpress\/plugins\/seo\/ -->\n<title>Imou Cruiser SE+ 3MP Wi-Fi Smart Full-color Night Vision Camera<\/title>\n<meta name=\"robots\" content=\"index, follow, max-snippet:-1, max-image-preview:large, max-video-preview:-1\" \/>\n<link rel=\"canonical\" href=\"https:\/\/setra.mk\/en\/product\/imou-cruiser-se-3mp-wi-fi-smart-full-color-night-vision-camera\/\" \/>\n<meta property=\"og:locale\" content=\"en_US\" \/>\n<meta property=\"og:locale:alternate\" content=\"mk_MK\" \/>\n<meta property=\"og:type\" content=\"article\" \/>\n<meta property=\"og:title\" content=\"Imou Cruiser SE+ 3MP Wi-Fi Smart Full-color Night Vision Camera\" \/>\n<meta property=\"og:description\" content=\"\u0413\u0430\u0440\u0430\u043d\u0446\u0438\u0458\u0430: 12 \u043c\u0435\u0441\u0435\u0446\u0438\" \/>\n<meta property=\"og:url\" content=\"https:\/\/setra.mk\/en\/product\/imou-cruiser-se-3mp-wi-fi-smart-full-color-night-vision-camera\/\" \/>\n<meta property=\"og:site_name\" content=\"Setra\" \/>\n<meta property=\"article:publisher\" content=\"https:\/\/www.facebook.com\/itmarketsetra\/\" \/>\n<meta property=\"article:modified_time\" content=\"2025-11-13T08:19:19+00:00\" \/>\n<meta property=\"og:image\" content=\"https:\/\/setra.mk\/wp-content\/uploads\/2024\/04\/Cruiser-SE-4MP.jpg\" \/>\n\t<meta property=\"og:image:width\" content=\"1200\" \/>\n\t<meta property=\"og:image:height\" content=\"1000\" \/>\n\t<meta property=\"og:image:type\" content=\"image\/jpeg\" \/>\n<meta name=\"twitter:card\" content=\"summary_large_image\" \/>\n<meta name=\"twitter:label1\" content=\"Est. reading time\" \/>\n\t<meta name=\"twitter:data1\" content=\"1 minute\" \/>\n<script type=\"application\/ld+json\" class=\"yoast-schema-graph\">{\"@context\":\"https:\/\/schema.org\",\"@graph\":[{\"@type\":\"WebPage\",\"@id\":\"https:\/\/setra.mk\/product\/imou-cruiser-se-3mp-wi-fi-smart-full-color-night-vision-camera\/\",\"url\":\"https:\/\/setra.mk\/product\/imou-cruiser-se-3mp-wi-fi-smart-full-color-night-vision-camera\/\",\"name\":\"Imou Cruiser SE+ 3MP Wi-Fi Smart Full-color Night Vision Camera\",\"isPartOf\":{\"@id\":\"https:\/\/setra.mk\/#website\"},\"primaryImageOfPage\":{\"@id\":\"https:\/\/setra.mk\/product\/imou-cruiser-se-3mp-wi-fi-smart-full-color-night-vision-camera\/#primaryimage\"},\"image\":{\"@id\":\"https:\/\/setra.mk\/product\/imou-cruiser-se-3mp-wi-fi-smart-full-color-night-vision-camera\/#primaryimage\"},\"thumbnailUrl\":\"https:\/\/setra.mk\/wp-content\/uploads\/2024\/04\/Cruiser-SE-4MP.jpg\",\"datePublished\":\"2025-06-04T09:59:25+00:00\",\"dateModified\":\"2025-11-13T08:19:19+00:00\",\"breadcrumb\":{\"@id\":\"https:\/\/setra.mk\/product\/imou-cruiser-se-3mp-wi-fi-smart-full-color-night-vision-camera\/#breadcrumb\"},\"inLanguage\":\"en-US\",\"potentialAction\":[{\"@type\":\"ReadAction\",\"target\":[\"https:\/\/setra.mk\/product\/imou-cruiser-se-3mp-wi-fi-smart-full-color-night-vision-camera\/\"]}]},{\"@type\":\"ImageObject\",\"inLanguage\":\"en-US\",\"@id\":\"https:\/\/setra.mk\/product\/imou-cruiser-se-3mp-wi-fi-smart-full-color-night-vision-camera\/#primaryimage\",\"url\":\"https:\/\/setra.mk\/wp-content\/uploads\/2024\/04\/Cruiser-SE-4MP.jpg\",\"contentUrl\":\"https:\/\/setra.mk\/wp-content\/uploads\/2024\/04\/Cruiser-SE-4MP.jpg\",\"width\":1200,\"height\":1000},{\"@type\":\"BreadcrumbList\",\"@id\":\"https:\/\/setra.mk\/product\/imou-cruiser-se-3mp-wi-fi-smart-full-color-night-vision-camera\/#breadcrumb\",\"itemListElement\":[{\"@type\":\"ListItem\",\"position\":1,\"name\":\"Home\",\"item\":\"https:\/\/setra.mk\/\"},{\"@type\":\"ListItem\",\"position\":2,\"name\":\"\u041f\u0440\u043e\u0438\u0437\u0432\u043e\u0434\u0438\",\"item\":\"https:\/\/setra.mk\/shop\/\"},{\"@type\":\"ListItem\",\"position\":3,\"name\":\"Imou Cruiser SE+ 3MP Wi-Fi Smart Full-color Night Vision Camera\"}]},{\"@type\":\"WebSite\",\"@id\":\"https:\/\/setra.mk\/#website\",\"url\":\"https:\/\/setra.mk\/\",\"name\":\"Setra\",\"description\":\"\u0414\u041e\u041e\u0415\u041b \u0421\u043a\u043e\u043f\u0458\u0435\",\"publisher\":{\"@id\":\"https:\/\/setra.mk\/#organization\"},\"potentialAction\":[{\"@type\":\"SearchAction\",\"target\":{\"@type\":\"EntryPoint\",\"urlTemplate\":\"https:\/\/setra.mk\/?s={search_term_string}\"},\"query-input\":{\"@type\":\"PropertyValueSpecification\",\"valueRequired\":true,\"valueName\":\"search_term_string\"}}],\"inLanguage\":\"en-US\"},{\"@type\":\"Organization\",\"@id\":\"https:\/\/setra.mk\/#organization\",\"name\":\"\u0421\u0435\u0442\u0440\u0430 \u0414\u041e\u041e\u0415\u041b \u0421\u043a\u043e\u043f\u0458\u0435\",\"url\":\"https:\/\/setra.mk\/\",\"logo\":{\"@type\":\"ImageObject\",\"inLanguage\":\"en-US\",\"@id\":\"https:\/\/setra.mk\/#\/schema\/logo\/image\/\",\"url\":\"https:\/\/setra.mk\/wp-content\/uploads\/2018\/05\/Setra-Logo-01.png\",\"contentUrl\":\"https:\/\/setra.mk\/wp-content\/uploads\/2018\/05\/Setra-Logo-01.png\",\"width\":2145,\"height\":819,\"caption\":\"\u0421\u0435\u0442\u0440\u0430 \u0414\u041e\u041e\u0415\u041b \u0421\u043a\u043e\u043f\u0458\u0435\"},\"image\":{\"@id\":\"https:\/\/setra.mk\/#\/schema\/logo\/image\/\"},\"sameAs\":[\"https:\/\/www.facebook.com\/itmarketsetra\/\"]}]}<\/script>\n<!-- \/ Yoast SEO plugin. -->","yoast_head_json":{"title":"Imou Cruiser SE+ 3MP Wi-Fi Smart Full-color Night Vision Camera","robots":{"index":"index","follow":"follow","max-snippet":"max-snippet:-1","max-image-preview":"max-image-preview:large","max-video-preview":"max-video-preview:-1"},"canonical":"https:\/\/setra.mk\/en\/product\/imou-cruiser-se-3mp-wi-fi-smart-full-color-night-vision-camera\/","og_locale":"en_US","og_type":"article","og_title":"[:mk]Imou Cruiser SE+ 3MP Wi-Fi Smart Full-color Night Vision Camera[:] - Setra","og_description":"\u0413\u0430\u0440\u0430\u043d\u0446\u0438\u0458\u0430: 12 \u043c\u0435\u0441\u0435\u0446\u0438","og_url":"https:\/\/setra.mk\/en\/product\/imou-cruiser-se-3mp-wi-fi-smart-full-color-night-vision-camera\/","og_site_name":"Setra","article_publisher":"https:\/\/www.facebook.com\/itmarketsetra\/","article_modified_time":"2025-11-13T08:19:19+00:00","og_image":[{"width":1200,"height":1000,"url":"https:\/\/setra.mk\/wp-content\/uploads\/2024\/04\/Cruiser-SE-4MP.jpg","type":"image\/jpeg"}],"twitter_card":"summary_large_image","twitter_misc":{"Est. reading time":"1 minute"},"schema":{"@context":"https:\/\/schema.org","@graph":[{"@type":"WebPage","@id":"https:\/\/setra.mk\/product\/imou-cruiser-se-3mp-wi-fi-smart-full-color-night-vision-camera\/","url":"https:\/\/setra.mk\/product\/imou-cruiser-se-3mp-wi-fi-smart-full-color-night-vision-camera\/","name":"Imou Cruiser SE+ 3MP Wi-Fi Smart Full-color Night Vision Camera","isPartOf":{"@id":"https:\/\/setra.mk\/#website"},"primaryImageOfPage":{"@id":"https:\/\/setra.mk\/product\/imou-cruiser-se-3mp-wi-fi-smart-full-color-night-vision-camera\/#primaryimage"},"image":{"@id":"https:\/\/setra.mk\/product\/imou-cruiser-se-3mp-wi-fi-smart-full-color-night-vision-camera\/#primaryimage"},"thumbnailUrl":"https:\/\/setra.mk\/wp-content\/uploads\/2024\/04\/Cruiser-SE-4MP.jpg","datePublished":"2025-06-04T09:59:25+00:00","dateModified":"2025-11-13T08:19:19+00:00","breadcrumb":{"@id":"https:\/\/setra.mk\/product\/imou-cruiser-se-3mp-wi-fi-smart-full-color-night-vision-camera\/#breadcrumb"},"inLanguage":"en-US","potentialAction":[{"@type":"ReadAction","target":["https:\/\/setra.mk\/product\/imou-cruiser-se-3mp-wi-fi-smart-full-color-night-vision-camera\/"]}]},{"@type":"ImageObject","inLanguage":"en-US","@id":"https:\/\/setra.mk\/product\/imou-cruiser-se-3mp-wi-fi-smart-full-color-night-vision-camera\/#primaryimage","url":"https:\/\/setra.mk\/wp-content\/uploads\/2024\/04\/Cruiser-SE-4MP.jpg","contentUrl":"https:\/\/setra.mk\/wp-content\/uploads\/2024\/04\/Cruiser-SE-4MP.jpg","width":1200,"height":1000},{"@type":"BreadcrumbList","@id":"https:\/\/setra.mk\/product\/imou-cruiser-se-3mp-wi-fi-smart-full-color-night-vision-camera\/#breadcrumb","itemListElement":[{"@type":"ListItem","position":1,"name":"Home","item":"https:\/\/setra.mk\/"},{"@type":"ListItem","position":2,"name":"\u041f\u0440\u043e\u0438\u0437\u0432\u043e\u0434\u0438","item":"https:\/\/setra.mk\/shop\/"},{"@type":"ListItem","position":3,"name":"Imou Cruiser SE+ 3MP Wi-Fi Smart Full-color Night Vision Camera"}]},{"@type":"WebSite","@id":"https:\/\/setra.mk\/#website","url":"https:\/\/setra.mk\/","name":"Setra","description":"\u0414\u041e\u041e\u0415\u041b \u0421\u043a\u043e\u043f\u0458\u0435","publisher":{"@id":"https:\/\/setra.mk\/#organization"},"potentialAction":[{"@type":"SearchAction","target":{"@type":"EntryPoint","urlTemplate":"https:\/\/setra.mk\/?s={search_term_string}"},"query-input":{"@type":"PropertyValueSpecification","valueRequired":true,"valueName":"search_term_string"}}],"inLanguage":"en-US"},{"@type":"Organization","@id":"https:\/\/setra.mk\/#organization","name":"\u0421\u0435\u0442\u0440\u0430 \u0414\u041e\u041e\u0415\u041b \u0421\u043a\u043e\u043f\u0458\u0435","url":"https:\/\/setra.mk\/","logo":{"@type":"ImageObject","inLanguage":"en-US","@id":"https:\/\/setra.mk\/#\/schema\/logo\/image\/","url":"https:\/\/setra.mk\/wp-content\/uploads\/2018\/05\/Setra-Logo-01.png","contentUrl":"https:\/\/setra.mk\/wp-content\/uploads\/2018\/05\/Setra-Logo-01.png","width":2145,"height":819,"caption":"\u0421\u0435\u0442\u0440\u0430 \u0414\u041e\u041e\u0415\u041b \u0421\u043a\u043e\u043f\u0458\u0435"},"image":{"@id":"https:\/\/setra.mk\/#\/schema\/logo\/image\/"},"sameAs":["https:\/\/www.facebook.com\/itmarketsetra\/"]}]}},"_links":{"self":[{"href":"https:\/\/setra.mk\/en\/wp-json\/wp\/v2\/product\/24441","targetHints":{"allow":["GET"]}}],"collection":[{"href":"https:\/\/setra.mk\/en\/wp-json\/wp\/v2\/product"}],"about":[{"href":"https:\/\/setra.mk\/en\/wp-json\/wp\/v2\/types\/product"}],"wp:featuredmedia":[{"embeddable":true,"href":"https:\/\/setra.mk\/en\/wp-json\/wp\/v2\/media\/20938"}],"wp:attachment":[{"href":"https:\/\/setra.mk\/en\/wp-json\/wp\/v2\/media?parent=24441"}],"wp:term":[{"taxonomy":"product_brand","embeddable":true,"href":"https:\/\/setra.mk\/en\/wp-json\/wp\/v2\/product_brand?post=24441"},{"taxonomy":"product_cat","embeddable":true,"href":"https:\/\/setra.mk\/en\/wp-json\/wp\/v2\/product_cat?post=24441"},{"taxonomy":"product_tag","embeddable":true,"href":"https:\/\/setra.mk\/en\/wp-json\/wp\/v2\/product_tag?post=24441"}],"curies":[{"name":"wp","href":"https:\/\/api.w.org\/{rel}","templated":true}]}}