{"id":24454,"date":"2025-06-04T13:24:42","date_gmt":"2025-06-04T11:24:42","guid":{"rendered":"https:\/\/setra.mk\/?post_type=product&#038;p=24454"},"modified":"2025-06-04T13:30:17","modified_gmt":"2025-06-04T11:30:17","slug":"imou-cruiser-2-8mpx-outdoor-security-camera","status":"publish","type":"product","link":"https:\/\/setra.mk\/en\/product\/imou-cruiser-2-8mpx-outdoor-security-camera\/","title":{"rendered":"Imou Cruiser 2 8Mpx Outdoor Security Camera"},"content":{"rendered":"<p>IPC-S7EP-8Q0WEH<\/p>\n<p>&nbsp;<\/p>\n<div class=\"specs-item\" data-v-f1d06957=\"\">\n<p class=\"specs-title\" data-v-f1d06957=\"\">Specifications<\/p>\n<div class=\"specs-child\" data-v-f1d06957=\"\">\n<div class=\"child-item\" data-v-f1d06957=\"\">\n<p class=\"child-title\" data-v-f1d06957=\"\">Camera<\/p>\n<div class=\"child-content\" data-v-f1d06957=\"\">\n<p>1\/2.7\u201d5 Megapixel Progressive CMOS<\/p>\n<p>8MP<\/p>\n<p>Night Vision: 30m(98ft) Distance<\/p>\n<p>3.6mm Fixed Lens<\/p>\n<p>Field of View:<\/p>\n<p>85\u00b0(H), 42\u00b0(V),102\u00b0(D)<\/p>\n<p>0~340\u00b0Pan &#038; 0~90\u00b0Tilt<\/p>\n<\/div>\n<\/div>\n<div class=\"child-item\" data-v-f1d06957=\"\">\n<p class=\"child-title\" data-v-f1d06957=\"\">Network<\/p>\n<div class=\"child-content\" data-v-f1d06957=\"\">\n<p>1 x 100Mbps Ethernet Port<\/p>\n<p>Wi-Fi 6: IEEE802.11 ax\/b\/g\/n, Dual Antenna 120m Open Field<\/p>\n<p>Imou App: iOS, Android<\/p>\n<p>ONVIF<\/p>\n<\/div>\n<\/div>\n<div class=\"child-item\" data-v-f1d06957=\"\">\n<p class=\"child-title\" data-v-f1d06957=\"\">Video &#038; Audio<\/p>\n<div class=\"child-content\" data-v-f1d06957=\"\">\n<p>Video Compression : H.265\/H.264<\/p>\n<p>Up to 25\/30 fps Frame Rate<\/p>\n<p>8x Digital Zoom<\/p>\n<p>Built-in Mic &#038; Speaker, 110dB Siren<\/p>\n<p>Two-way Audio<\/p>\n<\/div>\n<\/div>\n<div class=\"child-item\" data-v-f1d06957=\"\">\n<p class=\"child-title\" data-v-f1d06957=\"\">Auxiliary Interface<\/p>\n<div class=\"child-content\" data-v-f1d06957=\"\">\n<p>Micro SD Card Slot (up to 512GB)<\/p>\n<p>Built-in Mic &#038; Speaker<\/p>\n<p>Reset Button<\/p>\n<\/div>\n<\/div>\n<div class=\"child-item\" data-v-f1d06957=\"\">\n<p class=\"child-title\" data-v-f1d06957=\"\">Notice Management<\/p>\n<div class=\"child-content\" data-v-f1d06957=\"\">\n<p>Motion Detection<\/p>\n<p>Configurable Region<\/p>\n<p>Human Detection<\/p>\n<p>Vehicle Detection<\/p>\n<\/div>\n<\/div>\n<div class=\"child-item\" data-v-f1d06957=\"\">\n<p class=\"child-title\" data-v-f1d06957=\"\">General<\/p>\n<div class=\"child-content\" data-v-f1d06957=\"\">\n<p>DC 12V1A Power Supply<\/p>\n<p>Power Consumption:<12 W\n\nMaterial: Plastic\n\nWorking Environment:-30\u00b0C~+60\u00b0C, Less Than 95%RH\n\nDimensions: 110.4 \u00d7 128.8\u00d7 132.7mm (4.33\u00d7 5.07 \u00d7 5.22 inch)\n\nWeight: 370g (0.82lb)\n\nCE, FCC, UKCA\n\nIP66\n\n<\/div>\n<\/div>\n<\/div>\n<\/div>\n<div class=\"specs-item\" data-v-f1d06957=\"\">\n<p class=\"specs-title\" data-v-f1d06957=\"\">What\u2019s in the box<\/p>\n<div class=\"specs-child\" data-v-f1d06957=\"\">\n<div class=\"child-item\" data-v-f1d06957=\"\">\n<div class=\"child-content\" data-v-f1d06957=\"\">\n<p>&#8211; 1x Camera<\/p>\n<p>&#8211; 1x Quick Start Guide<\/p>\n<p>&#8211; 1x Power Adapter<\/p>\n<\/div>\n<\/div>\n<div class=\"child-item\" data-v-f1d06957=\"\">\n<div class=\"child-content\" data-v-f1d06957=\"\">\n<p>&#8211; 1x Mounting Template<\/p>\n<p>&#8211; 1x Waterproof Connector<\/p>\n<p>&#8211; 1x Screw and Anchor pack<\/p>\n<\/div>\n<\/div>\n<\/div>\n<\/div>\n","protected":false},"excerpt":{"rendered":"<p>\u0413\u0430\u0440\u0430\u043d\u0446\u0438\u0458\u0430: 12 \u043c\u0435\u0441\u0435\u0446\u0438<\/p>\n","protected":false},"featured_media":20931,"template":"","meta":[],"product_brand":[],"product_cat":[664],"product_tag":[],"class_list":{"0":"post-24454","1":"product","2":"type-product","3":"status-publish","4":"has-post-thumbnail","6":"product_cat-video-nadzor","7":"Brend-imou","9":"first","10":"outofstock","11":"shipping-taxable","12":"purchasable","13":"product-type-simple"},"yoast_head":"<!-- This site is optimized with the Yoast SEO plugin v26.1.1 - https:\/\/yoast.com\/wordpress\/plugins\/seo\/ -->\n<title>Imou Cruiser 2 8Mpx Outdoor Security Camera<\/title>\n<meta name=\"robots\" content=\"index, follow, max-snippet:-1, max-image-preview:large, max-video-preview:-1\" \/>\n<link rel=\"canonical\" href=\"https:\/\/setra.mk\/en\/product\/imou-cruiser-2-8mpx-outdoor-security-camera\/\" \/>\n<meta property=\"og:locale\" content=\"en_US\" \/>\n<meta property=\"og:locale:alternate\" content=\"mk_MK\" \/>\n<meta property=\"og:type\" content=\"article\" \/>\n<meta property=\"og:title\" content=\"Imou Cruiser 2 8Mpx Outdoor Security Camera\" \/>\n<meta property=\"og:description\" content=\"\u0413\u0430\u0440\u0430\u043d\u0446\u0438\u0458\u0430: 12 \u043c\u0435\u0441\u0435\u0446\u0438\" \/>\n<meta property=\"og:url\" content=\"https:\/\/setra.mk\/en\/product\/imou-cruiser-2-8mpx-outdoor-security-camera\/\" \/>\n<meta property=\"og:site_name\" content=\"Setra\" \/>\n<meta property=\"article:publisher\" content=\"https:\/\/www.facebook.com\/itmarketsetra\/\" \/>\n<meta property=\"article:modified_time\" content=\"2025-06-04T11:30:17+00:00\" \/>\n<meta property=\"og:image\" content=\"https:\/\/setra.mk\/wp-content\/uploads\/2024\/04\/Cruiser-2-1.jpg\" \/>\n\t<meta property=\"og:image:width\" content=\"750\" \/>\n\t<meta property=\"og:image:height\" content=\"720\" \/>\n\t<meta property=\"og:image:type\" content=\"image\/jpeg\" \/>\n<meta name=\"twitter:card\" content=\"summary_large_image\" \/>\n<meta name=\"twitter:label1\" content=\"Est. reading time\" \/>\n\t<meta name=\"twitter:data1\" content=\"1 minute\" \/>\n<script type=\"application\/ld+json\" class=\"yoast-schema-graph\">{\"@context\":\"https:\/\/schema.org\",\"@graph\":[{\"@type\":\"WebPage\",\"@id\":\"https:\/\/setra.mk\/product\/imou-cruiser-2-8mpx-outdoor-security-camera\/\",\"url\":\"https:\/\/setra.mk\/product\/imou-cruiser-2-8mpx-outdoor-security-camera\/\",\"name\":\"Imou Cruiser 2 8Mpx Outdoor Security Camera\",\"isPartOf\":{\"@id\":\"https:\/\/setra.mk\/#website\"},\"primaryImageOfPage\":{\"@id\":\"https:\/\/setra.mk\/product\/imou-cruiser-2-8mpx-outdoor-security-camera\/#primaryimage\"},\"image\":{\"@id\":\"https:\/\/setra.mk\/product\/imou-cruiser-2-8mpx-outdoor-security-camera\/#primaryimage\"},\"thumbnailUrl\":\"https:\/\/setra.mk\/wp-content\/uploads\/2024\/04\/Cruiser-2.jpg\",\"datePublished\":\"2025-06-04T11:24:42+00:00\",\"dateModified\":\"2025-06-04T11:30:17+00:00\",\"breadcrumb\":{\"@id\":\"https:\/\/setra.mk\/product\/imou-cruiser-2-8mpx-outdoor-security-camera\/#breadcrumb\"},\"inLanguage\":\"en-US\",\"potentialAction\":[{\"@type\":\"ReadAction\",\"target\":[\"https:\/\/setra.mk\/product\/imou-cruiser-2-8mpx-outdoor-security-camera\/\"]}]},{\"@type\":\"ImageObject\",\"inLanguage\":\"en-US\",\"@id\":\"https:\/\/setra.mk\/product\/imou-cruiser-2-8mpx-outdoor-security-camera\/#primaryimage\",\"url\":\"https:\/\/setra.mk\/wp-content\/uploads\/2024\/04\/Cruiser-2.jpg\",\"contentUrl\":\"https:\/\/setra.mk\/wp-content\/uploads\/2024\/04\/Cruiser-2.jpg\",\"width\":750,\"height\":750},{\"@type\":\"BreadcrumbList\",\"@id\":\"https:\/\/setra.mk\/product\/imou-cruiser-2-8mpx-outdoor-security-camera\/#breadcrumb\",\"itemListElement\":[{\"@type\":\"ListItem\",\"position\":1,\"name\":\"Home\",\"item\":\"https:\/\/setra.mk\/\"},{\"@type\":\"ListItem\",\"position\":2,\"name\":\"\u041f\u0440\u043e\u0438\u0437\u0432\u043e\u0434\u0438\",\"item\":\"https:\/\/setra.mk\/shop\/\"},{\"@type\":\"ListItem\",\"position\":3,\"name\":\"Imou Cruiser 2 8Mpx Outdoor Security Camera\"}]},{\"@type\":\"WebSite\",\"@id\":\"https:\/\/setra.mk\/#website\",\"url\":\"https:\/\/setra.mk\/\",\"name\":\"Setra\",\"description\":\"\u0414\u041e\u041e\u0415\u041b \u0421\u043a\u043e\u043f\u0458\u0435\",\"publisher\":{\"@id\":\"https:\/\/setra.mk\/#organization\"},\"potentialAction\":[{\"@type\":\"SearchAction\",\"target\":{\"@type\":\"EntryPoint\",\"urlTemplate\":\"https:\/\/setra.mk\/?s={search_term_string}\"},\"query-input\":{\"@type\":\"PropertyValueSpecification\",\"valueRequired\":true,\"valueName\":\"search_term_string\"}}],\"inLanguage\":\"en-US\"},{\"@type\":\"Organization\",\"@id\":\"https:\/\/setra.mk\/#organization\",\"name\":\"\u0421\u0435\u0442\u0440\u0430 \u0414\u041e\u041e\u0415\u041b \u0421\u043a\u043e\u043f\u0458\u0435\",\"url\":\"https:\/\/setra.mk\/\",\"logo\":{\"@type\":\"ImageObject\",\"inLanguage\":\"en-US\",\"@id\":\"https:\/\/setra.mk\/#\/schema\/logo\/image\/\",\"url\":\"https:\/\/setra.mk\/wp-content\/uploads\/2018\/05\/Setra-Logo-01.png\",\"contentUrl\":\"https:\/\/setra.mk\/wp-content\/uploads\/2018\/05\/Setra-Logo-01.png\",\"width\":2145,\"height\":819,\"caption\":\"\u0421\u0435\u0442\u0440\u0430 \u0414\u041e\u041e\u0415\u041b \u0421\u043a\u043e\u043f\u0458\u0435\"},\"image\":{\"@id\":\"https:\/\/setra.mk\/#\/schema\/logo\/image\/\"},\"sameAs\":[\"https:\/\/www.facebook.com\/itmarketsetra\/\"]}]}<\/script>\n<!-- \/ Yoast SEO plugin. -->","yoast_head_json":{"title":"Imou Cruiser 2 8Mpx Outdoor Security Camera","robots":{"index":"index","follow":"follow","max-snippet":"max-snippet:-1","max-image-preview":"max-image-preview:large","max-video-preview":"max-video-preview:-1"},"canonical":"https:\/\/setra.mk\/en\/product\/imou-cruiser-2-8mpx-outdoor-security-camera\/","og_locale":"en_US","og_type":"article","og_title":"[:mk]Imou Cruiser 2 8Mpx Outdoor Security Camera[:] - Setra","og_description":"\u0413\u0430\u0440\u0430\u043d\u0446\u0438\u0458\u0430: 12 \u043c\u0435\u0441\u0435\u0446\u0438","og_url":"https:\/\/setra.mk\/en\/product\/imou-cruiser-2-8mpx-outdoor-security-camera\/","og_site_name":"Setra","article_publisher":"https:\/\/www.facebook.com\/itmarketsetra\/","article_modified_time":"2025-06-04T11:30:17+00:00","og_image":[{"width":750,"height":720,"url":"https:\/\/setra.mk\/wp-content\/uploads\/2024\/04\/Cruiser-2-1.jpg","type":"image\/jpeg"}],"twitter_card":"summary_large_image","twitter_misc":{"Est. reading time":"1 minute"},"schema":{"@context":"https:\/\/schema.org","@graph":[{"@type":"WebPage","@id":"https:\/\/setra.mk\/product\/imou-cruiser-2-8mpx-outdoor-security-camera\/","url":"https:\/\/setra.mk\/product\/imou-cruiser-2-8mpx-outdoor-security-camera\/","name":"Imou Cruiser 2 8Mpx Outdoor Security Camera","isPartOf":{"@id":"https:\/\/setra.mk\/#website"},"primaryImageOfPage":{"@id":"https:\/\/setra.mk\/product\/imou-cruiser-2-8mpx-outdoor-security-camera\/#primaryimage"},"image":{"@id":"https:\/\/setra.mk\/product\/imou-cruiser-2-8mpx-outdoor-security-camera\/#primaryimage"},"thumbnailUrl":"https:\/\/setra.mk\/wp-content\/uploads\/2024\/04\/Cruiser-2.jpg","datePublished":"2025-06-04T11:24:42+00:00","dateModified":"2025-06-04T11:30:17+00:00","breadcrumb":{"@id":"https:\/\/setra.mk\/product\/imou-cruiser-2-8mpx-outdoor-security-camera\/#breadcrumb"},"inLanguage":"en-US","potentialAction":[{"@type":"ReadAction","target":["https:\/\/setra.mk\/product\/imou-cruiser-2-8mpx-outdoor-security-camera\/"]}]},{"@type":"ImageObject","inLanguage":"en-US","@id":"https:\/\/setra.mk\/product\/imou-cruiser-2-8mpx-outdoor-security-camera\/#primaryimage","url":"https:\/\/setra.mk\/wp-content\/uploads\/2024\/04\/Cruiser-2.jpg","contentUrl":"https:\/\/setra.mk\/wp-content\/uploads\/2024\/04\/Cruiser-2.jpg","width":750,"height":750},{"@type":"BreadcrumbList","@id":"https:\/\/setra.mk\/product\/imou-cruiser-2-8mpx-outdoor-security-camera\/#breadcrumb","itemListElement":[{"@type":"ListItem","position":1,"name":"Home","item":"https:\/\/setra.mk\/"},{"@type":"ListItem","position":2,"name":"\u041f\u0440\u043e\u0438\u0437\u0432\u043e\u0434\u0438","item":"https:\/\/setra.mk\/shop\/"},{"@type":"ListItem","position":3,"name":"Imou Cruiser 2 8Mpx Outdoor Security Camera"}]},{"@type":"WebSite","@id":"https:\/\/setra.mk\/#website","url":"https:\/\/setra.mk\/","name":"Setra","description":"\u0414\u041e\u041e\u0415\u041b \u0421\u043a\u043e\u043f\u0458\u0435","publisher":{"@id":"https:\/\/setra.mk\/#organization"},"potentialAction":[{"@type":"SearchAction","target":{"@type":"EntryPoint","urlTemplate":"https:\/\/setra.mk\/?s={search_term_string}"},"query-input":{"@type":"PropertyValueSpecification","valueRequired":true,"valueName":"search_term_string"}}],"inLanguage":"en-US"},{"@type":"Organization","@id":"https:\/\/setra.mk\/#organization","name":"\u0421\u0435\u0442\u0440\u0430 \u0414\u041e\u041e\u0415\u041b \u0421\u043a\u043e\u043f\u0458\u0435","url":"https:\/\/setra.mk\/","logo":{"@type":"ImageObject","inLanguage":"en-US","@id":"https:\/\/setra.mk\/#\/schema\/logo\/image\/","url":"https:\/\/setra.mk\/wp-content\/uploads\/2018\/05\/Setra-Logo-01.png","contentUrl":"https:\/\/setra.mk\/wp-content\/uploads\/2018\/05\/Setra-Logo-01.png","width":2145,"height":819,"caption":"\u0421\u0435\u0442\u0440\u0430 \u0414\u041e\u041e\u0415\u041b \u0421\u043a\u043e\u043f\u0458\u0435"},"image":{"@id":"https:\/\/setra.mk\/#\/schema\/logo\/image\/"},"sameAs":["https:\/\/www.facebook.com\/itmarketsetra\/"]}]}},"_links":{"self":[{"href":"https:\/\/setra.mk\/en\/wp-json\/wp\/v2\/product\/24454","targetHints":{"allow":["GET"]}}],"collection":[{"href":"https:\/\/setra.mk\/en\/wp-json\/wp\/v2\/product"}],"about":[{"href":"https:\/\/setra.mk\/en\/wp-json\/wp\/v2\/types\/product"}],"wp:featuredmedia":[{"embeddable":true,"href":"https:\/\/setra.mk\/en\/wp-json\/wp\/v2\/media\/20931"}],"wp:attachment":[{"href":"https:\/\/setra.mk\/en\/wp-json\/wp\/v2\/media?parent=24454"}],"wp:term":[{"taxonomy":"product_brand","embeddable":true,"href":"https:\/\/setra.mk\/en\/wp-json\/wp\/v2\/product_brand?post=24454"},{"taxonomy":"product_cat","embeddable":true,"href":"https:\/\/setra.mk\/en\/wp-json\/wp\/v2\/product_cat?post=24454"},{"taxonomy":"product_tag","embeddable":true,"href":"https:\/\/setra.mk\/en\/wp-json\/wp\/v2\/product_tag?post=24454"}],"curies":[{"name":"wp","href":"https:\/\/api.w.org\/{rel}","templated":true}]}}