{"id":7660,"date":"2020-07-10T13:12:08","date_gmt":"2020-07-10T11:12:08","guid":{"rendered":"https:\/\/setra.mk\/?post_type=product&#038;p=7660"},"modified":"2025-03-27T13:16:55","modified_gmt":"2025-03-27T11:16:55","slug":"tp-link-archer-t2u-ac600","status":"publish","type":"product","link":"https:\/\/setra.mk\/en\/product\/tp-link-archer-t2u-ac600\/","title":{"rendered":"TP-Link Archer T2U AC600"},"content":{"rendered":"<div class=\"wpb-content-wrapper\"><p>[vc_row][vc_column][vc_column_text]<\/p>\n<table>\n<tbody>\n<tr id=\"tr_694\">\n<th width=\"35%\">Interface<\/th>\n<td width=\"65%\">USB 2.0<\/td>\n<\/tr>\n<tr id=\"tr_1107\">\n<th width=\"35%\">LED<\/th>\n<td width=\"65%\">Status<\/td>\n<\/tr>\n<tr id=\"tr_697\">\n<th width=\"35%\">Dimensions ( W x D x H )<\/th>\n<td width=\"65%\">1.6\u00d70.7\u00d70.3 in. (41\u00d719.5\u00d78.7mm)<\/td>\n<\/tr>\n<tr id=\"tr_1056\">\n<th width=\"35%\">Antenna Type<\/th>\n<td width=\"65%\">Omni Directional<\/td>\n<\/tr>\n<\/tbody>\n<\/table>\n<table>\n<thead>\n<tr id=\"tr_604\">\n<th colspan=\"2\"><a>WIRELESS FEATURES<\/a><\/th>\n<\/tr>\n<\/thead>\n<tbody>\n<tr id=\"tr_1058\">\n<th width=\"35%\">Wireless Standards<\/th>\n<td width=\"65%\">IEEE 802.11ac, IEEE 802.11a,<br \/>\nIEEE 802.11n, IEEE 802.11g, IEEE 802.11b<\/td>\n<\/tr>\n<tr id=\"tr_698\">\n<th width=\"35%\">Frequency<\/th>\n<td width=\"65%\">5GHz<br \/>\n2.4GHz<\/td>\n<\/tr>\n<tr id=\"tr_699\">\n<th width=\"35%\">Signal Rate<\/th>\n<td width=\"65%\">5GHz<br \/>\n11ac: Up to 433Mbps(dynamic)<br \/>\n11n: Up to 150Mbps(dynamic)<br \/>\n11a: Up to 54Mbps(dynamic)<br \/>\n2.4GHz<br \/>\n11n: Up to 150Mbps(dynamic)<br \/>\n11g: Up to 54Mbps(dynamic)<br \/>\n11b: Up to 11Mbps(dynamic)<\/td>\n<\/tr>\n<tr id=\"tr_701\">\n<th width=\"35%\">Reception Sensitivity<\/th>\n<td width=\"65%\">5GHz\uff1a<br \/>\n11a 6Mbps: -94dBm<br \/>\n11a 54Mbps: -78dBm<br \/>\n11n HT20 MCS0: -94dBm<br \/>\n11n HT20 MCS7: -77dBm<br \/>\n11n HT40 MCS0: -92dBm<br \/>\n11n HT40 MCS7: -74dBm<br \/>\n11ac VHT80 MCS0: -89dBm<br \/>\n11ac VHT80 MCS9: -64dBm<br \/>\n2.4GHz:<br \/>\n11b 1Mbps: -99dBm<br \/>\n11b 11Mbps: -91dBm<br \/>\n11g 6Mbps: -94dBm<br \/>\n11g 54Mbps: -77dBm<br \/>\n11n HT20 MCS0: -95dBm<br \/>\n11n HT20 MCS7: -76dBm<br \/>\n11n HT40 MCS0: -92dBm<br \/>\n11n HT40 MCS7: -73dBm<\/td>\n<\/tr>\n<tr id=\"tr_700\">\n<th width=\"35%\">Transmit Power<\/th>\n<td width=\"65%\"><20dBm (EIRP)<\/td>\n<\/tr>\n<tr id=\"tr_702\">\n<th width=\"35%\">Wireless Modes<\/th>\n<td width=\"65%\">Ad-Hoc \/ Infrastructure mode<\/td>\n<\/tr>\n<tr id=\"tr_704\">\n<th width=\"35%\">Wireless Security<\/th>\n<td width=\"65%\">Support 64\/128 bit WEP, WPA-PSK\/WPA2-PSK, 802.1x<\/td>\n<\/tr>\n<tr id=\"tr_1059\">\n<th width=\"35%\">Modulation Technology<\/th>\n<td width=\"65%\">DBPSK, DQPSK, CCK, OFDM, 16-QAM, 64-QAM, 256-QAM<\/td>\n<\/tr>\n<\/tbody>\n<\/table>\n<table>\n<thead>\n<tr id=\"tr_606\">\n<th colspan=\"2\"><a>OTHERS<\/a><\/th>\n<\/tr>\n<\/thead>\n<tbody>\n<tr id=\"tr_714\">\n<th width=\"35%\">Certification<\/th>\n<td width=\"65%\">FCC, RoHS<\/td>\n<\/tr>\n<tr id=\"tr_715\">\n<th width=\"35%\">Package Contents<\/th>\n<td width=\"65%\">Wireless Adapter Archer T2U<br \/>\nResource CD<br \/>\nQuick Installation Guide<\/td>\n<\/tr>\n<tr id=\"tr_716\">\n<th width=\"35%\">System Requirements<\/th>\n<td width=\"65%\">Windows &#038; MacOS<\/td>\n<\/tr>\n<tr id=\"tr_717\">\n<th width=\"35%\">Environment<\/th>\n<td width=\"65%\">Operating Temperature: 0\u2103~40\u2103 (32\u2109~104\u2109)<br \/>\nStorage Temperature: -40\u2103~70\u2103 (-40\u2109~158\u2109)<br \/>\nOperating Humidity: 10%~90% non-condensing<br \/>\nStorage Humidity: 5%~90% non-condensing<\/td>\n<\/tr>\n<\/tbody>\n<\/table>\n<p>[\/vc_column_text][\/vc_column][\/vc_row]<\/p>\n<\/div>","protected":false},"excerpt":{"rendered":"<p>\u0413\u0430\u0440\u0430\u043d\u0446\u0438\u0458\u0430: 12 \u043c\u0435\u0441\u0435\u0446\u0438<\/p>\n","protected":false},"featured_media":7661,"template":"","meta":[],"product_brand":[],"product_cat":[265,268],"product_tag":[],"class_list":{"0":"post-7660","1":"product","2":"type-product","3":"status-publish","4":"has-post-thumbnail","6":"product_cat-networking","7":"product_cat-network-adapters","8":"Brend-tp-link","10":"first","11":"instock","12":"shipping-taxable","13":"purchasable","14":"product-type-simple"},"yoast_head":"<!-- This site is optimized with the Yoast SEO plugin v26.1.1 - https:\/\/yoast.com\/wordpress\/plugins\/seo\/ -->\n<title>TP-Link Archer T2U AC600<\/title>\n<meta name=\"robots\" content=\"index, follow, max-snippet:-1, max-image-preview:large, max-video-preview:-1\" \/>\n<link rel=\"canonical\" href=\"https:\/\/setra.mk\/en\/product\/tp-link-archer-t2u-ac600\/\" \/>\n<meta property=\"og:locale\" content=\"en_US\" \/>\n<meta property=\"og:locale:alternate\" content=\"mk_MK\" \/>\n<meta property=\"og:type\" content=\"article\" \/>\n<meta property=\"og:title\" content=\"TP-Link Archer T2U AC600\" \/>\n<meta property=\"og:description\" content=\"\u0413\u0430\u0440\u0430\u043d\u0446\u0438\u0458\u0430: 12 \u043c\u0435\u0441\u0435\u0446\u0438\" \/>\n<meta property=\"og:url\" content=\"https:\/\/setra.mk\/en\/product\/tp-link-archer-t2u-ac600\/\" \/>\n<meta property=\"og:site_name\" content=\"Setra\" \/>\n<meta property=\"article:publisher\" content=\"https:\/\/www.facebook.com\/itmarketsetra\/\" \/>\n<meta property=\"article:modified_time\" content=\"2025-03-27T11:16:55+00:00\" \/>\n<meta property=\"og:image\" content=\"https:\/\/setra.mk\/wp-content\/uploads\/2020\/07\/Archer-T2U_EU_3.0_01-9003.jpg\" \/>\n\t<meta property=\"og:image:width\" content=\"900\" \/>\n\t<meta property=\"og:image:height\" content=\"900\" \/>\n\t<meta property=\"og:image:type\" content=\"image\/jpeg\" \/>\n<meta name=\"twitter:card\" content=\"summary_large_image\" \/>\n<meta name=\"twitter:label1\" content=\"Est. reading time\" \/>\n\t<meta name=\"twitter:data1\" content=\"2 minutes\" \/>\n<script type=\"application\/ld+json\" class=\"yoast-schema-graph\">{\"@context\":\"https:\/\/schema.org\",\"@graph\":[{\"@type\":\"WebPage\",\"@id\":\"https:\/\/setra.mk\/product\/tp-link-archer-t2u-ac600\/\",\"url\":\"https:\/\/setra.mk\/product\/tp-link-archer-t2u-ac600\/\",\"name\":\"TP-Link Archer T2U AC600\",\"isPartOf\":{\"@id\":\"https:\/\/setra.mk\/#website\"},\"primaryImageOfPage\":{\"@id\":\"https:\/\/setra.mk\/product\/tp-link-archer-t2u-ac600\/#primaryimage\"},\"image\":{\"@id\":\"https:\/\/setra.mk\/product\/tp-link-archer-t2u-ac600\/#primaryimage\"},\"thumbnailUrl\":\"https:\/\/setra.mk\/wp-content\/uploads\/2020\/07\/Archer-T2U_EU_3.0_01-9003.jpg\",\"datePublished\":\"2020-07-10T11:12:08+00:00\",\"dateModified\":\"2025-03-27T11:16:55+00:00\",\"breadcrumb\":{\"@id\":\"https:\/\/setra.mk\/product\/tp-link-archer-t2u-ac600\/#breadcrumb\"},\"inLanguage\":\"en-US\",\"potentialAction\":[{\"@type\":\"ReadAction\",\"target\":[\"https:\/\/setra.mk\/product\/tp-link-archer-t2u-ac600\/\"]}]},{\"@type\":\"ImageObject\",\"inLanguage\":\"en-US\",\"@id\":\"https:\/\/setra.mk\/product\/tp-link-archer-t2u-ac600\/#primaryimage\",\"url\":\"https:\/\/setra.mk\/wp-content\/uploads\/2020\/07\/Archer-T2U_EU_3.0_01-9003.jpg\",\"contentUrl\":\"https:\/\/setra.mk\/wp-content\/uploads\/2020\/07\/Archer-T2U_EU_3.0_01-9003.jpg\",\"width\":900,\"height\":900},{\"@type\":\"BreadcrumbList\",\"@id\":\"https:\/\/setra.mk\/product\/tp-link-archer-t2u-ac600\/#breadcrumb\",\"itemListElement\":[{\"@type\":\"ListItem\",\"position\":1,\"name\":\"Home\",\"item\":\"https:\/\/setra.mk\/\"},{\"@type\":\"ListItem\",\"position\":2,\"name\":\"\u041f\u0440\u043e\u0438\u0437\u0432\u043e\u0434\u0438\",\"item\":\"https:\/\/setra.mk\/shop\/\"},{\"@type\":\"ListItem\",\"position\":3,\"name\":\"TP-Link Archer T2U AC600\"}]},{\"@type\":\"WebSite\",\"@id\":\"https:\/\/setra.mk\/#website\",\"url\":\"https:\/\/setra.mk\/\",\"name\":\"Setra\",\"description\":\"\u0414\u041e\u041e\u0415\u041b \u0421\u043a\u043e\u043f\u0458\u0435\",\"publisher\":{\"@id\":\"https:\/\/setra.mk\/#organization\"},\"potentialAction\":[{\"@type\":\"SearchAction\",\"target\":{\"@type\":\"EntryPoint\",\"urlTemplate\":\"https:\/\/setra.mk\/?s={search_term_string}\"},\"query-input\":{\"@type\":\"PropertyValueSpecification\",\"valueRequired\":true,\"valueName\":\"search_term_string\"}}],\"inLanguage\":\"en-US\"},{\"@type\":\"Organization\",\"@id\":\"https:\/\/setra.mk\/#organization\",\"name\":\"\u0421\u0435\u0442\u0440\u0430 \u0414\u041e\u041e\u0415\u041b \u0421\u043a\u043e\u043f\u0458\u0435\",\"url\":\"https:\/\/setra.mk\/\",\"logo\":{\"@type\":\"ImageObject\",\"inLanguage\":\"en-US\",\"@id\":\"https:\/\/setra.mk\/#\/schema\/logo\/image\/\",\"url\":\"https:\/\/setra.mk\/wp-content\/uploads\/2018\/05\/Setra-Logo-01.png\",\"contentUrl\":\"https:\/\/setra.mk\/wp-content\/uploads\/2018\/05\/Setra-Logo-01.png\",\"width\":2145,\"height\":819,\"caption\":\"\u0421\u0435\u0442\u0440\u0430 \u0414\u041e\u041e\u0415\u041b \u0421\u043a\u043e\u043f\u0458\u0435\"},\"image\":{\"@id\":\"https:\/\/setra.mk\/#\/schema\/logo\/image\/\"},\"sameAs\":[\"https:\/\/www.facebook.com\/itmarketsetra\/\"]}]}<\/script>\n<!-- \/ Yoast SEO plugin. -->","yoast_head_json":{"title":"TP-Link Archer T2U AC600","robots":{"index":"index","follow":"follow","max-snippet":"max-snippet:-1","max-image-preview":"max-image-preview:large","max-video-preview":"max-video-preview:-1"},"canonical":"https:\/\/setra.mk\/en\/product\/tp-link-archer-t2u-ac600\/","og_locale":"en_US","og_type":"article","og_title":"[:mk]TP-Link Archer T2U AC600[:] - Setra","og_description":"\u0413\u0430\u0440\u0430\u043d\u0446\u0438\u0458\u0430: 12 \u043c\u0435\u0441\u0435\u0446\u0438","og_url":"https:\/\/setra.mk\/en\/product\/tp-link-archer-t2u-ac600\/","og_site_name":"Setra","article_publisher":"https:\/\/www.facebook.com\/itmarketsetra\/","article_modified_time":"2025-03-27T11:16:55+00:00","og_image":[{"width":900,"height":900,"url":"https:\/\/setra.mk\/wp-content\/uploads\/2020\/07\/Archer-T2U_EU_3.0_01-9003.jpg","type":"image\/jpeg"}],"twitter_card":"summary_large_image","twitter_misc":{"Est. reading time":"2 minutes"},"schema":{"@context":"https:\/\/schema.org","@graph":[{"@type":"WebPage","@id":"https:\/\/setra.mk\/product\/tp-link-archer-t2u-ac600\/","url":"https:\/\/setra.mk\/product\/tp-link-archer-t2u-ac600\/","name":"TP-Link Archer T2U AC600","isPartOf":{"@id":"https:\/\/setra.mk\/#website"},"primaryImageOfPage":{"@id":"https:\/\/setra.mk\/product\/tp-link-archer-t2u-ac600\/#primaryimage"},"image":{"@id":"https:\/\/setra.mk\/product\/tp-link-archer-t2u-ac600\/#primaryimage"},"thumbnailUrl":"https:\/\/setra.mk\/wp-content\/uploads\/2020\/07\/Archer-T2U_EU_3.0_01-9003.jpg","datePublished":"2020-07-10T11:12:08+00:00","dateModified":"2025-03-27T11:16:55+00:00","breadcrumb":{"@id":"https:\/\/setra.mk\/product\/tp-link-archer-t2u-ac600\/#breadcrumb"},"inLanguage":"en-US","potentialAction":[{"@type":"ReadAction","target":["https:\/\/setra.mk\/product\/tp-link-archer-t2u-ac600\/"]}]},{"@type":"ImageObject","inLanguage":"en-US","@id":"https:\/\/setra.mk\/product\/tp-link-archer-t2u-ac600\/#primaryimage","url":"https:\/\/setra.mk\/wp-content\/uploads\/2020\/07\/Archer-T2U_EU_3.0_01-9003.jpg","contentUrl":"https:\/\/setra.mk\/wp-content\/uploads\/2020\/07\/Archer-T2U_EU_3.0_01-9003.jpg","width":900,"height":900},{"@type":"BreadcrumbList","@id":"https:\/\/setra.mk\/product\/tp-link-archer-t2u-ac600\/#breadcrumb","itemListElement":[{"@type":"ListItem","position":1,"name":"Home","item":"https:\/\/setra.mk\/"},{"@type":"ListItem","position":2,"name":"\u041f\u0440\u043e\u0438\u0437\u0432\u043e\u0434\u0438","item":"https:\/\/setra.mk\/shop\/"},{"@type":"ListItem","position":3,"name":"TP-Link Archer T2U AC600"}]},{"@type":"WebSite","@id":"https:\/\/setra.mk\/#website","url":"https:\/\/setra.mk\/","name":"Setra","description":"\u0414\u041e\u041e\u0415\u041b \u0421\u043a\u043e\u043f\u0458\u0435","publisher":{"@id":"https:\/\/setra.mk\/#organization"},"potentialAction":[{"@type":"SearchAction","target":{"@type":"EntryPoint","urlTemplate":"https:\/\/setra.mk\/?s={search_term_string}"},"query-input":{"@type":"PropertyValueSpecification","valueRequired":true,"valueName":"search_term_string"}}],"inLanguage":"en-US"},{"@type":"Organization","@id":"https:\/\/setra.mk\/#organization","name":"\u0421\u0435\u0442\u0440\u0430 \u0414\u041e\u041e\u0415\u041b \u0421\u043a\u043e\u043f\u0458\u0435","url":"https:\/\/setra.mk\/","logo":{"@type":"ImageObject","inLanguage":"en-US","@id":"https:\/\/setra.mk\/#\/schema\/logo\/image\/","url":"https:\/\/setra.mk\/wp-content\/uploads\/2018\/05\/Setra-Logo-01.png","contentUrl":"https:\/\/setra.mk\/wp-content\/uploads\/2018\/05\/Setra-Logo-01.png","width":2145,"height":819,"caption":"\u0421\u0435\u0442\u0440\u0430 \u0414\u041e\u041e\u0415\u041b \u0421\u043a\u043e\u043f\u0458\u0435"},"image":{"@id":"https:\/\/setra.mk\/#\/schema\/logo\/image\/"},"sameAs":["https:\/\/www.facebook.com\/itmarketsetra\/"]}]}},"_links":{"self":[{"href":"https:\/\/setra.mk\/en\/wp-json\/wp\/v2\/product\/7660","targetHints":{"allow":["GET"]}}],"collection":[{"href":"https:\/\/setra.mk\/en\/wp-json\/wp\/v2\/product"}],"about":[{"href":"https:\/\/setra.mk\/en\/wp-json\/wp\/v2\/types\/product"}],"wp:featuredmedia":[{"embeddable":true,"href":"https:\/\/setra.mk\/en\/wp-json\/wp\/v2\/media\/7661"}],"wp:attachment":[{"href":"https:\/\/setra.mk\/en\/wp-json\/wp\/v2\/media?parent=7660"}],"wp:term":[{"taxonomy":"product_brand","embeddable":true,"href":"https:\/\/setra.mk\/en\/wp-json\/wp\/v2\/product_brand?post=7660"},{"taxonomy":"product_cat","embeddable":true,"href":"https:\/\/setra.mk\/en\/wp-json\/wp\/v2\/product_cat?post=7660"},{"taxonomy":"product_tag","embeddable":true,"href":"https:\/\/setra.mk\/en\/wp-json\/wp\/v2\/product_tag?post=7660"}],"curies":[{"name":"wp","href":"https:\/\/api.w.org\/{rel}","templated":true}]}}